{"id":19884,"date":"2025-12-02T11:00:39","date_gmt":"2025-12-02T10:00:39","guid":{"rendered":"https:\/\/www.staging.lichtgitter.com\/imprint\/"},"modified":"2026-02-04T12:54:40","modified_gmt":"2026-02-04T11:54:40","slug":"imprint","status":"publish","type":"page","link":"https:\/\/www2.lichtgitter.com\/en\/imprint\/","title":{"rendered":"Imprint"},"content":{"rendered":"\t\t<div data-elementor-type=\"wp-page\" data-elementor-id=\"19884\" class=\"elementor elementor-19884 elementor-10661\" data-elementor-post-type=\"page\">\n\t\t\t\t<div class=\"elementor-element elementor-element-a15e077 pad-lr-l e-flex e-con-boxed e-con e-parent\" data-id=\"a15e077\" data-element_type=\"container\" data-e-type=\"container\" data-settings=\"{&quot;jet_parallax_layout_list&quot;:[]}\">\n\t\t\t\t\t<div class=\"e-con-inner\">\n\t\t\t\t<div data-dce-text-color=\"#FF0028\" class=\"elementor-element elementor-element-8c8f992 elementor-invisible elementor-widget elementor-widget-breadcrumbs\" data-id=\"8c8f992\" data-element_type=\"widget\" data-e-type=\"widget\" data-settings=\"{&quot;_animation&quot;:&quot;fadeInUp&quot;}\" data-widget_type=\"breadcrumbs.default\">\n\t\t\t\t<div class=\"elementor-widget-container\">\n\t\t\t\t\t<p id=\"breadcrumbs\"><span><span><a href=\"https:\/\/www2.lichtgitter.com\/en\/\">Home<\/a><\/span><\/span><\/p>\t\t\t\t<\/div>\n\t\t\t\t<\/div>\n\t\t\t\t\t<\/div>\n\t\t\t\t<\/div>\n\t\t<div class=\"elementor-element elementor-element-72e7771 pad-l e-flex e-con-boxed e-con e-parent\" data-id=\"72e7771\" data-element_type=\"container\" data-e-type=\"container\" data-settings=\"{&quot;jet_parallax_layout_list&quot;:[],&quot;background_background&quot;:&quot;classic&quot;}\">\n\t\t\t\t\t<div class=\"e-con-inner\">\n\t\t\t\t<div class=\"elementor-element elementor-element-ede0c9d elementor-widget__width-inherit elementor-widget elementor-widget-heading\" data-id=\"ede0c9d\" data-element_type=\"widget\" data-e-type=\"widget\" data-widget_type=\"heading.default\">\n\t\t\t\t<div class=\"elementor-widget-container\">\n\t\t\t\t\t<h1 class=\"elementor-heading-title elementor-size-default\">Imprint<\/h1>\t\t\t\t<\/div>\n\t\t\t\t<\/div>\n\t\t\t\t<div class=\"elementor-element elementor-element-1084d91 elementor-widget__width-inherit elementor-widget elementor-widget-text-editor\" data-id=\"1084d91\" data-element_type=\"widget\" data-e-type=\"widget\" data-widget_type=\"text-editor.default\">\n\t\t\t\t<div class=\"elementor-widget-container\">\n\t\t\t\t\t\t\t\t\t<p><b>Operator of this website:<\/b><\/p><p>Lichtgitter GmbH<br>Siemensstra\u00dfe 1<br>DE-48703 Stadtlohn<\/p><p>Authorized to represent the company together with a managing director or authorized signatory:<\/p><p><b>Managing Director<br><\/b>Dr. Holger Artelt &#8211; Siemensstra\u00dfe 1, 48703 Stadtlohn<br>Heiko Abendroth &#8211; Siemensstra\u00dfe 1, 48703 Stadtlohn<br>Ass. jur. Hermann Stengel &#8211; Siemensstra\u00dfe 1, 48703 Stadtlohn <\/p><p><b>Authorized signatories<\/b><br>Wilhelm Bernd Gietmann &#8211; Siemensstra\u00dfe 1, 48703 Stadtlohn<br>Werner Grotholt &#8211; Siemensstra\u00dfe 1, 48703 Stadtlohn<br>Kai Alexander Hullerum &#8211; Siemensstra\u00dfe 1, 48703 Stadtlohn<br>Thomas Kipp &#8211; Siemensstra\u00dfe 1, 48703 Stadtlohn<br>Marcel Stender &#8211; Siemensstra\u00dfe 1, 48703 Stadtlohn<\/p><p>Phone:<a href=\"http:\/\/tel:004925639110\"> +49 2563 911-0<\/a><br>Fax: +49 2563 911-187<br>Email: <a href=\"mailto:info@lichtgitter.com\">info@lichtgitter.com<\/a><\/p><p>Register entry: Coesfeld Local Court, HRB 4266<\/p><p>Sales tax ID: DE123767855<\/p><hr><p><b> <\/b><b>Lichtgitter GRP GmbH &amp; Co. KG<\/b><\/p><p>Siemensstra\u00dfe 6<br>DE-48703 Stadtlohn<\/p><p><b>Personally liable partner:<br><\/b>Lichtgitter GRP Verwaltungs GmbH (Coesfeld Local Court \/ HRB 11009)<\/p><p><b>Managing Director<\/b><br>Ass. jur. Hermann Stengel &#8211; Siemensstra\u00dfe 1, 48703 Stadtlohn<br>Markus Daldrup &#8211; Siemensstra\u00dfe 1, 48703 Stadtlohn <\/p><p>Phone: <a href=\"http:\/\/tel:004925639110\">+49 2563 911-0<\/a><br>Fax: +49 2563 911-222<br>Email: <a href=\"mailto:gfk@lichtgitter.com\">gfk@lichtgitter.com<\/a><\/p><p>Register entry: Coesfeld Local Court, HRA 6045<\/p><p>Sales tax ID: DE814923258<\/p><hr><p><b>Lichtgitter Blechprofilroste GmbH &amp; Co KG<br><\/b>Neckarwiesen 20<br>DE-72172 Sulz am Neckar<\/p><p><b>Personally liable partner:<br><\/b>Lichtgitter Blechprofilroste Verwaltungs GmbH (Coesfeld Local Court \/ HRB 15108)<\/p><p><b>Managing Director<\/b><br>Ass. jur. Hermann Stengel &#8211; Siemensstra\u00dfe 1, 48703 Stadtlohn<br>Dipl. Ing. Bernd D. Euschen &#8211; Neckarwiesen 20, 72172 Sulz am Neckar   <\/p><p>Phone: <a href=\"http:\/\/tel:0049745495820\" target=\"_blank\" rel=\"noopener\">+49 7454 9582-0<\/a><br>Fax: +49 7454 9582-49<br>Email: <a href=\"mailto:sulz@lichtgitter.com\">sulz@lichtgitter.com<\/a><\/p><p>Register entry: Stuttgart Local Court, HRA 729910<\/p><p>Sales tax ID: DE815504736<\/p><hr><p><b>Lichtgitter Treppen GmbH &amp; Co. KG<br><\/b>Industrie- und Gewerbegebiet 89<br>DE-16278 Pinnow<\/p><p><b>Personally liable partner:<br><\/b>Lichtgitter Beteiligungs GmbH (Coesfeld Local Court, HRB 14118)<\/p><p><b>Managing Director<\/b><br>Ass. jur. Hermann Stengel &#8211; Siemensstra\u00dfe 1, 48703 Stadtlohn<br>Jan Ewigmann &#8211; Sch\u00f6nower Str. 6, 16306 Blumberg Casekow <\/p><p>Phone: <a href=\"http:\/\/tel:00493333530170\">+49 33335-3017-0<\/a><br>Email: <a href=\"mailto:%20pinnow@lichtgitter.com\">pinnow@lichtgitter.com<\/a><\/p><p>Register entry: Neuruppin Local Court, HRA 2649<\/p><p>Sales tax ID: DE285954012<\/p><hr><p>The operator, Lichtgitter GmbH, is responsible for the content of this website.<\/p><p><b>Image rights<\/b>:<\/p><p>Lichtgitter GmbH<\/p><p>\u00a9 Dirk Heine \/ heinewarnecke.com<\/p><p>\u00a9 welf-online.de<\/p><p>\u00a9 Roland Halbe \/ Instagram: @rolandhalbe<\/p><p>\u00a9 iStock<\/p><p><strong>Technical realization<\/strong><br>Heskamp Medien GmbH<br>Marie-Curie-Stra\u00dfe 20<br>48712 Gescher<br><a href=\"https:\/\/heskamp-medien.de\" target=\"_blank\" rel=\"noopener\">heskamp-medien.de<\/a><\/p><p><b>DISCLAIMER (DISCLAIMER)<br>Liability for content<br><\/b>As a service provider, we are responsible for our own content on these pages in accordance with the general laws pursuant to Section 7 (1) DDG. According to \u00a7\u00a7 8 to 10 DDG, however, we as a service provider are not obliged to monitor transmitted or stored third-party information or to investigate circumstances that indicate illegal activity. Obligations to remove or block the use of information in accordance with general legislation remain unaffected by this. However, liability in this respect is only possible from the time of knowledge of a specific infringement. As soon as we become aware of such infringements, we will remove this content immediately.     <\/p><p><b>Liability for links<br><\/b>Our offer contains links to external websites of third parties over whose content we have no influence. Therefore, we cannot accept any liability for this third-party content. The respective provider or operator of the pages is always responsible for the content of the linked pages. The linked pages were checked for possible legal violations at the time of linking. Illegal content was not recognizable at the time of linking. However, permanent monitoring of the content of the linked pages is not reasonable without concrete evidence of an infringement. If we become aware of any legal infringements, we will remove such links immediately.      <\/p><p><b>Copyright<\/b><br>The content and works created by the site operators on these pages are subject to German copyright law. Duplication, processing, distribution and any form of commercialization of such material beyond the scope of the copyright law shall require the prior written consent of its respective author or creator. Downloads and copies of this site are only permitted for private, non-commercial use. Insofar as the content on this site was not created by the operator, the copyrights of third parties are respected. In particular, third-party content is identified as such. Should you nevertheless become aware of a copyright infringement, please inform us accordingly. If we become aware of any infringements, we will remove such content immediately.      <\/p>\t\t\t\t\t\t\t\t<\/div>\n\t\t\t\t<\/div>\n\t\t\t\t\t<\/div>\n\t\t\t\t<\/div>\n\t\t\t\t<\/div>\n\t\t","protected":false},"excerpt":{"rendered":"<p>Operator of this website: Lichtgitter GmbHSiemensstra\u00dfe 1DE-48703 Stadtlohn Authorized to represent the company together with a managing director or authorized signatory: Managing DirectorDr. Holger Artelt &#8211; Siemensstra\u00dfe 1, 48703 StadtlohnHeiko Abendroth &#8211; Siemensstra\u00dfe 1, 48703 StadtlohnAss. jur. Hermann Stengel &#8211; Siemensstra\u00dfe 1, 48703 Stadtlohn Authorized signatoriesWilhelm Bernd Gietmann &#8211; Siemensstra\u00dfe 1, 48703 StadtlohnWerner Grotholt &#8211; [&hellip;]<\/p>\n","protected":false},"author":1,"featured_media":0,"parent":0,"menu_order":0,"comment_status":"closed","ping_status":"closed","template":"","meta":{"_acf_changed":false,"footnotes":""},"class_list":["post-19884","page","type-page","status-publish","hentry"],"acf":[],"yoast_head":"<!-- This site is optimized with the Yoast SEO plugin v27.2 - https:\/\/yoast.com\/product\/yoast-seo-wordpress\/ -->\n<title>Lichtgitter Group - Imprint<\/title>\n<meta name=\"description\" content=\"Manufacturer and supplier of gratings, perforated metal planks, GRP-Products and spiral staircases - Quality products since 1929 - Lichtgitter das Original\" \/>\n<meta name=\"robots\" content=\"noindex, follow, max-snippet:-1, max-image-preview:large, max-video-preview:-1\" \/>\n<meta property=\"og:locale\" content=\"en_US\" \/>\n<meta property=\"og:type\" content=\"article\" \/>\n<meta property=\"og:title\" content=\"Lichtgitter Group - Imprint\" \/>\n<meta property=\"og:description\" content=\"Manufacturer and supplier of gratings, perforated metal planks, GRP-Products and spiral staircases - Quality products since 1929 - Lichtgitter das Original\" \/>\n<meta property=\"og:url\" content=\"https:\/\/www2.lichtgitter.com\/en\/imprint\/\" \/>\n<meta property=\"og:site_name\" content=\"Lichtgitter Gruppe\" \/>\n<meta property=\"article:modified_time\" content=\"2026-02-04T11:54:40+00:00\" \/>\n<meta name=\"twitter:card\" content=\"summary_large_image\" \/>\n<meta name=\"twitter:label1\" content=\"Est. reading time\" \/>\n\t<meta name=\"twitter:data1\" content=\"3 minutes\" \/>\n<script type=\"application\/ld+json\" class=\"yoast-schema-graph\">{\"@context\":\"https:\/\/schema.org\",\"@graph\":[{\"@type\":\"WebPage\",\"@id\":\"https:\/\/www2.lichtgitter.com\/en\/imprint\/\",\"url\":\"https:\/\/www2.lichtgitter.com\/en\/imprint\/\",\"name\":\"Lichtgitter Group - Imprint\",\"isPartOf\":{\"@id\":\"https:\/\/www2.lichtgitter.com\/en\/#website\"},\"datePublished\":\"2025-12-02T10:00:39+00:00\",\"dateModified\":\"2026-02-04T11:54:40+00:00\",\"description\":\"Manufacturer and supplier of gratings, perforated metal planks, GRP-Products and spiral staircases - Quality products since 1929 - Lichtgitter das Original\",\"breadcrumb\":{\"@id\":\"https:\/\/www2.lichtgitter.com\/en\/imprint\/#breadcrumb\"},\"inLanguage\":\"en-US\",\"potentialAction\":[{\"@type\":\"ReadAction\",\"target\":[\"https:\/\/www2.lichtgitter.com\/en\/imprint\/\"]}]},{\"@type\":\"BreadcrumbList\",\"@id\":\"https:\/\/www2.lichtgitter.com\/en\/imprint\/#breadcrumb\",\"itemListElement\":[{\"@type\":\"ListItem\",\"position\":1,\"name\":\"Home\",\"item\":\"https:\/\/www2.lichtgitter.com\/en\/\"},{\"@type\":\"ListItem\",\"position\":2,\"name\":\"Imprint\"}]},{\"@type\":\"WebSite\",\"@id\":\"https:\/\/www2.lichtgitter.com\/en\/#website\",\"url\":\"https:\/\/www2.lichtgitter.com\/en\/\",\"name\":\"Lichtgitter Gruppe\",\"description\":\"Alles rund um Gitterroste bei lichtgitter.com\",\"publisher\":{\"@id\":\"https:\/\/www2.lichtgitter.com\/en\/#organization\"},\"potentialAction\":[{\"@type\":\"SearchAction\",\"target\":{\"@type\":\"EntryPoint\",\"urlTemplate\":\"https:\/\/www2.lichtgitter.com\/en\/?s={search_term_string}\"},\"query-input\":{\"@type\":\"PropertyValueSpecification\",\"valueRequired\":true,\"valueName\":\"search_term_string\"}}],\"inLanguage\":\"en-US\"},{\"@type\":\"Organization\",\"@id\":\"https:\/\/www2.lichtgitter.com\/en\/#organization\",\"name\":\"Lichtgitter Gruppe\",\"url\":\"https:\/\/www2.lichtgitter.com\/en\/\",\"logo\":{\"@type\":\"ImageObject\",\"inLanguage\":\"en-US\",\"@id\":\"https:\/\/www2.lichtgitter.com\/en\/#\/schema\/logo\/image\/\",\"url\":\"https:\/\/www2.lichtgitter.com\/wp-content\/uploads\/2024\/02\/logo-rgb.png\",\"contentUrl\":\"https:\/\/www2.lichtgitter.com\/wp-content\/uploads\/2024\/02\/logo-rgb.png\",\"width\":1920,\"height\":297,\"caption\":\"Lichtgitter Gruppe\"},\"image\":{\"@id\":\"https:\/\/www2.lichtgitter.com\/en\/#\/schema\/logo\/image\/\"}}]}<\/script>\n<!-- \/ Yoast SEO plugin. -->","yoast_head_json":{"title":"Lichtgitter Group - Imprint","description":"Manufacturer and supplier of gratings, perforated metal planks, GRP-Products and spiral staircases - Quality products since 1929 - Lichtgitter das Original","robots":{"index":"noindex","follow":"follow","max-snippet":"max-snippet:-1","max-image-preview":"max-image-preview:large","max-video-preview":"max-video-preview:-1"},"og_locale":"en_US","og_type":"article","og_title":"Lichtgitter Group - Imprint","og_description":"Manufacturer and supplier of gratings, perforated metal planks, GRP-Products and spiral staircases - Quality products since 1929 - Lichtgitter das Original","og_url":"https:\/\/www2.lichtgitter.com\/en\/imprint\/","og_site_name":"Lichtgitter Gruppe","article_modified_time":"2026-02-04T11:54:40+00:00","twitter_card":"summary_large_image","twitter_misc":{"Est. reading time":"3 minutes"},"schema":{"@context":"https:\/\/schema.org","@graph":[{"@type":"WebPage","@id":"https:\/\/www2.lichtgitter.com\/en\/imprint\/","url":"https:\/\/www2.lichtgitter.com\/en\/imprint\/","name":"Lichtgitter Group - Imprint","isPartOf":{"@id":"https:\/\/www2.lichtgitter.com\/en\/#website"},"datePublished":"2025-12-02T10:00:39+00:00","dateModified":"2026-02-04T11:54:40+00:00","description":"Manufacturer and supplier of gratings, perforated metal planks, GRP-Products and spiral staircases - Quality products since 1929 - Lichtgitter das Original","breadcrumb":{"@id":"https:\/\/www2.lichtgitter.com\/en\/imprint\/#breadcrumb"},"inLanguage":"en-US","potentialAction":[{"@type":"ReadAction","target":["https:\/\/www2.lichtgitter.com\/en\/imprint\/"]}]},{"@type":"BreadcrumbList","@id":"https:\/\/www2.lichtgitter.com\/en\/imprint\/#breadcrumb","itemListElement":[{"@type":"ListItem","position":1,"name":"Home","item":"https:\/\/www2.lichtgitter.com\/en\/"},{"@type":"ListItem","position":2,"name":"Imprint"}]},{"@type":"WebSite","@id":"https:\/\/www2.lichtgitter.com\/en\/#website","url":"https:\/\/www2.lichtgitter.com\/en\/","name":"Lichtgitter Gruppe","description":"Alles rund um Gitterroste bei lichtgitter.com","publisher":{"@id":"https:\/\/www2.lichtgitter.com\/en\/#organization"},"potentialAction":[{"@type":"SearchAction","target":{"@type":"EntryPoint","urlTemplate":"https:\/\/www2.lichtgitter.com\/en\/?s={search_term_string}"},"query-input":{"@type":"PropertyValueSpecification","valueRequired":true,"valueName":"search_term_string"}}],"inLanguage":"en-US"},{"@type":"Organization","@id":"https:\/\/www2.lichtgitter.com\/en\/#organization","name":"Lichtgitter Gruppe","url":"https:\/\/www2.lichtgitter.com\/en\/","logo":{"@type":"ImageObject","inLanguage":"en-US","@id":"https:\/\/www2.lichtgitter.com\/en\/#\/schema\/logo\/image\/","url":"https:\/\/www2.lichtgitter.com\/wp-content\/uploads\/2024\/02\/logo-rgb.png","contentUrl":"https:\/\/www2.lichtgitter.com\/wp-content\/uploads\/2024\/02\/logo-rgb.png","width":1920,"height":297,"caption":"Lichtgitter Gruppe"},"image":{"@id":"https:\/\/www2.lichtgitter.com\/en\/#\/schema\/logo\/image\/"}}]}},"_links":{"self":[{"href":"https:\/\/www2.lichtgitter.com\/en\/wp-json\/wp\/v2\/pages\/19884","targetHints":{"allow":["GET"]}}],"collection":[{"href":"https:\/\/www2.lichtgitter.com\/en\/wp-json\/wp\/v2\/pages"}],"about":[{"href":"https:\/\/www2.lichtgitter.com\/en\/wp-json\/wp\/v2\/types\/page"}],"author":[{"embeddable":true,"href":"https:\/\/www2.lichtgitter.com\/en\/wp-json\/wp\/v2\/users\/1"}],"replies":[{"embeddable":true,"href":"https:\/\/www2.lichtgitter.com\/en\/wp-json\/wp\/v2\/comments?post=19884"}],"version-history":[{"count":2,"href":"https:\/\/www2.lichtgitter.com\/en\/wp-json\/wp\/v2\/pages\/19884\/revisions"}],"predecessor-version":[{"id":30876,"href":"https:\/\/www2.lichtgitter.com\/en\/wp-json\/wp\/v2\/pages\/19884\/revisions\/30876"}],"wp:attachment":[{"href":"https:\/\/www2.lichtgitter.com\/en\/wp-json\/wp\/v2\/media?parent=19884"}],"curies":[{"name":"wp","href":"https:\/\/api.w.org\/{rel}","templated":true}]}}