{"id":20379,"date":"2025-12-08T14:23:27","date_gmt":"2025-12-08T13:23:27","guid":{"rendered":"https:\/\/www.staging.lichtgitter.com\/rejillas-metalicas-pisos-galvanizados-para-la-eternidad\/"},"modified":"2026-02-17T15:25:34","modified_gmt":"2026-02-17T14:25:34","slug":"rejillas-metalicas-pisos-galvanizados-para-la-eternidad","status":"publish","type":"page","link":"https:\/\/www2.lichtgitter.com\/es\/rejillas-metalicas-pisos-galvanizados-para-la-eternidad\/","title":{"rendered":"Rejillas met\u00e1licas: pisos galvanizados para la eternidad"},"content":{"rendered":"\t\t<div data-elementor-type=\"wp-page\" data-elementor-id=\"20379\" class=\"elementor elementor-20379 elementor-11107\" data-elementor-post-type=\"page\">\n\t\t\t\t<div class=\"elementor-element elementor-element-bc11f00 pad-lr-l e-flex e-con-boxed e-con e-parent\" data-id=\"bc11f00\" data-element_type=\"container\" data-e-type=\"container\" data-settings=\"{&quot;jet_parallax_layout_list&quot;:[]}\">\n\t\t\t\t\t<div class=\"e-con-inner\">\n\t\t\t\t<div data-dce-text-color=\"#FF0028\" class=\"elementor-element elementor-element-2f101ac elementor-invisible elementor-widget elementor-widget-breadcrumbs\" data-id=\"2f101ac\" data-element_type=\"widget\" data-e-type=\"widget\" data-settings=\"{&quot;_animation&quot;:&quot;fadeInUp&quot;}\" data-widget_type=\"breadcrumbs.default\">\n\t\t\t\t<div class=\"elementor-widget-container\">\n\t\t\t\t\t<p id=\"breadcrumbs\"><span><span><a href=\"https:\/\/www2.lichtgitter.com\/es\/pagina-de-inicio\/\">Home<\/a><\/span><\/span><\/p>\t\t\t\t<\/div>\n\t\t\t\t<\/div>\n\t\t\t\t\t<\/div>\n\t\t\t\t<\/div>\n\t\t<div class=\"elementor-element elementor-element-43276cb pad-l e-flex e-con-boxed e-con e-parent\" data-id=\"43276cb\" data-element_type=\"container\" data-e-type=\"container\" data-settings=\"{&quot;jet_parallax_layout_list&quot;:[]}\">\n\t\t\t\t\t<div class=\"e-con-inner\">\n\t\t\t\t<div class=\"elementor-element elementor-element-26f7003 elementor-widget__width-inherit elementor-invisible elementor-widget elementor-widget-heading\" data-id=\"26f7003\" data-element_type=\"widget\" data-e-type=\"widget\" data-settings=\"{&quot;_animation&quot;:&quot;fadeInUp&quot;}\" data-widget_type=\"heading.default\">\n\t\t\t\t<div class=\"elementor-widget-container\">\n\t\t\t\t\t<h1 class=\"elementor-heading-title elementor-size-default\">Rejillas met\u00e1licas: pisos galvanizados para la eternidad<\/h1>\t\t\t\t<\/div>\n\t\t\t\t<\/div>\n\t\t\t\t<div class=\"elementor-element elementor-element-83905f1 elementor-widget__width-inherit elementor-invisible elementor-widget elementor-widget-text-editor\" data-id=\"83905f1\" data-element_type=\"widget\" data-e-type=\"widget\" data-settings=\"{&quot;_animation&quot;:&quot;fadeInUp&quot;}\" data-widget_type=\"text-editor.default\">\n\t\t\t\t<div class=\"elementor-widget-container\">\n\t\t\t\t\t\t\t\t\tEs una verdadera lucha con algunos componentes. Muchas cosas que parecen atractivas apenas convencen en cuanto a robustez y durabilidad. Esto es especialmente notorio para las personas que dan mucha importancia a la apariencia. Afortunadamente, sin embargo, hay por supuesto elementos que cumplen tanto los requisitos visuales como los aspectos funcionales. Aunque no lo sospeches de inmediato, las Rejillas met\u00e1licas galvanizadas pertenecen a este grupo. Y es que una Rejillas met\u00e1licas galvanizadas en caliente pueden hacer mucho m\u00e1s que impresionar en t\u00e9rminos de funcionalidad.     \n\n\t\t\t\t\t\t\t\t<\/div>\n\t\t\t\t<\/div>\n\t\t\t\t\t<\/div>\n\t\t\t\t<\/div>\n\t\t<div class=\"elementor-element elementor-element-b49e670 pad-l e-flex e-con-boxed e-con e-parent\" data-id=\"b49e670\" data-element_type=\"container\" data-e-type=\"container\" data-settings=\"{&quot;background_background&quot;:&quot;classic&quot;,&quot;jet_parallax_layout_list&quot;:[]}\">\n\t\t\t\t\t<div class=\"e-con-inner\">\n\t\t<div class=\"elementor-element elementor-element-ed32981 e-con-full e-flex elementor-invisible e-con e-child\" data-id=\"ed32981\" data-element_type=\"container\" data-e-type=\"container\" data-settings=\"{&quot;animation&quot;:&quot;fadeInUp&quot;,&quot;jet_parallax_layout_list&quot;:[]}\">\n\t\t\t\t<div class=\"elementor-element elementor-element-2aab708 elementor-widget__width-inherit elementor-widget elementor-widget-heading\" data-id=\"2aab708\" data-element_type=\"widget\" data-e-type=\"widget\" data-widget_type=\"heading.default\">\n\t\t\t\t<div class=\"elementor-widget-container\">\n\t\t\t\t\t<h2 class=\"elementor-heading-title elementor-size-default\">Rejillas met\u00e1licas galvanizadas, funcionales y visualmente atractivas\n<\/h2>\t\t\t\t<\/div>\n\t\t\t\t<\/div>\n\t\t\t\t<div class=\"elementor-element elementor-element-78cc41c elementor-widget__width-inherit elementor-widget elementor-widget-text-editor\" data-id=\"78cc41c\" data-element_type=\"widget\" data-e-type=\"widget\" data-widget_type=\"text-editor.default\">\n\t\t\t\t<div class=\"elementor-widget-container\">\n\t\t\t\t\t\t\t\t\t<p>No hace tanto tiempo que las Rejillas met\u00e1licas galvanizadas se utilizaban exclusivamente por razones funcionales. Las Rejillas met\u00e1licas galvanizadas se utilizaban principalmente en la industria o en la construcci\u00f3n de centrales el\u00e9ctricas como plataformas de trabajo y pasarelas. En la mayor\u00eda de los casos, la apariencia desempe\u00f1aba un papel escaso o nulo.  <\/p><p>Pero los tiempos han cambiado y ahora los aspectos visuales desempe\u00f1an un papel que no hay que subestimar, incluso en \u00e1mbitos en los que inicialmente no se cre\u00eda posible. Esta evoluci\u00f3n no significa que las Rejillas met\u00e1licas galvanizadas hayan desaparecido del mercado. No, de hecho ocurre exactamente lo contrario. Las Rejillas met\u00e1licas galvanizadas en caliente no s\u00f3lo se utilizan por su funcionalidad, sino tambi\u00e9n cada vez m\u00e1s en \u00e1mbitos en los que priman la est\u00e9tica y el dise\u00f1o.   <\/p><p>Las Rejillas met\u00e1licas galvanizadas cumplen importantes tareas de dise\u00f1o y funcionalidad en la arquitectura moderna. Hoy en d\u00eda, las Rejillas met\u00e1licas galvanizadas pueden utilizarse como recubrimiento de fachada, relleno de barandilla, rejillas de \u00abfalso techo\u00bb o elementos de dise\u00f1o, por ejemplo. <\/p>\t\t\t\t\t\t\t\t<\/div>\n\t\t\t\t<\/div>\n\t\t\t\t<\/div>\n\t\t\t\t\t<\/div>\n\t\t\t\t<\/div>\n\t\t<div class=\"elementor-element elementor-element-23941be pad-l e-flex e-con-boxed e-con e-parent\" data-id=\"23941be\" data-element_type=\"container\" data-e-type=\"container\" data-settings=\"{&quot;jet_parallax_layout_list&quot;:[]}\">\n\t\t\t\t\t<div class=\"e-con-inner\">\n\t\t<div class=\"elementor-element elementor-element-87976dc e-con-full e-flex elementor-invisible e-con e-child\" data-id=\"87976dc\" data-element_type=\"container\" data-e-type=\"container\" data-settings=\"{&quot;animation&quot;:&quot;fadeInUp&quot;,&quot;jet_parallax_layout_list&quot;:[]}\">\n\t\t\t\t<div class=\"elementor-element elementor-element-d16f70e elementor-widget__width-inherit elementor-widget elementor-widget-heading\" data-id=\"d16f70e\" data-element_type=\"widget\" data-e-type=\"widget\" data-widget_type=\"heading.default\">\n\t\t\t\t<div class=\"elementor-widget-container\">\n\t\t\t\t\t<h2 class=\"elementor-heading-title elementor-size-default\">Las Rejillas met\u00e1licas galvanizadas tienen una excelente protecci\u00f3n anticorrosiva\n<\/h2>\t\t\t\t<\/div>\n\t\t\t\t<\/div>\n\t\t\t\t<div class=\"elementor-element elementor-element-9423eb1 elementor-widget elementor-widget-text-editor\" data-id=\"9423eb1\" data-element_type=\"widget\" data-e-type=\"widget\" data-widget_type=\"text-editor.default\">\n\t\t\t\t<div class=\"elementor-widget-container\">\n\t\t\t\t\t\t\t\t\t<p>Llegados a este punto, te estar\u00e1s preguntando por qu\u00e9 elegir Rejillas met\u00e1licas galvanizadas. Bueno, la respuesta es b\u00e1sicamente obvia, porque el galvanizado en caliente es lo que confiere a las Rejillas met\u00e1licas su robustez y durabilidad. A lo largo de los a\u00f1os, el galvanizado en caliente ha demostrado su eficacia como protecci\u00f3n anticorrosiva. \u00c9sta es tambi\u00e9n la raz\u00f3n por la que 3 plantas de galvanizado pertenecen ahora al Grupo Lichtgitter, que se encuentran entre las plantas de galvanizado m\u00e1s modernas de Europa.   <\/p><p>Antes de proceder al galvanizado en caliente propiamente dicho, las Rejillas met\u00e1licas que se van a galvanizar deben recibir el tratamiento previo correspondiente. A continuaci\u00f3n, la rejilla se sumerge en zinc fundido. De este modo, las Rejillas met\u00e1licas quedan recubiertas de zinc. Este revestimiento no se desprende con las cargas mec\u00e1nicas normales y confiere a las Rejillas galvanizadas en caliente la robustez necesaria.   <\/p>\t\t\t\t\t\t\t\t<\/div>\n\t\t\t\t<\/div>\n\t\t\t\t<\/div>\n\t\t\t\t\t<\/div>\n\t\t\t\t<\/div>\n\t\t<div class=\"elementor-element elementor-element-e44fd9e pad-l e-flex e-con-boxed e-con e-parent\" data-id=\"e44fd9e\" data-element_type=\"container\" data-e-type=\"container\" data-settings=\"{&quot;background_background&quot;:&quot;classic&quot;,&quot;jet_parallax_layout_list&quot;:[]}\">\n\t\t\t\t\t<div class=\"e-con-inner\">\n\t\t<div class=\"elementor-element elementor-element-2fa44f5 e-con-full e-flex elementor-invisible e-con e-child\" data-id=\"2fa44f5\" data-element_type=\"container\" data-e-type=\"container\" data-settings=\"{&quot;animation&quot;:&quot;fadeInUp&quot;,&quot;jet_parallax_layout_list&quot;:[]}\">\n\t\t\t\t<div class=\"elementor-element elementor-element-de9ee82 elementor-widget__width-inherit elementor-widget elementor-widget-heading\" data-id=\"de9ee82\" data-element_type=\"widget\" data-e-type=\"widget\" data-widget_type=\"heading.default\">\n\t\t\t\t<div class=\"elementor-widget-container\">\n\t\t\t\t\t<h2 class=\"elementor-heading-title elementor-size-default\">Rejillas met\u00e1licas galvanizadas y el aspecto medioambiental\n<\/h2>\t\t\t\t<\/div>\n\t\t\t\t<\/div>\n\t\t\t\t<div class=\"elementor-element elementor-element-28d27fb elementor-widget__width-inherit elementor-widget elementor-widget-text-editor\" data-id=\"28d27fb\" data-element_type=\"widget\" data-e-type=\"widget\" data-widget_type=\"text-editor.default\">\n\t\t\t\t<div class=\"elementor-widget-container\">\n\t\t\t\t\t\t\t\t\t<p>Si est\u00e1s pensando en comprar unas Rejillas met\u00e1licas galvanizadas, seguro que te estar\u00e1s preguntando por su calidad y su aspecto en t\u00e9rminos de sostenibilidad. Como cliente nuestro, puedes estar absolutamente seguro de que siempre recibir\u00e1s una alta calidad constante, ya que galvanizamos en caliente conforme a la norma DIN EN ISO 1461. <\/p><p>Sin embargo, para nosotros no s\u00f3lo es importante la alta calidad, tambi\u00e9n tenemos en cuenta el aspecto medioambiental. Nos comprometemos a que el proceso de galvanizaci\u00f3n en caliente sea lo m\u00e1s respetuoso posible con el medio ambiente. <\/p>\n<p>Tambi\u00e9n nos centramos en los aspectos de los residuos y la energ\u00eda. Aqu\u00ed podemos decir que todos los materiales residuales que surgen durante la galvanizaci\u00f3n se reciclan completamente. <\/p>\t\t\t\t\t\t\t\t<\/div>\n\t\t\t\t<\/div>\n\t\t\t\t<\/div>\n\t\t\t\t\t<\/div>\n\t\t\t\t<\/div>\n\t\t\t\t<\/div>\n\t\t","protected":false},"excerpt":{"rendered":"<p>Es una verdadera lucha con algunos componentes. Muchas cosas que parecen atractivas apenas convencen en cuanto a robustez y durabilidad. Esto es especialmente notorio para las personas que dan mucha importancia a la apariencia. Afortunadamente, sin embargo, hay por supuesto elementos que cumplen tanto los requisitos visuales como los aspectos funcionales. Aunque no lo sospeches [&hellip;]<\/p>\n","protected":false},"author":1,"featured_media":0,"parent":0,"menu_order":3,"comment_status":"closed","ping_status":"closed","template":"","meta":{"_acf_changed":false,"footnotes":""},"class_list":["post-20379","page","type-page","status-publish","hentry"],"acf":[],"yoast_head":"<!-- This site is optimized with the Yoast SEO plugin v27.2 - https:\/\/yoast.com\/product\/yoast-seo-wordpress\/ -->\n<title>Rejillas met\u00e1licas: pisos galvanizados para la eternidad - Lichtgitter Gruppe<\/title>\n<meta name=\"robots\" content=\"noindex, follow, max-snippet:-1, max-image-preview:large, max-video-preview:-1\" \/>\n<meta property=\"og:locale\" content=\"es_ES\" \/>\n<meta property=\"og:type\" content=\"article\" \/>\n<meta property=\"og:title\" content=\"Rejillas met\u00e1licas: pisos galvanizados para la eternidad - Lichtgitter Gruppe\" \/>\n<meta property=\"og:description\" content=\"Es una verdadera lucha con algunos componentes. Muchas cosas que parecen atractivas apenas convencen en cuanto a robustez y durabilidad. Esto es especialmente notorio para las personas que dan mucha importancia a la apariencia. Afortunadamente, sin embargo, hay por supuesto elementos que cumplen tanto los requisitos visuales como los aspectos funcionales. Aunque no lo sospeches [&hellip;]\" \/>\n<meta property=\"og:url\" content=\"https:\/\/www2.lichtgitter.com\/es\/rejillas-metalicas-pisos-galvanizados-para-la-eternidad\/\" \/>\n<meta property=\"og:site_name\" content=\"Lichtgitter Gruppe\" \/>\n<meta property=\"article:modified_time\" content=\"2026-02-17T14:25:34+00:00\" \/>\n<meta name=\"twitter:card\" content=\"summary_large_image\" \/>\n<meta name=\"twitter:label1\" content=\"Tiempo de lectura\" \/>\n\t<meta name=\"twitter:data1\" content=\"3 minuto\" \/>\n<script type=\"application\/ld+json\" class=\"yoast-schema-graph\">{\"@context\":\"https:\/\/schema.org\",\"@graph\":[{\"@type\":\"WebPage\",\"@id\":\"https:\/\/www2.lichtgitter.com\/es\/rejillas-metalicas-pisos-galvanizados-para-la-eternidad\/\",\"url\":\"https:\/\/www2.lichtgitter.com\/es\/rejillas-metalicas-pisos-galvanizados-para-la-eternidad\/\",\"name\":\"Rejillas met\u00e1licas: pisos galvanizados para la eternidad - Lichtgitter Gruppe\",\"isPartOf\":{\"@id\":\"https:\/\/www2.lichtgitter.com\/es\/#website\"},\"datePublished\":\"2025-12-08T13:23:27+00:00\",\"dateModified\":\"2026-02-17T14:25:34+00:00\",\"breadcrumb\":{\"@id\":\"https:\/\/www2.lichtgitter.com\/es\/rejillas-metalicas-pisos-galvanizados-para-la-eternidad\/#breadcrumb\"},\"inLanguage\":\"es-ES\",\"potentialAction\":[{\"@type\":\"ReadAction\",\"target\":[\"https:\/\/www2.lichtgitter.com\/es\/rejillas-metalicas-pisos-galvanizados-para-la-eternidad\/\"]}]},{\"@type\":\"BreadcrumbList\",\"@id\":\"https:\/\/www2.lichtgitter.com\/es\/rejillas-metalicas-pisos-galvanizados-para-la-eternidad\/#breadcrumb\",\"itemListElement\":[{\"@type\":\"ListItem\",\"position\":1,\"name\":\"Home\",\"item\":\"https:\/\/www2.lichtgitter.com\/es\/pagina-de-inicio\/\"},{\"@type\":\"ListItem\",\"position\":2,\"name\":\"Rejillas met\u00e1licas: pisos galvanizados para la eternidad\"}]},{\"@type\":\"WebSite\",\"@id\":\"https:\/\/www2.lichtgitter.com\/es\/#website\",\"url\":\"https:\/\/www2.lichtgitter.com\/es\/\",\"name\":\"Lichtgitter Gruppe\",\"description\":\"Alles rund um Gitterroste bei lichtgitter.com\",\"publisher\":{\"@id\":\"https:\/\/www2.lichtgitter.com\/es\/#organization\"},\"potentialAction\":[{\"@type\":\"SearchAction\",\"target\":{\"@type\":\"EntryPoint\",\"urlTemplate\":\"https:\/\/www2.lichtgitter.com\/es\/?s={search_term_string}\"},\"query-input\":{\"@type\":\"PropertyValueSpecification\",\"valueRequired\":true,\"valueName\":\"search_term_string\"}}],\"inLanguage\":\"es-ES\"},{\"@type\":\"Organization\",\"@id\":\"https:\/\/www2.lichtgitter.com\/es\/#organization\",\"name\":\"Grupo Lichtgitter\",\"url\":\"https:\/\/www2.lichtgitter.com\/es\/\",\"logo\":{\"@type\":\"ImageObject\",\"inLanguage\":\"es-ES\",\"@id\":\"https:\/\/www2.lichtgitter.com\/es\/#\/schema\/logo\/image\/\",\"url\":\"https:\/\/www2.lichtgitter.com\/wp-content\/uploads\/2024\/02\/logo-rgb.png\",\"contentUrl\":\"https:\/\/www2.lichtgitter.com\/wp-content\/uploads\/2024\/02\/logo-rgb.png\",\"width\":1920,\"height\":297,\"caption\":\"Grupo Lichtgitter\"},\"image\":{\"@id\":\"https:\/\/www2.lichtgitter.com\/es\/#\/schema\/logo\/image\/\"}}]}<\/script>\n<!-- \/ Yoast SEO plugin. -->","yoast_head_json":{"title":"Rejillas met\u00e1licas: pisos galvanizados para la eternidad - Lichtgitter Gruppe","robots":{"index":"noindex","follow":"follow","max-snippet":"max-snippet:-1","max-image-preview":"max-image-preview:large","max-video-preview":"max-video-preview:-1"},"og_locale":"es_ES","og_type":"article","og_title":"Rejillas met\u00e1licas: pisos galvanizados para la eternidad - Lichtgitter Gruppe","og_description":"Es una verdadera lucha con algunos componentes. Muchas cosas que parecen atractivas apenas convencen en cuanto a robustez y durabilidad. Esto es especialmente notorio para las personas que dan mucha importancia a la apariencia. Afortunadamente, sin embargo, hay por supuesto elementos que cumplen tanto los requisitos visuales como los aspectos funcionales. Aunque no lo sospeches [&hellip;]","og_url":"https:\/\/www2.lichtgitter.com\/es\/rejillas-metalicas-pisos-galvanizados-para-la-eternidad\/","og_site_name":"Lichtgitter Gruppe","article_modified_time":"2026-02-17T14:25:34+00:00","twitter_card":"summary_large_image","twitter_misc":{"Tiempo de lectura":"3 minuto"},"schema":{"@context":"https:\/\/schema.org","@graph":[{"@type":"WebPage","@id":"https:\/\/www2.lichtgitter.com\/es\/rejillas-metalicas-pisos-galvanizados-para-la-eternidad\/","url":"https:\/\/www2.lichtgitter.com\/es\/rejillas-metalicas-pisos-galvanizados-para-la-eternidad\/","name":"Rejillas met\u00e1licas: pisos galvanizados para la eternidad - Lichtgitter Gruppe","isPartOf":{"@id":"https:\/\/www2.lichtgitter.com\/es\/#website"},"datePublished":"2025-12-08T13:23:27+00:00","dateModified":"2026-02-17T14:25:34+00:00","breadcrumb":{"@id":"https:\/\/www2.lichtgitter.com\/es\/rejillas-metalicas-pisos-galvanizados-para-la-eternidad\/#breadcrumb"},"inLanguage":"es-ES","potentialAction":[{"@type":"ReadAction","target":["https:\/\/www2.lichtgitter.com\/es\/rejillas-metalicas-pisos-galvanizados-para-la-eternidad\/"]}]},{"@type":"BreadcrumbList","@id":"https:\/\/www2.lichtgitter.com\/es\/rejillas-metalicas-pisos-galvanizados-para-la-eternidad\/#breadcrumb","itemListElement":[{"@type":"ListItem","position":1,"name":"Home","item":"https:\/\/www2.lichtgitter.com\/es\/pagina-de-inicio\/"},{"@type":"ListItem","position":2,"name":"Rejillas met\u00e1licas: pisos galvanizados para la eternidad"}]},{"@type":"WebSite","@id":"https:\/\/www2.lichtgitter.com\/es\/#website","url":"https:\/\/www2.lichtgitter.com\/es\/","name":"Lichtgitter Gruppe","description":"Alles rund um Gitterroste bei lichtgitter.com","publisher":{"@id":"https:\/\/www2.lichtgitter.com\/es\/#organization"},"potentialAction":[{"@type":"SearchAction","target":{"@type":"EntryPoint","urlTemplate":"https:\/\/www2.lichtgitter.com\/es\/?s={search_term_string}"},"query-input":{"@type":"PropertyValueSpecification","valueRequired":true,"valueName":"search_term_string"}}],"inLanguage":"es-ES"},{"@type":"Organization","@id":"https:\/\/www2.lichtgitter.com\/es\/#organization","name":"Grupo Lichtgitter","url":"https:\/\/www2.lichtgitter.com\/es\/","logo":{"@type":"ImageObject","inLanguage":"es-ES","@id":"https:\/\/www2.lichtgitter.com\/es\/#\/schema\/logo\/image\/","url":"https:\/\/www2.lichtgitter.com\/wp-content\/uploads\/2024\/02\/logo-rgb.png","contentUrl":"https:\/\/www2.lichtgitter.com\/wp-content\/uploads\/2024\/02\/logo-rgb.png","width":1920,"height":297,"caption":"Grupo Lichtgitter"},"image":{"@id":"https:\/\/www2.lichtgitter.com\/es\/#\/schema\/logo\/image\/"}}]}},"_links":{"self":[{"href":"https:\/\/www2.lichtgitter.com\/es\/wp-json\/wp\/v2\/pages\/20379","targetHints":{"allow":["GET"]}}],"collection":[{"href":"https:\/\/www2.lichtgitter.com\/es\/wp-json\/wp\/v2\/pages"}],"about":[{"href":"https:\/\/www2.lichtgitter.com\/es\/wp-json\/wp\/v2\/types\/page"}],"author":[{"embeddable":true,"href":"https:\/\/www2.lichtgitter.com\/es\/wp-json\/wp\/v2\/users\/1"}],"replies":[{"embeddable":true,"href":"https:\/\/www2.lichtgitter.com\/es\/wp-json\/wp\/v2\/comments?post=20379"}],"version-history":[{"count":3,"href":"https:\/\/www2.lichtgitter.com\/es\/wp-json\/wp\/v2\/pages\/20379\/revisions"}],"predecessor-version":[{"id":31608,"href":"https:\/\/www2.lichtgitter.com\/es\/wp-json\/wp\/v2\/pages\/20379\/revisions\/31608"}],"wp:attachment":[{"href":"https:\/\/www2.lichtgitter.com\/es\/wp-json\/wp\/v2\/media?parent=20379"}],"curies":[{"name":"wp","href":"https:\/\/api.w.org\/{rel}","templated":true}]}}