{"id":20401,"date":"2025-12-02T11:00:39","date_gmt":"2025-12-02T10:00:39","guid":{"rendered":"https:\/\/www.staging.lichtgitter.com\/pie-de-imprenta\/"},"modified":"2026-02-04T12:54:46","modified_gmt":"2026-02-04T11:54:46","slug":"pie-de-imprenta","status":"publish","type":"page","link":"https:\/\/www2.lichtgitter.com\/es\/pie-de-imprenta\/","title":{"rendered":"Pie de imprenta"},"content":{"rendered":"\t\t<div data-elementor-type=\"wp-page\" data-elementor-id=\"20401\" class=\"elementor elementor-20401 elementor-10661\" data-elementor-post-type=\"page\">\n\t\t\t\t<div class=\"elementor-element elementor-element-a15e077 pad-lr-l e-flex e-con-boxed e-con e-parent\" data-id=\"a15e077\" data-element_type=\"container\" data-e-type=\"container\" data-settings=\"{&quot;jet_parallax_layout_list&quot;:[]}\">\n\t\t\t\t\t<div class=\"e-con-inner\">\n\t\t\t\t<div data-dce-text-color=\"#FF0028\" class=\"elementor-element elementor-element-8c8f992 elementor-invisible elementor-widget elementor-widget-breadcrumbs\" data-id=\"8c8f992\" data-element_type=\"widget\" data-e-type=\"widget\" data-settings=\"{&quot;_animation&quot;:&quot;fadeInUp&quot;}\" data-widget_type=\"breadcrumbs.default\">\n\t\t\t\t<div class=\"elementor-widget-container\">\n\t\t\t\t\t<p id=\"breadcrumbs\"><span><span><a href=\"https:\/\/www2.lichtgitter.com\/es\/pagina-de-inicio\/\">Home<\/a><\/span><\/span><\/p>\t\t\t\t<\/div>\n\t\t\t\t<\/div>\n\t\t\t\t\t<\/div>\n\t\t\t\t<\/div>\n\t\t<div class=\"elementor-element elementor-element-72e7771 pad-l e-flex e-con-boxed e-con e-parent\" data-id=\"72e7771\" data-element_type=\"container\" data-e-type=\"container\" data-settings=\"{&quot;jet_parallax_layout_list&quot;:[],&quot;background_background&quot;:&quot;classic&quot;}\">\n\t\t\t\t\t<div class=\"e-con-inner\">\n\t\t\t\t<div class=\"elementor-element elementor-element-ede0c9d elementor-widget__width-inherit elementor-widget elementor-widget-heading\" data-id=\"ede0c9d\" data-element_type=\"widget\" data-e-type=\"widget\" data-widget_type=\"heading.default\">\n\t\t\t\t<div class=\"elementor-widget-container\">\n\t\t\t\t\t<h1 class=\"elementor-heading-title elementor-size-default\">Pie de imprenta<\/h1>\t\t\t\t<\/div>\n\t\t\t\t<\/div>\n\t\t\t\t<div class=\"elementor-element elementor-element-1084d91 elementor-widget__width-inherit elementor-widget elementor-widget-text-editor\" data-id=\"1084d91\" data-element_type=\"widget\" data-e-type=\"widget\" data-widget_type=\"text-editor.default\">\n\t\t\t\t<div class=\"elementor-widget-container\">\n\t\t\t\t\t\t\t\t\t<p><b>Operador de este sitio web:<\/b><\/p><p>Lichtgitter GmbH<br>Siemensstra\u00dfe 1<br>DE-48703 Stadtlohn<\/p><p>Autorizado para representar a la empresa junto con un director gerente o un signatario autorizado:<\/p><p><b>Director General<br><\/b>Dr. Holger Artelt - Siemensstra\u00dfe 1, 48703 Stadtlohn<br>Heiko Abendroth - Siemensstra\u00dfe 1, 48703 Stadtlohn<br>Ass. jur. Hermann Stengel - Siemensstra\u00dfe 1, 48703 Stadtlohn <\/p><p><b>Firmantes autorizados<\/b><br>Wilhelm Bernd Gietmann - Siemensstra\u00dfe 1, 48703 Stadtlohn<br>Werner Grotholt - Siemensstra\u00dfe 1, 48703 Stadtlohn<br>Kai Alexander Hullerum - Siemensstra\u00dfe 1, 48703 Stadtlohn<br>Thomas Kipp - Siemensstra\u00dfe 1, 48703 Stadtlohn<br>Marcel Stender - Siemensstra\u00dfe 1, 48703 Stadtlohn<\/p><p>Tel\u00e9fono: +49<a href=\"http:\/\/tel:004925639110\"> 2563 911-0<\/a><br>Fax: +49 2563 911-187<br>Correo electr\u00f3nico: <a href=\"mailto:info@lichtgitter.com\">info@lichtgitter.com<\/a><\/p><p>Inscripci\u00f3n en el registro: Juzgado de Primera Instancia de Coesfeld, HRB 4266<\/p><p>N\u00famero de identificaci\u00f3n fiscal: DE123767855<\/p><hr><p><b> <\/b><b>Lichtgitter PRFV GmbH &amp; Co. KG<\/b><\/p><p>Siemensstra\u00dfe 6<br>DE-48703 Stadtlohn<\/p><p><b>Socio personalmente responsable:<br><\/b>Lichtgitter PRFV Verwaltungs GmbH (Juzgado de Primera Instancia de Coesfeld \/ HRB 11009)<\/p><p><b>Director General<\/b><br>Ass. jur. Hermann Stengel - Siemensstra\u00dfe 1, 48703 Stadtlohn<br>Markus Daldrup - Siemensstra\u00dfe 1, 48703 Stadtlohn <\/p><p>Tel\u00e9fono: +49 <a href=\"http:\/\/tel:004925639110\"> 2563 911-0<\/a><br>Fax: +49 2563 911-222<br>Correo electr\u00f3nico: <a href=\"mailto:gfk@lichtgitter.com\">gfk@lichtgitter.com<\/a><\/p><p>Inscripci\u00f3n en el registro: Juzgado Local de Coesfeld, HRA 6045<\/p><p>N\u00famero de identificaci\u00f3n fiscal: DE814923258<\/p><hr><p><b>Lichtgitter Blechprofilroste GmbH &amp; Co KG<br><\/b>Neckarwiesen 20<br>DE-72172 Sulz am Neckar<\/p><p><b>Socio personalmente responsable:<br><\/b>Lichtgitter Blechprofilroste Verwaltungs GmbH (Juzgado de Primera Instancia de Coesfeld \/ HRB 15108)<\/p><p><b>Director Gerente<\/b><br>Ass. jur. Hermann Stengel - Siemensstra\u00dfe 1, 48703 Stadtlohn<br>Dipl. Ing. Bernd D. Euschen - Neckarwiesen 20, 72172 Sulz am Neckar   <\/p><p>Tel\u00e9fono: +49 7454 <a href=\"http:\/\/tel:0049745495820\" target=\"_blank\" rel=\"noopener\"> 9582-0<\/a><br>Fax: +49 7454 9582-49<br>Correo electr\u00f3nico: <a href=\"mailto:sulz@lichtgitter.com\">sulz@lichtgitter.com<\/a><\/p><p>Inscripci\u00f3n en el registro: Juzgado de Primera Instancia de Stuttgart, HRA 729910<\/p><p>N\u00famero de identificaci\u00f3n fiscal: DE815504736<\/p><hr><p><b>Lichtgitter Treppen GmbH &amp; Co KG<br><\/b>Industrie- und Gewerbegebiet 89<br>DE-16278 Pinnow<\/p><p><b>Socio personalmente responsable:<br><\/b>Lichtgitter Beteiligungs GmbH (Juzgado de Primera Instancia de Coesfeld, HRB 14118)<\/p><p><b>Director General<\/b><br>Ass. jur. Hermann Stengel - Siemensstra\u00dfe 1, 48703 Stadtlohn<br>Jan Ewigmann - Sch\u00f6nower Str. 6, 16306 Blumberg Casekow <\/p><p>Tel\u00e9fono: <a href=\"http:\/\/tel:00493333530170\">+49 33335-3017-0<\/a><br>Correo electr\u00f3nico: <a href=\"mailto:%20pinnow@lichtgitter.com\">pinnow@lichtgitter.com<\/a><\/p><p>Inscripci\u00f3n en el registro: Juzgado Local de Neuruppin, HRA 2649<\/p><p>N\u00famero de identificaci\u00f3n fiscal: DE285954012<\/p><hr><p>El operador, Lichtgitter GmbH, es responsable del contenido de este sitio web.<\/p><p><b>Derechos de imagen<\/b>:<\/p><p>\u00a9 Lichtgitter GmbH<\/p><p>\u00a9 Dirk Heine \/ heinewarnecke.com<\/p><p>\u00a9 welf-online.de<\/p><p>\u00a9 Roland Halbe \/ Instagram: @rolandhalbe<\/p><p>\u00a9 iStock<\/p><p><strong>Realizaci\u00f3n t\u00e9cnica<\/strong><br>Heskamp Medien GmbH<br>Marie-Curie-Stra\u00dfe 20<br>48712 Gescher<br><a href=\"https:\/\/heskamp-medien.de\" target=\"_blank\" rel=\"noopener\">heskamp-medien.de<\/a><\/p><p><b>RENUNCIA DE RESPONSABILIDAD (DISCLAIMER)<br>Responsabilidad por el contenido<br><\/b>Como proveedor de servicios, somos responsables de nuestro propio contenido en estas p\u00e1ginas de acuerdo con las leyes generales seg\u00fan la Secci\u00f3n 7 (1) DDG. Sin embargo, seg\u00fan los \u00a7\u00a7 8 a 10 DDG, como proveedor de servicios no estamos obligados a controlar la informaci\u00f3n de terceros transmitida o almacenada, ni a investigar circunstancias que indiquen una actividad ilegal. Esto no afecta a las obligaciones de eliminar o bloquear el uso de informaci\u00f3n de acuerdo con la legislaci\u00f3n general. Sin embargo, la responsabilidad a este respecto s\u00f3lo es posible a partir del momento en que se tiene conocimiento de una infracci\u00f3n concreta. Tan pronto como tengamos conocimiento de tales infracciones, eliminaremos este contenido inmediatamente.     <\/p><p><b>Responsabilidad de los enlaces<br><\/b>Nuestra oferta contiene enlaces a sitios web externos de terceros sobre cuyo contenido no tenemos ninguna influencia. Por lo tanto, no podemos aceptar ninguna responsabilidad por este contenido de terceros. El respectivo proveedor u operador de las p\u00e1ginas es siempre responsable del contenido de las p\u00e1ginas enlazadas. Las p\u00e1ginas enlazadas se comprobaron en el momento de enlazarlas para detectar posibles infracciones legales. No se reconocieron contenidos ilegales en el momento de establecer el enlace. Sin embargo, la supervisi\u00f3n permanente del contenido de las p\u00e1ginas enlazadas no es razonable sin pruebas concretas de una infracci\u00f3n. Si tenemos conocimiento de alguna infracci\u00f3n legal, eliminaremos dichos enlaces inmediatamente.      <\/p><p><b>Copyright<\/b><br>El contenido y las obras creadas por los operadores del sitio en estas p\u00e1ginas est\u00e1n sujetos a la legislaci\u00f3n alemana sobre derechos de autor. La reproducci\u00f3n, edici\u00f3n, distribuci\u00f3n y cualquier tipo de utilizaci\u00f3n fuera de los l\u00edmites de la ley de derechos de autor requieren el consentimiento por escrito del respectivo autor o creador. Las descargas y copias de este sitio s\u00f3lo est\u00e1n permitidas para uso privado y no comercial. En la medida en que el contenido de este sitio no haya sido creado por el operador, se respetan los derechos de autor de terceros. En particular, el contenido de terceros est\u00e1 etiquetado como tal. No obstante, si tuvieras conocimiento de una infracci\u00f3n de los derechos de autor, te rogamos que nos lo comuniques. Si tenemos conocimiento de alguna infracci\u00f3n, eliminaremos dicho contenido inmediatamente.      <\/p>\t\t\t\t\t\t\t\t<\/div>\n\t\t\t\t<\/div>\n\t\t\t\t\t<\/div>\n\t\t\t\t<\/div>\n\t\t\t\t<\/div>\n\t\t","protected":false},"excerpt":{"rendered":"<p>Operador de este sitio web: Lichtgitter GmbHSiemensstra\u00dfe 1DE-48703 Stadtlohn Autorizado para representar a la empresa junto con un director gerente o un signatario autorizado: Director GeneralDr. Holger Artelt - Siemensstra\u00dfe 1, 48703 StadtlohnHeiko Abendroth - Siemensstra\u00dfe 1, 48703 StadtlohnAss. jur. Hermann Stengel - Siemensstra\u00dfe 1, 48703 Stadtlohn Firmantes autorizadosWilhelm Bernd Gietmann - Siemensstra\u00dfe 1, 48703 [&hellip;]<\/p>\n","protected":false},"author":1,"featured_media":0,"parent":0,"menu_order":0,"comment_status":"closed","ping_status":"closed","template":"","meta":{"_acf_changed":false,"footnotes":""},"class_list":["post-20401","page","type-page","status-publish","hentry"],"acf":[],"yoast_head":"<!-- This site is optimized with the Yoast SEO plugin v27.2 - https:\/\/yoast.com\/product\/yoast-seo-wordpress\/ -->\n<title>Grupo Lichtgitter - Pie de imprenta<\/title>\n<meta name=\"description\" content=\"Fabricante y proveedor de Rejillas, Rejillas de chapa perforada, productos en PRFV y escaleras helicoidales - productos de calidad desde 1929 - Lichtgitter das Original\" \/>\n<meta name=\"robots\" content=\"noindex, follow, max-snippet:-1, max-image-preview:large, max-video-preview:-1\" \/>\n<meta property=\"og:locale\" content=\"es_ES\" \/>\n<meta property=\"og:type\" content=\"article\" \/>\n<meta property=\"og:title\" content=\"Grupo Lichtgitter - Pie de imprenta\" \/>\n<meta property=\"og:description\" content=\"Fabricante y proveedor de Rejillas, Rejillas de chapa perforada, productos en PRFV y escaleras helicoidales - productos de calidad desde 1929 - Lichtgitter das Original\" \/>\n<meta property=\"og:url\" content=\"https:\/\/www2.lichtgitter.com\/es\/pie-de-imprenta\/\" \/>\n<meta property=\"og:site_name\" content=\"Lichtgitter Gruppe\" \/>\n<meta property=\"article:modified_time\" content=\"2026-02-04T11:54:46+00:00\" \/>\n<meta name=\"twitter:card\" content=\"summary_large_image\" \/>\n<meta name=\"twitter:label1\" content=\"Tiempo de lectura\" \/>\n\t<meta name=\"twitter:data1\" content=\"4 minuto\" \/>\n<script type=\"application\/ld+json\" class=\"yoast-schema-graph\">{\"@context\":\"https:\/\/schema.org\",\"@graph\":[{\"@type\":\"WebPage\",\"@id\":\"https:\/\/www2.lichtgitter.com\/es\/pie-de-imprenta\/\",\"url\":\"https:\/\/www2.lichtgitter.com\/es\/pie-de-imprenta\/\",\"name\":\"Grupo Lichtgitter - Pie de imprenta\",\"isPartOf\":{\"@id\":\"https:\/\/www2.lichtgitter.com\/es\/#website\"},\"datePublished\":\"2025-12-02T10:00:39+00:00\",\"dateModified\":\"2026-02-04T11:54:46+00:00\",\"description\":\"Fabricante y proveedor de Rejillas, Rejillas de chapa perforada, productos en PRFV y escaleras helicoidales - productos de calidad desde 1929 - Lichtgitter das Original\",\"breadcrumb\":{\"@id\":\"https:\/\/www2.lichtgitter.com\/es\/pie-de-imprenta\/#breadcrumb\"},\"inLanguage\":\"es-ES\",\"potentialAction\":[{\"@type\":\"ReadAction\",\"target\":[\"https:\/\/www2.lichtgitter.com\/es\/pie-de-imprenta\/\"]}]},{\"@type\":\"BreadcrumbList\",\"@id\":\"https:\/\/www2.lichtgitter.com\/es\/pie-de-imprenta\/#breadcrumb\",\"itemListElement\":[{\"@type\":\"ListItem\",\"position\":1,\"name\":\"Home\",\"item\":\"https:\/\/www2.lichtgitter.com\/es\/pagina-de-inicio\/\"},{\"@type\":\"ListItem\",\"position\":2,\"name\":\"Pie de imprenta\"}]},{\"@type\":\"WebSite\",\"@id\":\"https:\/\/www2.lichtgitter.com\/es\/#website\",\"url\":\"https:\/\/www2.lichtgitter.com\/es\/\",\"name\":\"Lichtgitter Gruppe\",\"description\":\"Alles rund um Gitterroste bei lichtgitter.com\",\"publisher\":{\"@id\":\"https:\/\/www2.lichtgitter.com\/es\/#organization\"},\"potentialAction\":[{\"@type\":\"SearchAction\",\"target\":{\"@type\":\"EntryPoint\",\"urlTemplate\":\"https:\/\/www2.lichtgitter.com\/es\/?s={search_term_string}\"},\"query-input\":{\"@type\":\"PropertyValueSpecification\",\"valueRequired\":true,\"valueName\":\"search_term_string\"}}],\"inLanguage\":\"es-ES\"},{\"@type\":\"Organization\",\"@id\":\"https:\/\/www2.lichtgitter.com\/es\/#organization\",\"name\":\"Grupo Lichtgitter\",\"url\":\"https:\/\/www2.lichtgitter.com\/es\/\",\"logo\":{\"@type\":\"ImageObject\",\"inLanguage\":\"es-ES\",\"@id\":\"https:\/\/www2.lichtgitter.com\/es\/#\/schema\/logo\/image\/\",\"url\":\"https:\/\/www2.lichtgitter.com\/wp-content\/uploads\/2024\/02\/logo-rgb.png\",\"contentUrl\":\"https:\/\/www2.lichtgitter.com\/wp-content\/uploads\/2024\/02\/logo-rgb.png\",\"width\":1920,\"height\":297,\"caption\":\"Grupo Lichtgitter\"},\"image\":{\"@id\":\"https:\/\/www2.lichtgitter.com\/es\/#\/schema\/logo\/image\/\"}}]}<\/script>\n<!-- \/ Yoast SEO plugin. -->","yoast_head_json":{"title":"Grupo Lichtgitter - Pie de imprenta","description":"Fabricante y proveedor de Rejillas, Rejillas de chapa perforada, productos en PRFV y escaleras helicoidales - productos de calidad desde 1929 - Lichtgitter das Original","robots":{"index":"noindex","follow":"follow","max-snippet":"max-snippet:-1","max-image-preview":"max-image-preview:large","max-video-preview":"max-video-preview:-1"},"og_locale":"es_ES","og_type":"article","og_title":"Grupo Lichtgitter - Pie de imprenta","og_description":"Fabricante y proveedor de Rejillas, Rejillas de chapa perforada, productos en PRFV y escaleras helicoidales - productos de calidad desde 1929 - Lichtgitter das Original","og_url":"https:\/\/www2.lichtgitter.com\/es\/pie-de-imprenta\/","og_site_name":"Lichtgitter Gruppe","article_modified_time":"2026-02-04T11:54:46+00:00","twitter_card":"summary_large_image","twitter_misc":{"Tiempo de lectura":"4 minuto"},"schema":{"@context":"https:\/\/schema.org","@graph":[{"@type":"WebPage","@id":"https:\/\/www2.lichtgitter.com\/es\/pie-de-imprenta\/","url":"https:\/\/www2.lichtgitter.com\/es\/pie-de-imprenta\/","name":"Grupo Lichtgitter - Pie de imprenta","isPartOf":{"@id":"https:\/\/www2.lichtgitter.com\/es\/#website"},"datePublished":"2025-12-02T10:00:39+00:00","dateModified":"2026-02-04T11:54:46+00:00","description":"Fabricante y proveedor de Rejillas, Rejillas de chapa perforada, productos en PRFV y escaleras helicoidales - productos de calidad desde 1929 - Lichtgitter das Original","breadcrumb":{"@id":"https:\/\/www2.lichtgitter.com\/es\/pie-de-imprenta\/#breadcrumb"},"inLanguage":"es-ES","potentialAction":[{"@type":"ReadAction","target":["https:\/\/www2.lichtgitter.com\/es\/pie-de-imprenta\/"]}]},{"@type":"BreadcrumbList","@id":"https:\/\/www2.lichtgitter.com\/es\/pie-de-imprenta\/#breadcrumb","itemListElement":[{"@type":"ListItem","position":1,"name":"Home","item":"https:\/\/www2.lichtgitter.com\/es\/pagina-de-inicio\/"},{"@type":"ListItem","position":2,"name":"Pie de imprenta"}]},{"@type":"WebSite","@id":"https:\/\/www2.lichtgitter.com\/es\/#website","url":"https:\/\/www2.lichtgitter.com\/es\/","name":"Lichtgitter Gruppe","description":"Alles rund um Gitterroste bei lichtgitter.com","publisher":{"@id":"https:\/\/www2.lichtgitter.com\/es\/#organization"},"potentialAction":[{"@type":"SearchAction","target":{"@type":"EntryPoint","urlTemplate":"https:\/\/www2.lichtgitter.com\/es\/?s={search_term_string}"},"query-input":{"@type":"PropertyValueSpecification","valueRequired":true,"valueName":"search_term_string"}}],"inLanguage":"es-ES"},{"@type":"Organization","@id":"https:\/\/www2.lichtgitter.com\/es\/#organization","name":"Grupo Lichtgitter","url":"https:\/\/www2.lichtgitter.com\/es\/","logo":{"@type":"ImageObject","inLanguage":"es-ES","@id":"https:\/\/www2.lichtgitter.com\/es\/#\/schema\/logo\/image\/","url":"https:\/\/www2.lichtgitter.com\/wp-content\/uploads\/2024\/02\/logo-rgb.png","contentUrl":"https:\/\/www2.lichtgitter.com\/wp-content\/uploads\/2024\/02\/logo-rgb.png","width":1920,"height":297,"caption":"Grupo Lichtgitter"},"image":{"@id":"https:\/\/www2.lichtgitter.com\/es\/#\/schema\/logo\/image\/"}}]}},"_links":{"self":[{"href":"https:\/\/www2.lichtgitter.com\/es\/wp-json\/wp\/v2\/pages\/20401","targetHints":{"allow":["GET"]}}],"collection":[{"href":"https:\/\/www2.lichtgitter.com\/es\/wp-json\/wp\/v2\/pages"}],"about":[{"href":"https:\/\/www2.lichtgitter.com\/es\/wp-json\/wp\/v2\/types\/page"}],"author":[{"embeddable":true,"href":"https:\/\/www2.lichtgitter.com\/es\/wp-json\/wp\/v2\/users\/1"}],"replies":[{"embeddable":true,"href":"https:\/\/www2.lichtgitter.com\/es\/wp-json\/wp\/v2\/comments?post=20401"}],"version-history":[{"count":2,"href":"https:\/\/www2.lichtgitter.com\/es\/wp-json\/wp\/v2\/pages\/20401\/revisions"}],"predecessor-version":[{"id":30881,"href":"https:\/\/www2.lichtgitter.com\/es\/wp-json\/wp\/v2\/pages\/20401\/revisions\/30881"}],"wp:attachment":[{"href":"https:\/\/www2.lichtgitter.com\/es\/wp-json\/wp\/v2\/media?parent=20401"}],"curies":[{"name":"wp","href":"https:\/\/api.w.org\/{rel}","templated":true}]}}