{"id":20538,"date":"2025-12-08T14:21:16","date_gmt":"2025-12-08T13:21:16","guid":{"rendered":"https:\/\/www.staging.lichtgitter.com\/rejilla-de-acero-inoxidable-alta-calidad-y-resistencia\/"},"modified":"2026-02-17T15:25:34","modified_gmt":"2026-02-17T14:25:34","slug":"rejilla-de-acero-inoxidable-alta-calidad-y-resistencia","status":"publish","type":"page","link":"https:\/\/www2.lichtgitter.com\/es\/rejilla-de-acero-inoxidable-alta-calidad-y-resistencia\/","title":{"rendered":"Rejilla de acero inoxidable: alta calidad y resistencia"},"content":{"rendered":"\t\t<div data-elementor-type=\"wp-page\" data-elementor-id=\"20538\" class=\"elementor elementor-20538 elementor-11099\" data-elementor-post-type=\"page\">\n\t\t\t\t<div class=\"elementor-element elementor-element-bc11f00 pad-lr-l e-flex e-con-boxed e-con e-parent\" data-id=\"bc11f00\" data-element_type=\"container\" data-e-type=\"container\" data-settings=\"{&quot;jet_parallax_layout_list&quot;:[]}\">\n\t\t\t\t\t<div class=\"e-con-inner\">\n\t\t\t\t<div data-dce-text-color=\"#FF0028\" class=\"elementor-element elementor-element-2f101ac elementor-invisible elementor-widget elementor-widget-breadcrumbs\" data-id=\"2f101ac\" data-element_type=\"widget\" data-e-type=\"widget\" data-settings=\"{&quot;_animation&quot;:&quot;fadeInUp&quot;}\" data-widget_type=\"breadcrumbs.default\">\n\t\t\t\t<div class=\"elementor-widget-container\">\n\t\t\t\t\t<p id=\"breadcrumbs\"><span><span><a href=\"https:\/\/www2.lichtgitter.com\/es\/pagina-de-inicio\/\">Home<\/a><\/span><\/span><\/p>\t\t\t\t<\/div>\n\t\t\t\t<\/div>\n\t\t\t\t\t<\/div>\n\t\t\t\t<\/div>\n\t\t<div class=\"elementor-element elementor-element-43276cb pad-l e-flex e-con-boxed e-con e-parent\" data-id=\"43276cb\" data-element_type=\"container\" data-e-type=\"container\" data-settings=\"{&quot;jet_parallax_layout_list&quot;:[]}\">\n\t\t\t\t\t<div class=\"e-con-inner\">\n\t\t\t\t<div class=\"elementor-element elementor-element-26f7003 elementor-widget__width-inherit elementor-invisible elementor-widget elementor-widget-heading\" data-id=\"26f7003\" data-element_type=\"widget\" data-e-type=\"widget\" data-settings=\"{&quot;_animation&quot;:&quot;fadeInUp&quot;}\" data-widget_type=\"heading.default\">\n\t\t\t\t<div class=\"elementor-widget-container\">\n\t\t\t\t\t<h1 class=\"elementor-heading-title elementor-size-default\">Rejilla de acero inoxidable: alta calidad y resistencia<\/h1>\t\t\t\t<\/div>\n\t\t\t\t<\/div>\n\t\t\t\t<div class=\"elementor-element elementor-element-83905f1 elementor-widget__width-inherit elementor-invisible elementor-widget elementor-widget-text-editor\" data-id=\"83905f1\" data-element_type=\"widget\" data-e-type=\"widget\" data-settings=\"{&quot;_animation&quot;:&quot;fadeInUp&quot;}\" data-widget_type=\"text-editor.default\">\n\t\t\t\t<div class=\"elementor-widget-container\">\n\t\t\t\t\t\t\t\t\tLas Rejillas met\u00e1licas se fabrican en una gran variedad de materiales. Adem\u00e1s de acero, tambi\u00e9n se utilizan acero inoxidable, aluminio o PRFV, seg\u00fan el \u00e1mbito de aplicaci\u00f3n. Las propiedades del acero inoxidable son casi insuperables. En algunos casos, no basta con utilizar acero galvanizado. Las Rejillas met\u00e1licas de acero inoxidable no s\u00f3lo tienen un aspecto de alta calidad, sino que tambi\u00e9n ofrecen numerosas ventajas funcionales. Por eso, las Rejillas met\u00e1licas de acero inoxidable son siempre la elecci\u00f3n perfecta si quieres una rejilla extremadamente resistente a las sustancias agresivas y muy resistente a la corrosi\u00f3n. Las rejillas de acero inoxidable tambi\u00e9n son resistentes a la temperatura, conductoras, soldables, higi\u00e9nicas y duraderas. Esto es una ventaja decisiva, sobre todo en el sector m\u00e9dico y la industria alimentaria. Gracias a su durabilidad y bajo mantenimiento, las Rejillas met\u00e1licas son extremadamente econ\u00f3micas. Sin embargo, las Rejillas met\u00e1licas de acero inoxidable no s\u00f3lo son el socio perfecto cuando se trata de utilizarlas en entornos exigentes. Especialmente cuando se trata de planificar edificios residenciales y comerciales, deben combinarse los aspectos funcionales y est\u00e9ticos. Por eso no es de extra\u00f1ar que arquitectos y dise\u00f1adores, por ejemplo, prefieran el acero inoxidable a la hora de realizar tales proyectos.           \t\t\t\t\t\t\t\t<\/div>\n\t\t\t\t<\/div>\n\t\t\t\t\t<\/div>\n\t\t\t\t<\/div>\n\t\t<div class=\"elementor-element elementor-element-b49e670 pad-l e-flex e-con-boxed e-con e-parent\" data-id=\"b49e670\" data-element_type=\"container\" data-e-type=\"container\" data-settings=\"{&quot;background_background&quot;:&quot;classic&quot;,&quot;jet_parallax_layout_list&quot;:[]}\">\n\t\t\t\t\t<div class=\"e-con-inner\">\n\t\t<div class=\"elementor-element elementor-element-ed32981 e-con-full e-flex elementor-invisible e-con e-child\" data-id=\"ed32981\" data-element_type=\"container\" data-e-type=\"container\" data-settings=\"{&quot;animation&quot;:&quot;fadeInUp&quot;,&quot;jet_parallax_layout_list&quot;:[]}\">\n\t\t\t\t<div class=\"elementor-element elementor-element-2aab708 elementor-widget__width-inherit elementor-widget elementor-widget-heading\" data-id=\"2aab708\" data-element_type=\"widget\" data-e-type=\"widget\" data-widget_type=\"heading.default\">\n\t\t\t\t<div class=\"elementor-widget-container\">\n\t\t\t\t\t<h2 class=\"elementor-heading-title elementor-size-default\">Funci\u00f3n y est\u00e9tica de los pisos<\/h2>\t\t\t\t<\/div>\n\t\t\t\t<\/div>\n\t\t\t\t<div class=\"elementor-element elementor-element-78cc41c elementor-widget__width-inherit elementor-widget elementor-widget-text-editor\" data-id=\"78cc41c\" data-element_type=\"widget\" data-e-type=\"widget\" data-widget_type=\"text-editor.default\">\n\t\t\t\t<div class=\"elementor-widget-container\">\n\t\t\t\t\t\t\t\t\t<p>No s\u00f3lo en la actualidad se busca combinar funci\u00f3n y apariencia de la mejor manera posible, como en el caso de las Rejillas met\u00e1licas de acero inoxidable. Ya en la antigua Roma se procuraba construir caminos o rutas comerciales que no s\u00f3lo permitieran transportar mercanc\u00edas en cualquier \u00e9poca del a\u00f1o, sino que tambi\u00e9n cumplieran un aspecto est\u00e9tico. La practicidad adquiri\u00f3 cada vez m\u00e1s importancia. Hoy en d\u00eda, hemos llegado a un punto en el que disponemos del producto adecuado para casi todos los \u00e1mbitos de aplicaci\u00f3n. Y \u00e9ste es tambi\u00e9n el caso de los pisos y, por tanto, de las Rejillas met\u00e1licas de acero inoxidable. Porque con unas Rejillas met\u00e1licas de acero inoxidable, tienes unos pisos que no s\u00f3lo son extremadamente resistentes, sino que tambi\u00e9n pueden utilizarse con gran flexibilidad. Esto significa que las Rejillas met\u00e1licas de acero inoxidable pueden adaptarse individualmente a tus necesidades. Por eso no es de extra\u00f1ar que las Rejillas met\u00e1licas se utilicen en f\u00e1bricas de alimentos, sobre maquinaria y dondequiera que se desee y necesite un suelo eficaz. Pero esto no es ni mucho menos el final de la historia de las Rejillas met\u00e1licas. Hoy en d\u00eda, los arquitectos descubren cada vez m\u00e1s las ventajas de las Rejillas met\u00e1licas de acero inoxidable. Gracias a sus ventajas visuales y a su aspecto funcional, las Rejillas met\u00e1licas de acero inoxidable se utilizan como elemento de dise\u00f1o.<\/p>\t\t\t\t\t\t\t\t<\/div>\n\t\t\t\t<\/div>\n\t\t\t\t<\/div>\n\t\t\t\t\t<\/div>\n\t\t\t\t<\/div>\n\t\t<div class=\"elementor-element elementor-element-23941be pad-l e-flex e-con-boxed e-con e-parent\" data-id=\"23941be\" data-element_type=\"container\" data-e-type=\"container\" data-settings=\"{&quot;jet_parallax_layout_list&quot;:[]}\">\n\t\t\t\t\t<div class=\"e-con-inner\">\n\t\t<div class=\"elementor-element elementor-element-87976dc e-con-full e-flex elementor-invisible e-con e-child\" data-id=\"87976dc\" data-element_type=\"container\" data-e-type=\"container\" data-settings=\"{&quot;animation&quot;:&quot;fadeInUp&quot;,&quot;jet_parallax_layout_list&quot;:[]}\">\n\t\t\t\t<div class=\"elementor-element elementor-element-d16f70e elementor-widget__width-inherit elementor-widget elementor-widget-heading\" data-id=\"d16f70e\" data-element_type=\"widget\" data-e-type=\"widget\" data-widget_type=\"heading.default\">\n\t\t\t\t<div class=\"elementor-widget-container\">\n\t\t\t\t\t<h2 class=\"elementor-heading-title elementor-size-default\">\u00bfPor qu\u00e9 se pulen electroqu\u00edmicamente o se decapan las Rejillas met\u00e1licas de acero inoxidable?<\/h2>\t\t\t\t<\/div>\n\t\t\t\t<\/div>\n\t\t\t\t<div class=\"elementor-element elementor-element-9423eb1 elementor-widget elementor-widget-text-editor\" data-id=\"9423eb1\" data-element_type=\"widget\" data-e-type=\"widget\" data-widget_type=\"text-editor.default\">\n\t\t\t\t<div class=\"elementor-widget-container\">\n\t\t\t\t\t\t\t\t\tAl soldar y cortar acero inoxidable se producen decoloraciones. Aunque no perjudican la funci\u00f3n, tienen un efecto negativo en el aspecto del producto final. El pulido o decapado elimina la decoloraci\u00f3n resultante del acero inoxidable. Este tratamiento tambi\u00e9n sirve para proteger la rejilla contra la corrosi\u00f3n. Mientras que las Rejillas met\u00e1licas de acero inoxidable decapadas tienen un aspecto mate, las pulidas electroqu\u00edmicamente tienen una superficie brillante. Por eso, estas Rejillas met\u00e1licas tienen un aspecto muy elegante, casi como si estuvieran cromadas. El decapado protege el acero inoxidable con una capa pasiva, mediante la cual se eliminan las microrrugosidades durante el pulido electroqu\u00edmico. Esto crea la superficie lisa y brillante de la rejilla de acero inoxidable. M\u00e1s del 90% de las rejillas de acero inoxidable se fabrican a medida. Debido al aumento de la demanda, Lichtgitter ha ampliado su producci\u00f3n de acero inoxidable a lo largo de los a\u00f1os y sigue fabricando con la m\u00e1xima calidad. Sin embargo, para poder reaccionar a corto plazo, Lichtgitter tambi\u00e9n dispone de un amplio stock. Esto significa que puedes recibir Rejillas met\u00e1licas en los dise\u00f1os y dimensiones de rueda est\u00e1ndar m\u00e1s comunes en un plazo de 48 horas. Nuestro programa de existencias incluye Rejillas met\u00e1licas, pelda\u00f1os de rejilla y alfombrillas. Las rejillas y escalones se ofrecen en acabado decapado y las esteras de acero inoxidable sin tratamiento superficial.             \n\n\t\t\t\t\t\t\t\t<\/div>\n\t\t\t\t<\/div>\n\t\t\t\t<\/div>\n\t\t\t\t\t<\/div>\n\t\t\t\t<\/div>\n\t\t<div class=\"elementor-element elementor-element-e44fd9e pad-l e-flex e-con-boxed e-con e-parent\" data-id=\"e44fd9e\" data-element_type=\"container\" data-e-type=\"container\" data-settings=\"{&quot;background_background&quot;:&quot;classic&quot;,&quot;jet_parallax_layout_list&quot;:[]}\">\n\t\t\t\t\t<div class=\"e-con-inner\">\n\t\t<div class=\"elementor-element elementor-element-2fa44f5 e-con-full e-flex elementor-invisible e-con e-child\" data-id=\"2fa44f5\" data-element_type=\"container\" data-e-type=\"container\" data-settings=\"{&quot;animation&quot;:&quot;fadeInUp&quot;,&quot;jet_parallax_layout_list&quot;:[]}\">\n\t\t\t\t<div class=\"elementor-element elementor-element-de9ee82 elementor-widget__width-inherit elementor-widget elementor-widget-heading\" data-id=\"de9ee82\" data-element_type=\"widget\" data-e-type=\"widget\" data-widget_type=\"heading.default\">\n\t\t\t\t<div class=\"elementor-widget-container\">\n\t\t\t\t\t<h2 class=\"elementor-heading-title elementor-size-default\">Lichtgitter tiene en cuenta el factor medioambiental\n<\/h2>\t\t\t\t<\/div>\n\t\t\t\t<\/div>\n\t\t\t\t<div class=\"elementor-element elementor-element-28d27fb elementor-widget__width-inherit elementor-widget elementor-widget-text-editor\" data-id=\"28d27fb\" data-element_type=\"widget\" data-e-type=\"widget\" data-widget_type=\"text-editor.default\">\n\t\t\t\t<div class=\"elementor-widget-container\">\n\t\t\t\t\t\t\t\t\t<p>Lichtgitter galvaniza en caliente sus Rejillas met\u00e1licas conforme a la norma DIN EN ISO 1461, por lo que t\u00fa, como cliente, puedes estar absolutamente seguro de que siempre recibir\u00e1s una alta calidad constante. Pero para nosotros, como fabricantes, no s\u00f3lo es importante una calidad alta y constante. El aspecto medioambiental es tan importante para nosotros como la calidad.   <\/p><p>Por eso nos comprometemos a que el proceso de galvanizaci\u00f3n sea lo m\u00e1s respetuoso posible con el medio ambiente. Las zonas expuestas a \u00e1cidos y productos qu\u00edmicos est\u00e1n completamente cerradas en nuestras plantas. Esto no s\u00f3lo crea un entorno de trabajo limpio, sino tambi\u00e9n lugares de trabajo sin emisiones.  <\/p><p>Tambi\u00e9n damos mucha importancia a minimizar los residuos y ahorrar energ\u00eda. Todos los materiales residuales producidos durante el proceso de galvanizaci\u00f3n en caliente de las Rejillas met\u00e1licas se reciclan. <\/p>\t\t\t\t\t\t\t\t<\/div>\n\t\t\t\t<\/div>\n\t\t\t\t<\/div>\n\t\t\t\t\t<\/div>\n\t\t\t\t<\/div>\n\t\t\t\t<\/div>\n\t\t","protected":false},"excerpt":{"rendered":"<p>Las Rejillas met\u00e1licas se fabrican en una gran variedad de materiales. Adem\u00e1s de acero, tambi\u00e9n se utilizan acero inoxidable, aluminio o PRFV, seg\u00fan el \u00e1mbito de aplicaci\u00f3n. Las propiedades del acero inoxidable son casi insuperables. En algunos casos, no basta con utilizar acero galvanizado. Las Rejillas met\u00e1licas de acero inoxidable no s\u00f3lo tienen un aspecto [&hellip;]<\/p>\n","protected":false},"author":1,"featured_media":0,"parent":0,"menu_order":3,"comment_status":"closed","ping_status":"closed","template":"","meta":{"_acf_changed":false,"footnotes":""},"class_list":["post-20538","page","type-page","status-publish","hentry"],"acf":[],"yoast_head":"<!-- This site is optimized with the Yoast SEO plugin v27.2 - https:\/\/yoast.com\/product\/yoast-seo-wordpress\/ -->\n<title>Rejilla de acero inoxidable: alta calidad y resistencia - Lichtgitter Gruppe<\/title>\n<meta name=\"robots\" content=\"noindex, follow, max-snippet:-1, max-image-preview:large, max-video-preview:-1\" \/>\n<meta property=\"og:locale\" content=\"es_ES\" \/>\n<meta property=\"og:type\" content=\"article\" \/>\n<meta property=\"og:title\" content=\"Rejilla de acero inoxidable: alta calidad y resistencia - Lichtgitter Gruppe\" \/>\n<meta property=\"og:description\" content=\"Las Rejillas met\u00e1licas se fabrican en una gran variedad de materiales. Adem\u00e1s de acero, tambi\u00e9n se utilizan acero inoxidable, aluminio o PRFV, seg\u00fan el \u00e1mbito de aplicaci\u00f3n. Las propiedades del acero inoxidable son casi insuperables. En algunos casos, no basta con utilizar acero galvanizado. Las Rejillas met\u00e1licas de acero inoxidable no s\u00f3lo tienen un aspecto [&hellip;]\" \/>\n<meta property=\"og:url\" content=\"https:\/\/www2.lichtgitter.com\/es\/rejilla-de-acero-inoxidable-alta-calidad-y-resistencia\/\" \/>\n<meta property=\"og:site_name\" content=\"Lichtgitter Gruppe\" \/>\n<meta property=\"article:modified_time\" content=\"2026-02-17T14:25:34+00:00\" \/>\n<meta name=\"twitter:card\" content=\"summary_large_image\" \/>\n<meta name=\"twitter:label1\" content=\"Tiempo de lectura\" \/>\n\t<meta name=\"twitter:data1\" content=\"4 minuto\" \/>\n<script type=\"application\/ld+json\" class=\"yoast-schema-graph\">{\"@context\":\"https:\/\/schema.org\",\"@graph\":[{\"@type\":\"WebPage\",\"@id\":\"https:\/\/www2.lichtgitter.com\/es\/rejilla-de-acero-inoxidable-alta-calidad-y-resistencia\/\",\"url\":\"https:\/\/www2.lichtgitter.com\/es\/rejilla-de-acero-inoxidable-alta-calidad-y-resistencia\/\",\"name\":\"Rejilla de acero inoxidable: alta calidad y resistencia - Lichtgitter Gruppe\",\"isPartOf\":{\"@id\":\"https:\/\/www2.lichtgitter.com\/es\/#website\"},\"datePublished\":\"2025-12-08T13:21:16+00:00\",\"dateModified\":\"2026-02-17T14:25:34+00:00\",\"breadcrumb\":{\"@id\":\"https:\/\/www2.lichtgitter.com\/es\/rejilla-de-acero-inoxidable-alta-calidad-y-resistencia\/#breadcrumb\"},\"inLanguage\":\"es-ES\",\"potentialAction\":[{\"@type\":\"ReadAction\",\"target\":[\"https:\/\/www2.lichtgitter.com\/es\/rejilla-de-acero-inoxidable-alta-calidad-y-resistencia\/\"]}]},{\"@type\":\"BreadcrumbList\",\"@id\":\"https:\/\/www2.lichtgitter.com\/es\/rejilla-de-acero-inoxidable-alta-calidad-y-resistencia\/#breadcrumb\",\"itemListElement\":[{\"@type\":\"ListItem\",\"position\":1,\"name\":\"Home\",\"item\":\"https:\/\/www2.lichtgitter.com\/es\/pagina-de-inicio\/\"},{\"@type\":\"ListItem\",\"position\":2,\"name\":\"Rejilla de acero inoxidable: alta calidad y resistencia\"}]},{\"@type\":\"WebSite\",\"@id\":\"https:\/\/www2.lichtgitter.com\/es\/#website\",\"url\":\"https:\/\/www2.lichtgitter.com\/es\/\",\"name\":\"Lichtgitter Gruppe\",\"description\":\"Alles rund um Gitterroste bei lichtgitter.com\",\"publisher\":{\"@id\":\"https:\/\/www2.lichtgitter.com\/es\/#organization\"},\"potentialAction\":[{\"@type\":\"SearchAction\",\"target\":{\"@type\":\"EntryPoint\",\"urlTemplate\":\"https:\/\/www2.lichtgitter.com\/es\/?s={search_term_string}\"},\"query-input\":{\"@type\":\"PropertyValueSpecification\",\"valueRequired\":true,\"valueName\":\"search_term_string\"}}],\"inLanguage\":\"es-ES\"},{\"@type\":\"Organization\",\"@id\":\"https:\/\/www2.lichtgitter.com\/es\/#organization\",\"name\":\"Grupo Lichtgitter\",\"url\":\"https:\/\/www2.lichtgitter.com\/es\/\",\"logo\":{\"@type\":\"ImageObject\",\"inLanguage\":\"es-ES\",\"@id\":\"https:\/\/www2.lichtgitter.com\/es\/#\/schema\/logo\/image\/\",\"url\":\"https:\/\/www2.lichtgitter.com\/wp-content\/uploads\/2024\/02\/logo-rgb.png\",\"contentUrl\":\"https:\/\/www2.lichtgitter.com\/wp-content\/uploads\/2024\/02\/logo-rgb.png\",\"width\":1920,\"height\":297,\"caption\":\"Grupo Lichtgitter\"},\"image\":{\"@id\":\"https:\/\/www2.lichtgitter.com\/es\/#\/schema\/logo\/image\/\"}}]}<\/script>\n<!-- \/ Yoast SEO plugin. -->","yoast_head_json":{"title":"Rejilla de acero inoxidable: alta calidad y resistencia - Lichtgitter Gruppe","robots":{"index":"noindex","follow":"follow","max-snippet":"max-snippet:-1","max-image-preview":"max-image-preview:large","max-video-preview":"max-video-preview:-1"},"og_locale":"es_ES","og_type":"article","og_title":"Rejilla de acero inoxidable: alta calidad y resistencia - Lichtgitter Gruppe","og_description":"Las Rejillas met\u00e1licas se fabrican en una gran variedad de materiales. Adem\u00e1s de acero, tambi\u00e9n se utilizan acero inoxidable, aluminio o PRFV, seg\u00fan el \u00e1mbito de aplicaci\u00f3n. Las propiedades del acero inoxidable son casi insuperables. En algunos casos, no basta con utilizar acero galvanizado. Las Rejillas met\u00e1licas de acero inoxidable no s\u00f3lo tienen un aspecto [&hellip;]","og_url":"https:\/\/www2.lichtgitter.com\/es\/rejilla-de-acero-inoxidable-alta-calidad-y-resistencia\/","og_site_name":"Lichtgitter Gruppe","article_modified_time":"2026-02-17T14:25:34+00:00","twitter_card":"summary_large_image","twitter_misc":{"Tiempo de lectura":"4 minuto"},"schema":{"@context":"https:\/\/schema.org","@graph":[{"@type":"WebPage","@id":"https:\/\/www2.lichtgitter.com\/es\/rejilla-de-acero-inoxidable-alta-calidad-y-resistencia\/","url":"https:\/\/www2.lichtgitter.com\/es\/rejilla-de-acero-inoxidable-alta-calidad-y-resistencia\/","name":"Rejilla de acero inoxidable: alta calidad y resistencia - Lichtgitter Gruppe","isPartOf":{"@id":"https:\/\/www2.lichtgitter.com\/es\/#website"},"datePublished":"2025-12-08T13:21:16+00:00","dateModified":"2026-02-17T14:25:34+00:00","breadcrumb":{"@id":"https:\/\/www2.lichtgitter.com\/es\/rejilla-de-acero-inoxidable-alta-calidad-y-resistencia\/#breadcrumb"},"inLanguage":"es-ES","potentialAction":[{"@type":"ReadAction","target":["https:\/\/www2.lichtgitter.com\/es\/rejilla-de-acero-inoxidable-alta-calidad-y-resistencia\/"]}]},{"@type":"BreadcrumbList","@id":"https:\/\/www2.lichtgitter.com\/es\/rejilla-de-acero-inoxidable-alta-calidad-y-resistencia\/#breadcrumb","itemListElement":[{"@type":"ListItem","position":1,"name":"Home","item":"https:\/\/www2.lichtgitter.com\/es\/pagina-de-inicio\/"},{"@type":"ListItem","position":2,"name":"Rejilla de acero inoxidable: alta calidad y resistencia"}]},{"@type":"WebSite","@id":"https:\/\/www2.lichtgitter.com\/es\/#website","url":"https:\/\/www2.lichtgitter.com\/es\/","name":"Lichtgitter Gruppe","description":"Alles rund um Gitterroste bei lichtgitter.com","publisher":{"@id":"https:\/\/www2.lichtgitter.com\/es\/#organization"},"potentialAction":[{"@type":"SearchAction","target":{"@type":"EntryPoint","urlTemplate":"https:\/\/www2.lichtgitter.com\/es\/?s={search_term_string}"},"query-input":{"@type":"PropertyValueSpecification","valueRequired":true,"valueName":"search_term_string"}}],"inLanguage":"es-ES"},{"@type":"Organization","@id":"https:\/\/www2.lichtgitter.com\/es\/#organization","name":"Grupo Lichtgitter","url":"https:\/\/www2.lichtgitter.com\/es\/","logo":{"@type":"ImageObject","inLanguage":"es-ES","@id":"https:\/\/www2.lichtgitter.com\/es\/#\/schema\/logo\/image\/","url":"https:\/\/www2.lichtgitter.com\/wp-content\/uploads\/2024\/02\/logo-rgb.png","contentUrl":"https:\/\/www2.lichtgitter.com\/wp-content\/uploads\/2024\/02\/logo-rgb.png","width":1920,"height":297,"caption":"Grupo Lichtgitter"},"image":{"@id":"https:\/\/www2.lichtgitter.com\/es\/#\/schema\/logo\/image\/"}}]}},"_links":{"self":[{"href":"https:\/\/www2.lichtgitter.com\/es\/wp-json\/wp\/v2\/pages\/20538","targetHints":{"allow":["GET"]}}],"collection":[{"href":"https:\/\/www2.lichtgitter.com\/es\/wp-json\/wp\/v2\/pages"}],"about":[{"href":"https:\/\/www2.lichtgitter.com\/es\/wp-json\/wp\/v2\/types\/page"}],"author":[{"embeddable":true,"href":"https:\/\/www2.lichtgitter.com\/es\/wp-json\/wp\/v2\/users\/1"}],"replies":[{"embeddable":true,"href":"https:\/\/www2.lichtgitter.com\/es\/wp-json\/wp\/v2\/comments?post=20538"}],"version-history":[{"count":3,"href":"https:\/\/www2.lichtgitter.com\/es\/wp-json\/wp\/v2\/pages\/20538\/revisions"}],"predecessor-version":[{"id":31605,"href":"https:\/\/www2.lichtgitter.com\/es\/wp-json\/wp\/v2\/pages\/20538\/revisions\/31605"}],"wp:attachment":[{"href":"https:\/\/www2.lichtgitter.com\/es\/wp-json\/wp\/v2\/media?parent=20538"}],"curies":[{"name":"wp","href":"https:\/\/api.w.org\/{rel}","templated":true}]}}