{"id":20549,"date":"2025-12-08T14:16:27","date_gmt":"2025-12-08T13:16:27","guid":{"rendered":"https:\/\/www.staging.lichtgitter.com\/rejillas-metalicas-impresionantes-con-muchas-aplicaciones-posibles\/"},"modified":"2026-02-17T15:25:45","modified_gmt":"2026-02-17T14:25:45","slug":"rejillas-metalicas-impresionantes-con-muchas-aplicaciones-posibles","status":"publish","type":"page","link":"https:\/\/www2.lichtgitter.com\/es\/rejillas-metalicas-impresionantes-con-muchas-aplicaciones-posibles\/","title":{"rendered":"Rejillas met\u00e1licas: impresionantes con muchas aplicaciones posibles"},"content":{"rendered":"\t\t<div data-elementor-type=\"wp-page\" data-elementor-id=\"20549\" class=\"elementor elementor-20549 elementor-11082\" data-elementor-post-type=\"page\">\n\t\t\t\t<div class=\"elementor-element elementor-element-bc11f00 pad-lr-l e-flex e-con-boxed e-con e-parent\" data-id=\"bc11f00\" data-element_type=\"container\" data-e-type=\"container\" data-settings=\"{&quot;jet_parallax_layout_list&quot;:[]}\">\n\t\t\t\t\t<div class=\"e-con-inner\">\n\t\t\t\t<div data-dce-text-color=\"#FF0028\" class=\"elementor-element elementor-element-2f101ac elementor-invisible elementor-widget elementor-widget-breadcrumbs\" data-id=\"2f101ac\" data-element_type=\"widget\" data-e-type=\"widget\" data-settings=\"{&quot;_animation&quot;:&quot;fadeInUp&quot;}\" data-widget_type=\"breadcrumbs.default\">\n\t\t\t\t<div class=\"elementor-widget-container\">\n\t\t\t\t\t<p id=\"breadcrumbs\"><span><span><a href=\"https:\/\/www2.lichtgitter.com\/es\/pagina-de-inicio\/\">Home<\/a><\/span><\/span><\/p>\t\t\t\t<\/div>\n\t\t\t\t<\/div>\n\t\t\t\t\t<\/div>\n\t\t\t\t<\/div>\n\t\t<div class=\"elementor-element elementor-element-43276cb pad-l e-flex e-con-boxed e-con e-parent\" data-id=\"43276cb\" data-element_type=\"container\" data-e-type=\"container\" data-settings=\"{&quot;jet_parallax_layout_list&quot;:[]}\">\n\t\t\t\t\t<div class=\"e-con-inner\">\n\t\t\t\t<div class=\"elementor-element elementor-element-26f7003 elementor-widget__width-inherit elementor-invisible elementor-widget elementor-widget-heading\" data-id=\"26f7003\" data-element_type=\"widget\" data-e-type=\"widget\" data-settings=\"{&quot;_animation&quot;:&quot;fadeInUp&quot;}\" data-widget_type=\"heading.default\">\n\t\t\t\t<div class=\"elementor-widget-container\">\n\t\t\t\t\t<h1 class=\"elementor-heading-title elementor-size-default\">Rejillas met\u00e1licas: impresionantes con muchas aplicaciones posibles<\/h1>\t\t\t\t<\/div>\n\t\t\t\t<\/div>\n\t\t\t\t<div class=\"elementor-element elementor-element-83905f1 elementor-widget__width-inherit elementor-invisible elementor-widget elementor-widget-text-editor\" data-id=\"83905f1\" data-element_type=\"widget\" data-e-type=\"widget\" data-settings=\"{&quot;_animation&quot;:&quot;fadeInUp&quot;}\" data-widget_type=\"text-editor.default\">\n\t\t\t\t<div class=\"elementor-widget-container\">\n\t\t\t\t\t\t\t\t\t<p>No s\u00f3lo las Rejillas met\u00e1licas, sino tambi\u00e9n las de otros materiales, satisfacen las m\u00e1s altas exigencias est\u00e1ticas y de dise\u00f1o. Tambi\u00e9n hay que destacar que tanto las Rejillas met\u00e1licas como las de otros materiales son elementos de construcci\u00f3n sin mantenimiento, econ\u00f3micos y sostenibles. <\/p><p>Adem\u00e1s, ofrecen numerosas ventajas, como una buena permeabilidad al aire y a la luz. La uniformidad visual de las rejillas abre posibilidades casi infinitas para realizar conceptos interesantes con facilidad. Las Rejillas met\u00e1licas ofrecen una gran capacidad de carga a pesar de su bajo peso.  <\/p>\t\t\t\t\t\t\t\t<\/div>\n\t\t\t\t<\/div>\n\t\t\t\t\t<\/div>\n\t\t\t\t<\/div>\n\t\t<div class=\"elementor-element elementor-element-b49e670 pad-l e-flex e-con-boxed e-con e-parent\" data-id=\"b49e670\" data-element_type=\"container\" data-e-type=\"container\" data-settings=\"{&quot;background_background&quot;:&quot;classic&quot;,&quot;jet_parallax_layout_list&quot;:[]}\">\n\t\t\t\t\t<div class=\"e-con-inner\">\n\t\t<div class=\"elementor-element elementor-element-ed32981 e-con-full e-flex elementor-invisible e-con e-child\" data-id=\"ed32981\" data-element_type=\"container\" data-e-type=\"container\" data-settings=\"{&quot;animation&quot;:&quot;fadeInUp&quot;,&quot;jet_parallax_layout_list&quot;:[]}\">\n\t\t\t\t<div class=\"elementor-element elementor-element-2aab708 elementor-widget__width-inherit elementor-widget elementor-widget-heading\" data-id=\"2aab708\" data-element_type=\"widget\" data-e-type=\"widget\" data-widget_type=\"heading.default\">\n\t\t\t\t<div class=\"elementor-widget-container\">\n\t\t\t\t\t<h2 class=\"elementor-heading-title elementor-size-default\">Rejillas met\u00e1licas: \u00bfQu\u00e9 son exactamente?\n<\/h2>\t\t\t\t<\/div>\n\t\t\t\t<\/div>\n\t\t\t\t<div class=\"elementor-element elementor-element-78cc41c elementor-widget__width-inherit elementor-widget elementor-widget-text-editor\" data-id=\"78cc41c\" data-element_type=\"widget\" data-e-type=\"widget\" data-widget_type=\"text-editor.default\">\n\t\t\t\t<div class=\"elementor-widget-container\">\n\t\t\t\t\t\t\t\t\t<p>Tanto si se trata de rejillas de acero como de rejillas de aluminio, las Rejillas met\u00e1licas son cuerpos autoportantes en forma de placa con diferentes capacidades de carga. Estos cuerpos en forma de placa tambi\u00e9n tienen muchas aberturas dispuestas regularmente. <\/p><p>Las Rejillas met\u00e1licas se utilizan, por ejemplo, en la industria, la construcci\u00f3n de carreteras, en todos los \u00e1mbitos de la construcci\u00f3n de edificios y la ingenier\u00eda civil, as\u00ed como en la tecnolog\u00eda de almacenamiento. Si tambi\u00e9n echas un vistazo al campo de la arquitectura moderna de edificios e inmuebles, te dar\u00e1s cuenta r\u00e1pidamente de que las Rejillas met\u00e1licas cumplen aqu\u00ed importantes tareas de dise\u00f1o y funcionalidad. Por ejemplo, las Rejillas met\u00e1licas se utilizan aqu\u00ed como rejillas de \u00abfalso techo\u00bb, barandillas de balcones, recubrimiento de fachada o como elemento de dise\u00f1o.  <\/p>\n<p>Las Rejillas met\u00e1licas est\u00e1n formadas por barras transversales, barras portantes y un marco de borde.<\/p>\t\t\t\t\t\t\t\t<\/div>\n\t\t\t\t<\/div>\n\t\t\t\t<\/div>\n\t\t\t\t\t<\/div>\n\t\t\t\t<\/div>\n\t\t<div class=\"elementor-element elementor-element-23941be pad-l e-flex e-con-boxed e-con e-parent\" data-id=\"23941be\" data-element_type=\"container\" data-e-type=\"container\" data-settings=\"{&quot;jet_parallax_layout_list&quot;:[]}\">\n\t\t\t\t\t<div class=\"e-con-inner\">\n\t\t<div class=\"elementor-element elementor-element-87976dc e-con-full e-flex elementor-invisible e-con e-child\" data-id=\"87976dc\" data-element_type=\"container\" data-e-type=\"container\" data-settings=\"{&quot;animation&quot;:&quot;fadeInUp&quot;,&quot;jet_parallax_layout_list&quot;:[]}\">\n\t\t\t\t<div class=\"elementor-element elementor-element-d16f70e elementor-widget__width-inherit elementor-widget elementor-widget-heading\" data-id=\"d16f70e\" data-element_type=\"widget\" data-e-type=\"widget\" data-widget_type=\"heading.default\">\n\t\t\t\t<div class=\"elementor-widget-container\">\n\t\t\t\t\t<h2 class=\"elementor-heading-title elementor-size-default\">Rejillas met\u00e1licas galvanizadas en caliente\n<\/h2>\t\t\t\t<\/div>\n\t\t\t\t<\/div>\n\t\t\t\t<div class=\"elementor-element elementor-element-9423eb1 elementor-widget elementor-widget-text-editor\" data-id=\"9423eb1\" data-element_type=\"widget\" data-e-type=\"widget\" data-widget_type=\"text-editor.default\">\n\t\t\t\t<div class=\"elementor-widget-container\">\n\t\t\t\t\t\t\t\t\t<p>Para que tus Rejillas met\u00e1licas sean duraderas y robustas, es esencial que su superficie reciba el tratamiento adecuado. Aqu\u00ed se suele utilizar el galvanizado en caliente. El galvanizado en caliente ha demostrado su eficacia como protecci\u00f3n anticorrosiva, por lo que sigue siendo la forma m\u00e1s habitual de dar robustez a las Rejillas met\u00e1licas mediante este tratamiento de superficie.  <\/p><p>Durante el galvanizado en caliente, los elementos pretratados se sumergen en zinc fundido. Esto confiere a la rejilla un recubrimiento de zinc que no se descascarilla ni se agrieta bajo cargas mec\u00e1nicas normales, como conducir o caminar sobre ella. <\/p>\n<p>El Grupo Lichtgitter cuenta con tres modernas plantas de galvanizaci\u00f3n. Esto significa que Lichtgitter tambi\u00e9n puede cumplir sus normas de calidad con respecto al tratamiento de superficie. <\/p>\n<p>Si se desea o se necesita una protecci\u00f3n adicional, las Rejillas met\u00e1licas de acero ya galvanizadas pueden sumergirse en bet\u00fan o recubrirse de pintura al horno. Esto es especialmente recomendable si las rejillas van a estar expuestas a productos qu\u00edmicos en el futuro. <\/p>\n<p>Tambi\u00e9n es posible suministrar Rejillas met\u00e1licas con un revestimiento de pl\u00e1stico o un acabado de pintura. Hay que tener en cuenta que no se recomienda la galvanizaci\u00f3n previa para la pintura. <\/p>\t\t\t\t\t\t\t\t<\/div>\n\t\t\t\t<\/div>\n\t\t\t\t<\/div>\n\t\t\t\t\t<\/div>\n\t\t\t\t<\/div>\n\t\t<div class=\"elementor-element elementor-element-e44fd9e pad-l e-flex e-con-boxed e-con e-parent\" data-id=\"e44fd9e\" data-element_type=\"container\" data-e-type=\"container\" data-settings=\"{&quot;background_background&quot;:&quot;classic&quot;,&quot;jet_parallax_layout_list&quot;:[]}\">\n\t\t\t\t\t<div class=\"e-con-inner\">\n\t\t<div class=\"elementor-element elementor-element-2fa44f5 e-con-full e-flex elementor-invisible e-con e-child\" data-id=\"2fa44f5\" data-element_type=\"container\" data-e-type=\"container\" data-settings=\"{&quot;animation&quot;:&quot;fadeInUp&quot;,&quot;jet_parallax_layout_list&quot;:[]}\">\n\t\t\t\t<div class=\"elementor-element elementor-element-de9ee82 elementor-widget__width-inherit elementor-widget elementor-widget-heading\" data-id=\"de9ee82\" data-element_type=\"widget\" data-e-type=\"widget\" data-widget_type=\"heading.default\">\n\t\t\t\t<div class=\"elementor-widget-container\">\n\t\t\t\t\t<h2 class=\"elementor-heading-title elementor-size-default\">Lichtgitter tiene en cuenta el factor medioambiental\n<\/h2>\t\t\t\t<\/div>\n\t\t\t\t<\/div>\n\t\t\t\t<div class=\"elementor-element elementor-element-28d27fb elementor-widget__width-inherit elementor-widget elementor-widget-text-editor\" data-id=\"28d27fb\" data-element_type=\"widget\" data-e-type=\"widget\" data-widget_type=\"text-editor.default\">\n\t\t\t\t<div class=\"elementor-widget-container\">\n\t\t\t\t\t\t\t\t\t<p>Lichtgitter galvaniza en caliente sus Rejillas met\u00e1licas conforme a la norma DIN EN ISO 1461, por lo que t\u00fa, como cliente, puedes estar absolutamente seguro de que siempre recibir\u00e1s una alta calidad constante. Pero para nosotros, como fabricantes, no s\u00f3lo es importante una calidad alta y constante. El aspecto medioambiental es tan importante para nosotros como la calidad.   <\/p><p>Por eso nos comprometemos a que el proceso de galvanizaci\u00f3n sea lo m\u00e1s respetuoso posible con el medio ambiente. Las zonas expuestas a \u00e1cidos y productos qu\u00edmicos est\u00e1n completamente cerradas en nuestras plantas. Esto no s\u00f3lo crea un entorno de trabajo limpio, sino tambi\u00e9n lugares de trabajo sin emisiones.  <\/p><p>Tambi\u00e9n damos mucha importancia a minimizar los residuos y ahorrar energ\u00eda. Todos los materiales residuales producidos durante el proceso de galvanizaci\u00f3n en caliente de las Rejillas met\u00e1licas se reciclan. <\/p>\t\t\t\t\t\t\t\t<\/div>\n\t\t\t\t<\/div>\n\t\t\t\t<\/div>\n\t\t\t\t\t<\/div>\n\t\t\t\t<\/div>\n\t\t\t\t<\/div>\n\t\t","protected":false},"excerpt":{"rendered":"<p>No s\u00f3lo las Rejillas met\u00e1licas, sino tambi\u00e9n las de otros materiales, satisfacen las m\u00e1s altas exigencias est\u00e1ticas y de dise\u00f1o. Tambi\u00e9n hay que destacar que tanto las Rejillas met\u00e1licas como las de otros materiales son elementos de construcci\u00f3n sin mantenimiento, econ\u00f3micos y sostenibles. Adem\u00e1s, ofrecen numerosas ventajas, como una buena permeabilidad al aire y a [&hellip;]<\/p>\n","protected":false},"author":1,"featured_media":0,"parent":0,"menu_order":3,"comment_status":"closed","ping_status":"closed","template":"","meta":{"_acf_changed":false,"footnotes":""},"class_list":["post-20549","page","type-page","status-publish","hentry"],"acf":[],"yoast_head":"<!-- This site is optimized with the Yoast SEO plugin v27.2 - https:\/\/yoast.com\/product\/yoast-seo-wordpress\/ -->\n<title>Rejillas met\u00e1licas: impresionantes con muchas aplicaciones posibles - Lichtgitter Gruppe<\/title>\n<meta name=\"robots\" content=\"noindex, follow, max-snippet:-1, max-image-preview:large, max-video-preview:-1\" \/>\n<meta property=\"og:locale\" content=\"es_ES\" \/>\n<meta property=\"og:type\" content=\"article\" \/>\n<meta property=\"og:title\" content=\"Rejillas met\u00e1licas: impresionantes con muchas aplicaciones posibles - Lichtgitter Gruppe\" \/>\n<meta property=\"og:description\" content=\"No s\u00f3lo las Rejillas met\u00e1licas, sino tambi\u00e9n las de otros materiales, satisfacen las m\u00e1s altas exigencias est\u00e1ticas y de dise\u00f1o. Tambi\u00e9n hay que destacar que tanto las Rejillas met\u00e1licas como las de otros materiales son elementos de construcci\u00f3n sin mantenimiento, econ\u00f3micos y sostenibles. Adem\u00e1s, ofrecen numerosas ventajas, como una buena permeabilidad al aire y a [&hellip;]\" \/>\n<meta property=\"og:url\" content=\"https:\/\/www2.lichtgitter.com\/es\/rejillas-metalicas-impresionantes-con-muchas-aplicaciones-posibles\/\" \/>\n<meta property=\"og:site_name\" content=\"Lichtgitter Gruppe\" \/>\n<meta property=\"article:modified_time\" content=\"2026-02-17T14:25:45+00:00\" \/>\n<meta name=\"twitter:card\" content=\"summary_large_image\" \/>\n<meta name=\"twitter:label1\" content=\"Tiempo de lectura\" \/>\n\t<meta name=\"twitter:data1\" content=\"3 minuto\" \/>\n<script type=\"application\/ld+json\" class=\"yoast-schema-graph\">{\"@context\":\"https:\/\/schema.org\",\"@graph\":[{\"@type\":\"WebPage\",\"@id\":\"https:\/\/www2.lichtgitter.com\/es\/rejillas-metalicas-impresionantes-con-muchas-aplicaciones-posibles\/\",\"url\":\"https:\/\/www2.lichtgitter.com\/es\/rejillas-metalicas-impresionantes-con-muchas-aplicaciones-posibles\/\",\"name\":\"Rejillas met\u00e1licas: impresionantes con muchas aplicaciones posibles - Lichtgitter Gruppe\",\"isPartOf\":{\"@id\":\"https:\/\/www2.lichtgitter.com\/es\/#website\"},\"datePublished\":\"2025-12-08T13:16:27+00:00\",\"dateModified\":\"2026-02-17T14:25:45+00:00\",\"breadcrumb\":{\"@id\":\"https:\/\/www2.lichtgitter.com\/es\/rejillas-metalicas-impresionantes-con-muchas-aplicaciones-posibles\/#breadcrumb\"},\"inLanguage\":\"es-ES\",\"potentialAction\":[{\"@type\":\"ReadAction\",\"target\":[\"https:\/\/www2.lichtgitter.com\/es\/rejillas-metalicas-impresionantes-con-muchas-aplicaciones-posibles\/\"]}]},{\"@type\":\"BreadcrumbList\",\"@id\":\"https:\/\/www2.lichtgitter.com\/es\/rejillas-metalicas-impresionantes-con-muchas-aplicaciones-posibles\/#breadcrumb\",\"itemListElement\":[{\"@type\":\"ListItem\",\"position\":1,\"name\":\"Home\",\"item\":\"https:\/\/www2.lichtgitter.com\/es\/pagina-de-inicio\/\"},{\"@type\":\"ListItem\",\"position\":2,\"name\":\"Rejillas met\u00e1licas: impresionantes con muchas aplicaciones posibles\"}]},{\"@type\":\"WebSite\",\"@id\":\"https:\/\/www2.lichtgitter.com\/es\/#website\",\"url\":\"https:\/\/www2.lichtgitter.com\/es\/\",\"name\":\"Lichtgitter Gruppe\",\"description\":\"Alles rund um Gitterroste bei lichtgitter.com\",\"publisher\":{\"@id\":\"https:\/\/www2.lichtgitter.com\/es\/#organization\"},\"potentialAction\":[{\"@type\":\"SearchAction\",\"target\":{\"@type\":\"EntryPoint\",\"urlTemplate\":\"https:\/\/www2.lichtgitter.com\/es\/?s={search_term_string}\"},\"query-input\":{\"@type\":\"PropertyValueSpecification\",\"valueRequired\":true,\"valueName\":\"search_term_string\"}}],\"inLanguage\":\"es-ES\"},{\"@type\":\"Organization\",\"@id\":\"https:\/\/www2.lichtgitter.com\/es\/#organization\",\"name\":\"Grupo Lichtgitter\",\"url\":\"https:\/\/www2.lichtgitter.com\/es\/\",\"logo\":{\"@type\":\"ImageObject\",\"inLanguage\":\"es-ES\",\"@id\":\"https:\/\/www2.lichtgitter.com\/es\/#\/schema\/logo\/image\/\",\"url\":\"https:\/\/www2.lichtgitter.com\/wp-content\/uploads\/2024\/02\/logo-rgb.png\",\"contentUrl\":\"https:\/\/www2.lichtgitter.com\/wp-content\/uploads\/2024\/02\/logo-rgb.png\",\"width\":1920,\"height\":297,\"caption\":\"Grupo Lichtgitter\"},\"image\":{\"@id\":\"https:\/\/www2.lichtgitter.com\/es\/#\/schema\/logo\/image\/\"}}]}<\/script>\n<!-- \/ Yoast SEO plugin. -->","yoast_head_json":{"title":"Rejillas met\u00e1licas: impresionantes con muchas aplicaciones posibles - Lichtgitter Gruppe","robots":{"index":"noindex","follow":"follow","max-snippet":"max-snippet:-1","max-image-preview":"max-image-preview:large","max-video-preview":"max-video-preview:-1"},"og_locale":"es_ES","og_type":"article","og_title":"Rejillas met\u00e1licas: impresionantes con muchas aplicaciones posibles - Lichtgitter Gruppe","og_description":"No s\u00f3lo las Rejillas met\u00e1licas, sino tambi\u00e9n las de otros materiales, satisfacen las m\u00e1s altas exigencias est\u00e1ticas y de dise\u00f1o. Tambi\u00e9n hay que destacar que tanto las Rejillas met\u00e1licas como las de otros materiales son elementos de construcci\u00f3n sin mantenimiento, econ\u00f3micos y sostenibles. Adem\u00e1s, ofrecen numerosas ventajas, como una buena permeabilidad al aire y a [&hellip;]","og_url":"https:\/\/www2.lichtgitter.com\/es\/rejillas-metalicas-impresionantes-con-muchas-aplicaciones-posibles\/","og_site_name":"Lichtgitter Gruppe","article_modified_time":"2026-02-17T14:25:45+00:00","twitter_card":"summary_large_image","twitter_misc":{"Tiempo de lectura":"3 minuto"},"schema":{"@context":"https:\/\/schema.org","@graph":[{"@type":"WebPage","@id":"https:\/\/www2.lichtgitter.com\/es\/rejillas-metalicas-impresionantes-con-muchas-aplicaciones-posibles\/","url":"https:\/\/www2.lichtgitter.com\/es\/rejillas-metalicas-impresionantes-con-muchas-aplicaciones-posibles\/","name":"Rejillas met\u00e1licas: impresionantes con muchas aplicaciones posibles - Lichtgitter Gruppe","isPartOf":{"@id":"https:\/\/www2.lichtgitter.com\/es\/#website"},"datePublished":"2025-12-08T13:16:27+00:00","dateModified":"2026-02-17T14:25:45+00:00","breadcrumb":{"@id":"https:\/\/www2.lichtgitter.com\/es\/rejillas-metalicas-impresionantes-con-muchas-aplicaciones-posibles\/#breadcrumb"},"inLanguage":"es-ES","potentialAction":[{"@type":"ReadAction","target":["https:\/\/www2.lichtgitter.com\/es\/rejillas-metalicas-impresionantes-con-muchas-aplicaciones-posibles\/"]}]},{"@type":"BreadcrumbList","@id":"https:\/\/www2.lichtgitter.com\/es\/rejillas-metalicas-impresionantes-con-muchas-aplicaciones-posibles\/#breadcrumb","itemListElement":[{"@type":"ListItem","position":1,"name":"Home","item":"https:\/\/www2.lichtgitter.com\/es\/pagina-de-inicio\/"},{"@type":"ListItem","position":2,"name":"Rejillas met\u00e1licas: impresionantes con muchas aplicaciones posibles"}]},{"@type":"WebSite","@id":"https:\/\/www2.lichtgitter.com\/es\/#website","url":"https:\/\/www2.lichtgitter.com\/es\/","name":"Lichtgitter Gruppe","description":"Alles rund um Gitterroste bei lichtgitter.com","publisher":{"@id":"https:\/\/www2.lichtgitter.com\/es\/#organization"},"potentialAction":[{"@type":"SearchAction","target":{"@type":"EntryPoint","urlTemplate":"https:\/\/www2.lichtgitter.com\/es\/?s={search_term_string}"},"query-input":{"@type":"PropertyValueSpecification","valueRequired":true,"valueName":"search_term_string"}}],"inLanguage":"es-ES"},{"@type":"Organization","@id":"https:\/\/www2.lichtgitter.com\/es\/#organization","name":"Grupo Lichtgitter","url":"https:\/\/www2.lichtgitter.com\/es\/","logo":{"@type":"ImageObject","inLanguage":"es-ES","@id":"https:\/\/www2.lichtgitter.com\/es\/#\/schema\/logo\/image\/","url":"https:\/\/www2.lichtgitter.com\/wp-content\/uploads\/2024\/02\/logo-rgb.png","contentUrl":"https:\/\/www2.lichtgitter.com\/wp-content\/uploads\/2024\/02\/logo-rgb.png","width":1920,"height":297,"caption":"Grupo Lichtgitter"},"image":{"@id":"https:\/\/www2.lichtgitter.com\/es\/#\/schema\/logo\/image\/"}}]}},"_links":{"self":[{"href":"https:\/\/www2.lichtgitter.com\/es\/wp-json\/wp\/v2\/pages\/20549","targetHints":{"allow":["GET"]}}],"collection":[{"href":"https:\/\/www2.lichtgitter.com\/es\/wp-json\/wp\/v2\/pages"}],"about":[{"href":"https:\/\/www2.lichtgitter.com\/es\/wp-json\/wp\/v2\/types\/page"}],"author":[{"embeddable":true,"href":"https:\/\/www2.lichtgitter.com\/es\/wp-json\/wp\/v2\/users\/1"}],"replies":[{"embeddable":true,"href":"https:\/\/www2.lichtgitter.com\/es\/wp-json\/wp\/v2\/comments?post=20549"}],"version-history":[{"count":3,"href":"https:\/\/www2.lichtgitter.com\/es\/wp-json\/wp\/v2\/pages\/20549\/revisions"}],"predecessor-version":[{"id":31619,"href":"https:\/\/www2.lichtgitter.com\/es\/wp-json\/wp\/v2\/pages\/20549\/revisions\/31619"}],"wp:attachment":[{"href":"https:\/\/www2.lichtgitter.com\/es\/wp-json\/wp\/v2\/media?parent=20549"}],"curies":[{"name":"wp","href":"https:\/\/api.w.org\/{rel}","templated":true}]}}