{"id":20378,"date":"2025-12-08T14:25:11","date_gmt":"2025-12-08T13:25:11","guid":{"rendered":"https:\/\/www.staging.lichtgitter.com\/un-caillebotis-en-plastique-offre-denormes-avantages\/"},"modified":"2026-02-18T14:13:59","modified_gmt":"2026-02-18T13:13:59","slug":"un-caillebotis-en-plastique-offre-denormes-avantages","status":"publish","type":"page","link":"https:\/\/www2.lichtgitter.com\/fr\/un-caillebotis-en-plastique-offre-denormes-avantages\/","title":{"rendered":"Un caillebotis en plastique offre d&rsquo;\u00e9normes avantages"},"content":{"rendered":"\t\t<div data-elementor-type=\"wp-page\" data-elementor-id=\"20378\" class=\"elementor elementor-20378 elementor-11115\" data-elementor-post-type=\"page\">\n\t\t\t\t<div class=\"elementor-element elementor-element-bc11f00 pad-lr-l e-flex e-con-boxed e-con e-parent\" data-id=\"bc11f00\" data-element_type=\"container\" data-e-type=\"container\" data-settings=\"{&quot;jet_parallax_layout_list&quot;:[]}\">\n\t\t\t\t\t<div class=\"e-con-inner\">\n\t\t\t\t<div data-dce-text-color=\"#FF0028\" class=\"elementor-element elementor-element-2f101ac elementor-invisible elementor-widget elementor-widget-breadcrumbs\" data-id=\"2f101ac\" data-element_type=\"widget\" data-e-type=\"widget\" data-settings=\"{&quot;_animation&quot;:&quot;fadeInUp&quot;}\" data-widget_type=\"breadcrumbs.default\">\n\t\t\t\t<div class=\"elementor-widget-container\">\n\t\t\t\t\t<p id=\"breadcrumbs\"><span><span><a href=\"https:\/\/www2.lichtgitter.com\/fr\/page-daccueil\/\">Home<\/a><\/span><\/span><\/p>\t\t\t\t<\/div>\n\t\t\t\t<\/div>\n\t\t\t\t\t<\/div>\n\t\t\t\t<\/div>\n\t\t<div class=\"elementor-element elementor-element-43276cb pad-l e-flex e-con-boxed e-con e-parent\" data-id=\"43276cb\" data-element_type=\"container\" data-e-type=\"container\" data-settings=\"{&quot;jet_parallax_layout_list&quot;:[]}\">\n\t\t\t\t\t<div class=\"e-con-inner\">\n\t\t\t\t<div class=\"elementor-element elementor-element-26f7003 elementor-widget__width-inherit elementor-invisible elementor-widget elementor-widget-heading\" data-id=\"26f7003\" data-element_type=\"widget\" data-e-type=\"widget\" data-settings=\"{&quot;_animation&quot;:&quot;fadeInUp&quot;}\" data-widget_type=\"heading.default\">\n\t\t\t\t<div class=\"elementor-widget-container\">\n\t\t\t\t\t<h1 class=\"elementor-heading-title elementor-size-default\">Un caillebotis en plastique offre d&rsquo;\u00e9normes avantages<\/h1>\t\t\t\t<\/div>\n\t\t\t\t<\/div>\n\t\t\t\t<div class=\"elementor-element elementor-element-83905f1 elementor-widget__width-inherit elementor-invisible elementor-widget elementor-widget-text-editor\" data-id=\"83905f1\" data-element_type=\"widget\" data-e-type=\"widget\" data-settings=\"{&quot;_animation&quot;:&quot;fadeInUp&quot;}\" data-widget_type=\"text-editor.default\">\n\t\t\t\t<div class=\"elementor-widget-container\">\n\t\t\t\t\t\t\t\t\t<p>Il existe des situations ou des lieux o\u00f9 un Caillebotis en acier traditionnel n&rsquo;est tout simplement plus suffisant. La plupart du temps, il s&rsquo;agit d&rsquo;endroits o\u00f9 les mat\u00e9riaux utilis\u00e9s doivent r\u00e9pondre \u00e0 des exigences particuli\u00e8res. De quels endroits s&rsquo;agit-il ?  <\/p><p>Nous sommes heureux de vous donner ici une petite s\u00e9lection de lieux, d&rsquo;usines et d&rsquo;entreprises o\u00f9 les Caillebotis traditionnels seraient d\u00e9plac\u00e9s et o\u00f9 le caillebotis en plastique est donc utilis\u00e9. Parmi ces lieux, on trouve notamment des plateformes offshore, des laiteries, des piscines couvertes, des ateliers de d\u00e9capage, des usines de production d&rsquo;eau et d&rsquo;\u00e9lectricit\u00e9, des brasseries et des fabricants de produits alimentaires. <\/p><p>La question qui se pose maintenant est de savoir quels sont les avantages d&rsquo;un caillebotis en plastique. Ce qu&rsquo;un PRV peut faire, ce qu&rsquo;un caillebotis traditionnel ne peut pas faire. Avant d&rsquo;entrer dans le vif du sujet, il convient de pr\u00e9ciser ce que signifie l&rsquo;abr\u00e9viation \u00ab\u00a0PRV\u00a0\u00bb. Les trois lettres majuscules signifient \u00ab\u00a0plastique renforc\u00e9 de fibres de verre\u00a0\u00bb. La particularit\u00e9 de ce mod\u00e8le est qu&rsquo;il combine les propri\u00e9t\u00e9s physiques sp\u00e9ciales de ce plastique particulier avec les avantages d&rsquo;un caillebotis.    <\/p><p>Cette combinaison sp\u00e9ciale pr\u00e9sente de nombreux avantages pour vous en tant qu&rsquo;utilisateur d&rsquo;un caillebotis en plastique. Par exemple, la r\u00e9sistance aux produits chimiques et aux intemp\u00e9ries d&rsquo;un caillebotis en plastique r\u00e9pond aux exigences les plus \u00e9lev\u00e9es. De plus, un caillebotis en plastique est tr\u00e8s r\u00e9sistant. Les caillebotis en PRV sont carossables et permettent de franchir de grandes port\u00e9es.   <\/p><p>De m\u00eame, un caillebotis en plastique a une dur\u00e9e de vie tr\u00e8s longue et il est \u00e9galement r\u00e9sistant au feu.<\/p><p>En outre, il s&rsquo;av\u00e8re antid\u00e9rapant jusqu&rsquo;\u00e0 R 13. Les caillebotis en plastique sont disponibles dans de nombreuses couleurs RAL. Ils sont r\u00e9sistants aux chocs, fiables et solides. En outre, un caillebotis en plastique est non conducteur, r\u00e9sistant aux halog\u00e8nes et sans silicone.  <\/p><p>Un caillebotis en plastique est 100 % r\u00e9sistant aux UV et conserve sa couleur et sa forme. Un caillebotis en plastique est \u00e9galement facile et peu co\u00fbteux \u00e0 installer. De plus, il n&rsquo;y a pas de frais d&rsquo;entretien. <\/p>\t\t\t\t\t\t\t\t<\/div>\n\t\t\t\t<\/div>\n\t\t\t\t\t<\/div>\n\t\t\t\t<\/div>\n\t\t<div class=\"elementor-element elementor-element-b49e670 pad-l e-flex e-con-boxed e-con e-parent\" data-id=\"b49e670\" data-element_type=\"container\" data-e-type=\"container\" data-settings=\"{&quot;background_background&quot;:&quot;classic&quot;,&quot;jet_parallax_layout_list&quot;:[]}\">\n\t\t\t\t\t<div class=\"e-con-inner\">\n\t\t<div class=\"elementor-element elementor-element-ed32981 e-con-full e-flex elementor-invisible e-con e-child\" data-id=\"ed32981\" data-element_type=\"container\" data-e-type=\"container\" data-settings=\"{&quot;animation&quot;:&quot;fadeInUp&quot;,&quot;jet_parallax_layout_list&quot;:[]}\">\n\t\t\t\t<div class=\"elementor-element elementor-element-2aab708 elementor-widget__width-inherit elementor-widget elementor-widget-heading\" data-id=\"2aab708\" data-element_type=\"widget\" data-e-type=\"widget\" data-widget_type=\"heading.default\">\n\t\t\t\t<div class=\"elementor-widget-container\">\n\t\t\t\t\t<h2 class=\"elementor-heading-title elementor-size-default\">Caillebotis en plastique : con\u00e7u pour r\u00e9pondre \u00e0 des besoins sp\u00e9cifiques\n<\/h2>\t\t\t\t<\/div>\n\t\t\t\t<\/div>\n\t\t\t\t<div class=\"elementor-element elementor-element-78cc41c elementor-widget__width-inherit elementor-widget elementor-widget-text-editor\" data-id=\"78cc41c\" data-element_type=\"widget\" data-e-type=\"widget\" data-widget_type=\"text-editor.default\">\n\t\t\t\t<div class=\"elementor-widget-container\">\n\t\t\t\t\t\t\t\t\t<p>Vous \u00eates \u00e0 la recherche de Caillebotis qui ne perdent pas la main, m\u00eame dans des conditions difficiles ? Ils sont stables et s\u00fbrs et offrent une longue dur\u00e9e de vie et ne n\u00e9cessitent pas d&rsquo;entretien, m\u00eame en cas d&rsquo;utilisation intensive ? Alors, choisissez un caillebotis en plastique de Lichtgitter. Avec un caillebotis en plastique, vous faites l&rsquo;acquisition d&rsquo;un produit de haute qualit\u00e9 qui offre une long\u00e9vit\u00e9 et une robustesse absolue, m\u00eame dans des environnements difficiles.   <\/p><p>Bien entendu, le groupe Lichtgitter ne se contente pas de vous proposer des caillebotis en plastique de diff\u00e9rents types. Nous vous proposons \u00e9galement des conseils professionnels. Nous vous proposons \u00e9galement d&rsquo;autres produits en PRV. Vous trouverez ainsi dans notre portefeuille des \u00e9chelles en PRV, des garde-corps en PRV ou des marches en PRV.  <\/p>\n<p>Notre vaste gamme est compl\u00e9t\u00e9e par un large \u00e9ventail d&rsquo;accessoires, de pieds r\u00e9glables et de mat\u00e9riel de fixation. Ainsi, m\u00eame les projets les plus ambitieux peuvent \u00eatre r\u00e9alis\u00e9s sans probl\u00e8me. Car nous ne sommes pas seulement synonymes d&rsquo;excellente qualit\u00e9, mais aussi de bon service&#8230;  <\/p>\t\t\t\t\t\t\t\t<\/div>\n\t\t\t\t<\/div>\n\t\t\t\t<\/div>\n\t\t\t\t\t<\/div>\n\t\t\t\t<\/div>\n\t\t\t\t<\/div>\n\t\t","protected":false},"excerpt":{"rendered":"<p>Il existe des situations ou des lieux o\u00f9 un Caillebotis en acier traditionnel n&rsquo;est tout simplement plus suffisant. La plupart du temps, il s&rsquo;agit d&rsquo;endroits o\u00f9 les mat\u00e9riaux utilis\u00e9s doivent r\u00e9pondre \u00e0 des exigences particuli\u00e8res. De quels endroits s&rsquo;agit-il ? Nous sommes heureux de vous donner ici une petite s\u00e9lection de lieux, d&rsquo;usines et d&rsquo;entreprises [&hellip;]<\/p>\n","protected":false},"author":1,"featured_media":0,"parent":0,"menu_order":3,"comment_status":"closed","ping_status":"closed","template":"","meta":{"_acf_changed":false,"footnotes":""},"class_list":["post-20378","page","type-page","status-publish","hentry"],"acf":[],"yoast_head":"<!-- This site is optimized with the Yoast SEO plugin v27.2 - https:\/\/yoast.com\/product\/yoast-seo-wordpress\/ -->\n<title>Groupe de barri\u00e8res immat\u00e9rielles - Une caillebotis en plastique offre d&#039;\u00e9normes avantages<\/title>\n<meta name=\"description\" content=\"Fabricant et fournisseur de Caillebotis, grilles de s\u00e9curit\u00e9, produits en PRV et escaliers h\u00e9lico\u00efdaux - Produits de qualit\u00e9 depuis 1929 - Lichtgitter l&#039;original\" \/>\n<meta name=\"robots\" content=\"noindex, follow, max-snippet:-1, max-image-preview:large, max-video-preview:-1\" \/>\n<meta property=\"og:locale\" content=\"fr_FR\" \/>\n<meta property=\"og:type\" content=\"article\" \/>\n<meta property=\"og:title\" content=\"Groupe de barri\u00e8res immat\u00e9rielles - Une caillebotis en plastique offre d&#039;\u00e9normes avantages\" \/>\n<meta property=\"og:description\" content=\"Fabricant et fournisseur de Caillebotis, grilles de s\u00e9curit\u00e9, produits en PRV et escaliers h\u00e9lico\u00efdaux - Produits de qualit\u00e9 depuis 1929 - Lichtgitter l&#039;original\" \/>\n<meta property=\"og:url\" content=\"https:\/\/www2.lichtgitter.com\/fr\/un-caillebotis-en-plastique-offre-denormes-avantages\/\" \/>\n<meta property=\"og:site_name\" content=\"Groupe de Lichtgitter\" \/>\n<meta property=\"article:modified_time\" content=\"2026-02-18T13:13:59+00:00\" \/>\n<meta name=\"twitter:card\" content=\"summary_large_image\" \/>\n<meta name=\"twitter:label1\" content=\"Dur\u00e9e de lecture estim\u00e9e\" \/>\n\t<meta name=\"twitter:data1\" content=\"3 minutes\" \/>\n<script type=\"application\/ld+json\" class=\"yoast-schema-graph\">{\"@context\":\"https:\/\/schema.org\",\"@graph\":[{\"@type\":\"WebPage\",\"@id\":\"https:\/\/www2.lichtgitter.com\/fr\/un-caillebotis-en-plastique-offre-denormes-avantages\/\",\"url\":\"https:\/\/www2.lichtgitter.com\/fr\/un-caillebotis-en-plastique-offre-denormes-avantages\/\",\"name\":\"Groupe de barri\u00e8res immat\u00e9rielles - Une caillebotis en plastique offre d'\u00e9normes avantages\",\"isPartOf\":{\"@id\":\"https:\/\/www2.lichtgitter.com\/fr\/#website\"},\"datePublished\":\"2025-12-08T13:25:11+00:00\",\"dateModified\":\"2026-02-18T13:13:59+00:00\",\"description\":\"Fabricant et fournisseur de Caillebotis, grilles de s\u00e9curit\u00e9, produits en PRV et escaliers h\u00e9lico\u00efdaux - Produits de qualit\u00e9 depuis 1929 - Lichtgitter l'original\",\"breadcrumb\":{\"@id\":\"https:\/\/www2.lichtgitter.com\/fr\/un-caillebotis-en-plastique-offre-denormes-avantages\/#breadcrumb\"},\"inLanguage\":\"fr-FR\",\"potentialAction\":[{\"@type\":\"ReadAction\",\"target\":[\"https:\/\/www2.lichtgitter.com\/fr\/un-caillebotis-en-plastique-offre-denormes-avantages\/\"]}]},{\"@type\":\"BreadcrumbList\",\"@id\":\"https:\/\/www2.lichtgitter.com\/fr\/un-caillebotis-en-plastique-offre-denormes-avantages\/#breadcrumb\",\"itemListElement\":[{\"@type\":\"ListItem\",\"position\":1,\"name\":\"Home\",\"item\":\"https:\/\/www2.lichtgitter.com\/fr\/page-daccueil\/\"},{\"@type\":\"ListItem\",\"position\":2,\"name\":\"Un caillebotis en plastique offre d&rsquo;\u00e9normes avantages\"}]},{\"@type\":\"WebSite\",\"@id\":\"https:\/\/www2.lichtgitter.com\/fr\/#website\",\"url\":\"https:\/\/www2.lichtgitter.com\/fr\/\",\"name\":\"Lichtgitter Gruppe\",\"description\":\"Alles rund um Gitterroste bei lichtgitter.com\",\"publisher\":{\"@id\":\"https:\/\/www2.lichtgitter.com\/fr\/#organization\"},\"potentialAction\":[{\"@type\":\"SearchAction\",\"target\":{\"@type\":\"EntryPoint\",\"urlTemplate\":\"https:\/\/www2.lichtgitter.com\/fr\/?s={search_term_string}\"},\"query-input\":{\"@type\":\"PropertyValueSpecification\",\"valueRequired\":true,\"valueName\":\"search_term_string\"}}],\"inLanguage\":\"fr-FR\"},{\"@type\":\"Organization\",\"@id\":\"https:\/\/www2.lichtgitter.com\/fr\/#organization\",\"name\":\"Groupe de Lichtgitter\",\"url\":\"https:\/\/www2.lichtgitter.com\/fr\/\",\"logo\":{\"@type\":\"ImageObject\",\"inLanguage\":\"fr-FR\",\"@id\":\"https:\/\/www2.lichtgitter.com\/fr\/#\/schema\/logo\/image\/\",\"url\":\"https:\/\/www2.lichtgitter.com\/wp-content\/uploads\/2024\/02\/logo-rgb.png\",\"contentUrl\":\"https:\/\/www2.lichtgitter.com\/wp-content\/uploads\/2024\/02\/logo-rgb.png\",\"width\":1920,\"height\":297,\"caption\":\"Groupe de Lichtgitter\"},\"image\":{\"@id\":\"https:\/\/www2.lichtgitter.com\/fr\/#\/schema\/logo\/image\/\"}}]}<\/script>\n<!-- \/ Yoast SEO plugin. -->","yoast_head_json":{"title":"Groupe de barri\u00e8res immat\u00e9rielles - Une caillebotis en plastique offre d'\u00e9normes avantages","description":"Fabricant et fournisseur de Caillebotis, grilles de s\u00e9curit\u00e9, produits en PRV et escaliers h\u00e9lico\u00efdaux - Produits de qualit\u00e9 depuis 1929 - Lichtgitter l'original","robots":{"index":"noindex","follow":"follow","max-snippet":"max-snippet:-1","max-image-preview":"max-image-preview:large","max-video-preview":"max-video-preview:-1"},"og_locale":"fr_FR","og_type":"article","og_title":"Groupe de barri\u00e8res immat\u00e9rielles - Une caillebotis en plastique offre d'\u00e9normes avantages","og_description":"Fabricant et fournisseur de Caillebotis, grilles de s\u00e9curit\u00e9, produits en PRV et escaliers h\u00e9lico\u00efdaux - Produits de qualit\u00e9 depuis 1929 - Lichtgitter l'original","og_url":"https:\/\/www2.lichtgitter.com\/fr\/un-caillebotis-en-plastique-offre-denormes-avantages\/","og_site_name":"Groupe de Lichtgitter","article_modified_time":"2026-02-18T13:13:59+00:00","twitter_card":"summary_large_image","twitter_misc":{"Dur\u00e9e de lecture estim\u00e9e":"3 minutes"},"schema":{"@context":"https:\/\/schema.org","@graph":[{"@type":"WebPage","@id":"https:\/\/www2.lichtgitter.com\/fr\/un-caillebotis-en-plastique-offre-denormes-avantages\/","url":"https:\/\/www2.lichtgitter.com\/fr\/un-caillebotis-en-plastique-offre-denormes-avantages\/","name":"Groupe de barri\u00e8res immat\u00e9rielles - Une caillebotis en plastique offre d'\u00e9normes avantages","isPartOf":{"@id":"https:\/\/www2.lichtgitter.com\/fr\/#website"},"datePublished":"2025-12-08T13:25:11+00:00","dateModified":"2026-02-18T13:13:59+00:00","description":"Fabricant et fournisseur de Caillebotis, grilles de s\u00e9curit\u00e9, produits en PRV et escaliers h\u00e9lico\u00efdaux - Produits de qualit\u00e9 depuis 1929 - Lichtgitter l'original","breadcrumb":{"@id":"https:\/\/www2.lichtgitter.com\/fr\/un-caillebotis-en-plastique-offre-denormes-avantages\/#breadcrumb"},"inLanguage":"fr-FR","potentialAction":[{"@type":"ReadAction","target":["https:\/\/www2.lichtgitter.com\/fr\/un-caillebotis-en-plastique-offre-denormes-avantages\/"]}]},{"@type":"BreadcrumbList","@id":"https:\/\/www2.lichtgitter.com\/fr\/un-caillebotis-en-plastique-offre-denormes-avantages\/#breadcrumb","itemListElement":[{"@type":"ListItem","position":1,"name":"Home","item":"https:\/\/www2.lichtgitter.com\/fr\/page-daccueil\/"},{"@type":"ListItem","position":2,"name":"Un caillebotis en plastique offre d&rsquo;\u00e9normes avantages"}]},{"@type":"WebSite","@id":"https:\/\/www2.lichtgitter.com\/fr\/#website","url":"https:\/\/www2.lichtgitter.com\/fr\/","name":"Lichtgitter Gruppe","description":"Alles rund um Gitterroste bei lichtgitter.com","publisher":{"@id":"https:\/\/www2.lichtgitter.com\/fr\/#organization"},"potentialAction":[{"@type":"SearchAction","target":{"@type":"EntryPoint","urlTemplate":"https:\/\/www2.lichtgitter.com\/fr\/?s={search_term_string}"},"query-input":{"@type":"PropertyValueSpecification","valueRequired":true,"valueName":"search_term_string"}}],"inLanguage":"fr-FR"},{"@type":"Organization","@id":"https:\/\/www2.lichtgitter.com\/fr\/#organization","name":"Groupe de Lichtgitter","url":"https:\/\/www2.lichtgitter.com\/fr\/","logo":{"@type":"ImageObject","inLanguage":"fr-FR","@id":"https:\/\/www2.lichtgitter.com\/fr\/#\/schema\/logo\/image\/","url":"https:\/\/www2.lichtgitter.com\/wp-content\/uploads\/2024\/02\/logo-rgb.png","contentUrl":"https:\/\/www2.lichtgitter.com\/wp-content\/uploads\/2024\/02\/logo-rgb.png","width":1920,"height":297,"caption":"Groupe de Lichtgitter"},"image":{"@id":"https:\/\/www2.lichtgitter.com\/fr\/#\/schema\/logo\/image\/"}}]}},"_links":{"self":[{"href":"https:\/\/www2.lichtgitter.com\/fr\/wp-json\/wp\/v2\/pages\/20378","targetHints":{"allow":["GET"]}}],"collection":[{"href":"https:\/\/www2.lichtgitter.com\/fr\/wp-json\/wp\/v2\/pages"}],"about":[{"href":"https:\/\/www2.lichtgitter.com\/fr\/wp-json\/wp\/v2\/types\/page"}],"author":[{"embeddable":true,"href":"https:\/\/www2.lichtgitter.com\/fr\/wp-json\/wp\/v2\/users\/1"}],"replies":[{"embeddable":true,"href":"https:\/\/www2.lichtgitter.com\/fr\/wp-json\/wp\/v2\/comments?post=20378"}],"version-history":[{"count":5,"href":"https:\/\/www2.lichtgitter.com\/fr\/wp-json\/wp\/v2\/pages\/20378\/revisions"}],"predecessor-version":[{"id":32400,"href":"https:\/\/www2.lichtgitter.com\/fr\/wp-json\/wp\/v2\/pages\/20378\/revisions\/32400"}],"wp:attachment":[{"href":"https:\/\/www2.lichtgitter.com\/fr\/wp-json\/wp\/v2\/media?parent=20378"}],"curies":[{"name":"wp","href":"https:\/\/api.w.org\/{rel}","templated":true}]}}