{"id":20391,"date":"2025-12-08T14:23:27","date_gmt":"2025-12-08T13:23:27","guid":{"rendered":"https:\/\/www.staging.lichtgitter.com\/caillebotis-un-revetement-de-sol-galvanise-pour-leternite\/"},"modified":"2026-02-18T14:13:59","modified_gmt":"2026-02-18T13:13:59","slug":"caillebotis-un-revetement-de-sol-galvanise-pour-leternite","status":"publish","type":"page","link":"https:\/\/www2.lichtgitter.com\/fr\/caillebotis-un-revetement-de-sol-galvanise-pour-leternite\/","title":{"rendered":"Caillebotis : un rev\u00eatement de sol galvanis\u00e9 pour l&rsquo;\u00e9ternit\u00e9"},"content":{"rendered":"\t\t<div data-elementor-type=\"wp-page\" data-elementor-id=\"20391\" class=\"elementor elementor-20391 elementor-11107\" data-elementor-post-type=\"page\">\n\t\t\t\t<div class=\"elementor-element elementor-element-bc11f00 pad-lr-l e-flex e-con-boxed e-con e-parent\" data-id=\"bc11f00\" data-element_type=\"container\" data-e-type=\"container\" data-settings=\"{&quot;jet_parallax_layout_list&quot;:[]}\">\n\t\t\t\t\t<div class=\"e-con-inner\">\n\t\t\t\t<div data-dce-text-color=\"#FF0028\" class=\"elementor-element elementor-element-2f101ac elementor-invisible elementor-widget elementor-widget-breadcrumbs\" data-id=\"2f101ac\" data-element_type=\"widget\" data-e-type=\"widget\" data-settings=\"{&quot;_animation&quot;:&quot;fadeInUp&quot;}\" data-widget_type=\"breadcrumbs.default\">\n\t\t\t\t<div class=\"elementor-widget-container\">\n\t\t\t\t\t<p id=\"breadcrumbs\"><span><span><a href=\"https:\/\/www2.lichtgitter.com\/fr\/page-daccueil\/\">Home<\/a><\/span><\/span><\/p>\t\t\t\t<\/div>\n\t\t\t\t<\/div>\n\t\t\t\t\t<\/div>\n\t\t\t\t<\/div>\n\t\t<div class=\"elementor-element elementor-element-43276cb pad-l e-flex e-con-boxed e-con e-parent\" data-id=\"43276cb\" data-element_type=\"container\" data-e-type=\"container\" data-settings=\"{&quot;jet_parallax_layout_list&quot;:[]}\">\n\t\t\t\t\t<div class=\"e-con-inner\">\n\t\t\t\t<div class=\"elementor-element elementor-element-26f7003 elementor-widget__width-inherit elementor-invisible elementor-widget elementor-widget-heading\" data-id=\"26f7003\" data-element_type=\"widget\" data-e-type=\"widget\" data-settings=\"{&quot;_animation&quot;:&quot;fadeInUp&quot;}\" data-widget_type=\"heading.default\">\n\t\t\t\t<div class=\"elementor-widget-container\">\n\t\t\t\t\t<h1 class=\"elementor-heading-title elementor-size-default\">Caillebotis : un rev\u00eatement de sol galvanis\u00e9 pour l&rsquo;\u00e9ternit\u00e9<\/h1>\t\t\t\t<\/div>\n\t\t\t\t<\/div>\n\t\t\t\t<div class=\"elementor-element elementor-element-83905f1 elementor-widget__width-inherit elementor-invisible elementor-widget elementor-widget-text-editor\" data-id=\"83905f1\" data-element_type=\"widget\" data-e-type=\"widget\" data-settings=\"{&quot;_animation&quot;:&quot;fadeInUp&quot;}\" data-widget_type=\"text-editor.default\">\n\t\t\t\t<div class=\"elementor-widget-container\">\n\t\t\t\t\t\t\t\t\tAvec certains \u00e9l\u00e9ments de construction, c&rsquo;est un v\u00e9ritable combat. Beaucoup de choses qui semblent attrayantes ne sont pas tr\u00e8s convaincantes en termes de robustesse et de durabilit\u00e9. Les personnes qui accordent une grande importance \u00e0 l&rsquo;aspect visuel le remarquent souvent. Mais heureusement, il existe bien s\u00fbr des \u00e9l\u00e9ments qui r\u00e9pondent \u00e0 la fois aux exigences visuelles et aux aspects fonctionnels. M\u00eame si l&rsquo;on ne s&rsquo;en doute pas directement, un caillebotis galvanis\u00e9 fait en tout cas partie de ce groupe. En effet, un caillebotis galvanis\u00e9 \u00e0 feu peut effectivement faire beaucoup plus que convaincre en termes de fonctionnalit\u00e9.     \n\n\t\t\t\t\t\t\t\t<\/div>\n\t\t\t\t<\/div>\n\t\t\t\t\t<\/div>\n\t\t\t\t<\/div>\n\t\t<div class=\"elementor-element elementor-element-b49e670 pad-l e-flex e-con-boxed e-con e-parent\" data-id=\"b49e670\" data-element_type=\"container\" data-e-type=\"container\" data-settings=\"{&quot;background_background&quot;:&quot;classic&quot;,&quot;jet_parallax_layout_list&quot;:[]}\">\n\t\t\t\t\t<div class=\"e-con-inner\">\n\t\t<div class=\"elementor-element elementor-element-ed32981 e-con-full e-flex elementor-invisible e-con e-child\" data-id=\"ed32981\" data-element_type=\"container\" data-e-type=\"container\" data-settings=\"{&quot;animation&quot;:&quot;fadeInUp&quot;,&quot;jet_parallax_layout_list&quot;:[]}\">\n\t\t\t\t<div class=\"elementor-element elementor-element-2aab708 elementor-widget__width-inherit elementor-widget elementor-widget-heading\" data-id=\"2aab708\" data-element_type=\"widget\" data-e-type=\"widget\" data-widget_type=\"heading.default\">\n\t\t\t\t<div class=\"elementor-widget-container\">\n\t\t\t\t\t<h2 class=\"elementor-heading-title elementor-size-default\">Caillebotis - galvanis\u00e9, fonctionnel &amp; esth\u00e9tique\n<\/h2>\t\t\t\t<\/div>\n\t\t\t\t<\/div>\n\t\t\t\t<div class=\"elementor-element elementor-element-78cc41c elementor-widget__width-inherit elementor-widget elementor-widget-text-editor\" data-id=\"78cc41c\" data-element_type=\"widget\" data-e-type=\"widget\" data-widget_type=\"text-editor.default\">\n\t\t\t\t<div class=\"elementor-widget-container\">\n\t\t\t\t\t\t\t\t\t<p>Il n&rsquo;y a pas si longtemps, un caillebotis galvanis\u00e9 \u00e9tait utilis\u00e9 exclusivement pour des raisons fonctionnelles. Les caillebotis galvanis\u00e9s \u00e9taient principalement utilis\u00e9s dans l&rsquo;industrie ou dans la construction de centrales \u00e9lectriques comme plateformes de travail et passerelles. La plupart du temps, l&rsquo;aspect visuel ne jouait qu&rsquo;un r\u00f4le minime, voire inexistant.  <\/p><p>Mais les temps ont chang\u00e9 et les aspects visuels jouent d\u00e9sormais un r\u00f4le non n\u00e9gligeable, m\u00eame dans des domaines o\u00f9 vous ne l&rsquo;auriez peut-\u00eatre pas pens\u00e9 au d\u00e9part. Une \u00e9volution qui ne signifie pas que le Caillebotis galvanis\u00e9 a disparu du march\u00e9. Non, c&rsquo;est plut\u00f4t le contraire qui est vrai. Les caillebotis galvanis\u00e9s \u00e0 feu ne sont pas seulement utilis\u00e9s pour leur fonctionnalit\u00e9, mais aussi de plus en plus dans des domaines o\u00f9 l&rsquo;esth\u00e9tique et le design sont au premier plan.   <\/p><p>Dans le cadre de l&rsquo;architecture moderne, un caillebotis galvanis\u00e9 remplit ainsi des t\u00e2ches importantes en termes de conception ainsi que de fonction. Un caillebotis galvanis\u00e9 peut aujourd&rsquo;hui \u00eatre utilis\u00e9 par exemple comme bardage, remplissage de balustrade, grille de plafond ou \u00e9l\u00e9ment de design. <\/p>\t\t\t\t\t\t\t\t<\/div>\n\t\t\t\t<\/div>\n\t\t\t\t<\/div>\n\t\t\t\t\t<\/div>\n\t\t\t\t<\/div>\n\t\t<div class=\"elementor-element elementor-element-23941be pad-l e-flex e-con-boxed e-con e-parent\" data-id=\"23941be\" data-element_type=\"container\" data-e-type=\"container\" data-settings=\"{&quot;jet_parallax_layout_list&quot;:[]}\">\n\t\t\t\t\t<div class=\"e-con-inner\">\n\t\t<div class=\"elementor-element elementor-element-87976dc e-con-full e-flex elementor-invisible e-con e-child\" data-id=\"87976dc\" data-element_type=\"container\" data-e-type=\"container\" data-settings=\"{&quot;animation&quot;:&quot;fadeInUp&quot;,&quot;jet_parallax_layout_list&quot;:[]}\">\n\t\t\t\t<div class=\"elementor-element elementor-element-d16f70e elementor-widget__width-inherit elementor-widget elementor-widget-heading\" data-id=\"d16f70e\" data-element_type=\"widget\" data-e-type=\"widget\" data-widget_type=\"heading.default\">\n\t\t\t\t<div class=\"elementor-widget-container\">\n\t\t\t\t\t<h2 class=\"elementor-heading-title elementor-size-default\">Caillebotis galvanis\u00e9 dispose d'une excellente protection anticorrosion\n<\/h2>\t\t\t\t<\/div>\n\t\t\t\t<\/div>\n\t\t\t\t<div class=\"elementor-element elementor-element-9423eb1 elementor-widget elementor-widget-text-editor\" data-id=\"9423eb1\" data-element_type=\"widget\" data-e-type=\"widget\" data-widget_type=\"text-editor.default\">\n\t\t\t\t<div class=\"elementor-widget-container\">\n\t\t\t\t\t\t\t\t\t<p>Vous vous demandez peut-\u00eatre pourquoi vous devriez opter pour un caillebotis galvanis\u00e9. Eh bien, la r\u00e9ponse est en principe \u00e9vidente, car c&rsquo;est la galvanisation \u00e0 chaud qui conf\u00e8re au caillebotis en acier sa robustesse et sa long\u00e9vit\u00e9. La galvanisation \u00e0 chaud a fait ses preuves au fil des ans en tant que protection anticorrosion. C&rsquo;est aussi la raison pour laquelle le groupe Lichtgitter compte aujourd&rsquo;hui 3 usines de galvanisation, qui comptent parmi les plus modernes d&rsquo;Europe.   <\/p><p>Avant de passer \u00e0 la galvanisation \u00e0 chaud proprement dite, le Caillebotis qui doit \u00eatre galvanis\u00e9 doit \u00eatre pr\u00e9trait\u00e9 en cons\u00e9quence. Le caillebotis est ensuite plong\u00e9 dans du zinc en fusion. Le caillebotis est alors recouvert d&rsquo;une couche de zinc. Ce rev\u00eatement ne s&rsquo;\u00e9caille pas sous une charge m\u00e9canique normale et conf\u00e8re au caillebotis galvanis\u00e9 \u00e0 feu la robustesse n\u00e9cessaire.   <\/p>\t\t\t\t\t\t\t\t<\/div>\n\t\t\t\t<\/div>\n\t\t\t\t<\/div>\n\t\t\t\t\t<\/div>\n\t\t\t\t<\/div>\n\t\t<div class=\"elementor-element elementor-element-e44fd9e pad-l e-flex e-con-boxed e-con e-parent\" data-id=\"e44fd9e\" data-element_type=\"container\" data-e-type=\"container\" data-settings=\"{&quot;background_background&quot;:&quot;classic&quot;,&quot;jet_parallax_layout_list&quot;:[]}\">\n\t\t\t\t\t<div class=\"e-con-inner\">\n\t\t<div class=\"elementor-element elementor-element-2fa44f5 e-con-full e-flex elementor-invisible e-con e-child\" data-id=\"2fa44f5\" data-element_type=\"container\" data-e-type=\"container\" data-settings=\"{&quot;animation&quot;:&quot;fadeInUp&quot;,&quot;jet_parallax_layout_list&quot;:[]}\">\n\t\t\t\t<div class=\"elementor-element elementor-element-de9ee82 elementor-widget__width-inherit elementor-widget elementor-widget-heading\" data-id=\"de9ee82\" data-element_type=\"widget\" data-e-type=\"widget\" data-widget_type=\"heading.default\">\n\t\t\t\t<div class=\"elementor-widget-container\">\n\t\t\t\t\t<h2 class=\"elementor-heading-title elementor-size-default\">Caillebotis galvanis\u00e9 et l'aspect environnemental\n<\/h2>\t\t\t\t<\/div>\n\t\t\t\t<\/div>\n\t\t\t\t<div class=\"elementor-element elementor-element-28d27fb elementor-widget__width-inherit elementor-widget elementor-widget-text-editor\" data-id=\"28d27fb\" data-element_type=\"widget\" data-e-type=\"widget\" data-widget_type=\"text-editor.default\">\n\t\t\t\t<div class=\"elementor-widget-container\">\n\t\t\t\t\t\t\t\t\t<p>Si vous envisagez d&rsquo;acheter un Caillebotis galvanis\u00e9, vous vous posez certainement la question de la qualit\u00e9 et de la durabilit\u00e9. En tant que client, vous pouvez \u00eatre absolument certain que vous recevrez toujours une qualit\u00e9 \u00e9lev\u00e9e et constante, car la galvanisation \u00e0 chaud est effectu\u00e9e chez nous selon la norme DIN EN ISO 1461. <\/p><p>Mais nous ne nous contentons pas d&rsquo;une qualit\u00e9 \u00e9lev\u00e9e, nous tenons \u00e9galement compte de l&rsquo;aspect environnemental. Nous tenons \u00e0 ce que le processus de galvanisation \u00e0 chaud soit le plus respectueux possible de l&rsquo;environnement. <\/p>\n<p>Nous sommes \u00e9galement attentifs aux aspects d\u00e9chets et \u00e9nergie. Nous pouvons affirmer que tous les d\u00e9chets g\u00e9n\u00e9r\u00e9s pendant le processus de galvanisation sont enti\u00e8rement recycl\u00e9s. <\/p>\t\t\t\t\t\t\t\t<\/div>\n\t\t\t\t<\/div>\n\t\t\t\t<\/div>\n\t\t\t\t\t<\/div>\n\t\t\t\t<\/div>\n\t\t\t\t<\/div>\n\t\t","protected":false},"excerpt":{"rendered":"<p>Avec certains \u00e9l\u00e9ments de construction, c&rsquo;est un v\u00e9ritable combat. Beaucoup de choses qui semblent attrayantes ne sont pas tr\u00e8s convaincantes en termes de robustesse et de durabilit\u00e9. Les personnes qui accordent une grande importance \u00e0 l&rsquo;aspect visuel le remarquent souvent. Mais heureusement, il existe bien s\u00fbr des \u00e9l\u00e9ments qui r\u00e9pondent \u00e0 la fois aux exigences [&hellip;]<\/p>\n","protected":false},"author":1,"featured_media":0,"parent":0,"menu_order":3,"comment_status":"closed","ping_status":"closed","template":"","meta":{"_acf_changed":false,"footnotes":""},"class_list":["post-20391","page","type-page","status-publish","hentry"],"acf":[],"yoast_head":"<!-- This site is optimized with the Yoast SEO plugin v27.2 - https:\/\/yoast.com\/product\/yoast-seo-wordpress\/ -->\n<title>Caillebotis : un rev\u00eatement de sol galvanis\u00e9 pour l&#039;\u00e9ternit\u00e9 - Groupe de Lichtgitter<\/title>\n<meta name=\"robots\" content=\"noindex, follow, max-snippet:-1, max-image-preview:large, max-video-preview:-1\" \/>\n<meta property=\"og:locale\" content=\"fr_FR\" \/>\n<meta property=\"og:type\" content=\"article\" \/>\n<meta property=\"og:title\" content=\"Caillebotis : un rev\u00eatement de sol galvanis\u00e9 pour l&#039;\u00e9ternit\u00e9 - Groupe de Lichtgitter\" \/>\n<meta property=\"og:description\" content=\"Avec certains \u00e9l\u00e9ments de construction, c&rsquo;est un v\u00e9ritable combat. Beaucoup de choses qui semblent attrayantes ne sont pas tr\u00e8s convaincantes en termes de robustesse et de durabilit\u00e9. Les personnes qui accordent une grande importance \u00e0 l&rsquo;aspect visuel le remarquent souvent. Mais heureusement, il existe bien s\u00fbr des \u00e9l\u00e9ments qui r\u00e9pondent \u00e0 la fois aux exigences [&hellip;]\" \/>\n<meta property=\"og:url\" content=\"https:\/\/www2.lichtgitter.com\/fr\/caillebotis-un-revetement-de-sol-galvanise-pour-leternite\/\" \/>\n<meta property=\"og:site_name\" content=\"Groupe de Lichtgitter\" \/>\n<meta property=\"article:modified_time\" content=\"2026-02-18T13:13:59+00:00\" \/>\n<meta name=\"twitter:card\" content=\"summary_large_image\" \/>\n<meta name=\"twitter:label1\" content=\"Dur\u00e9e de lecture estim\u00e9e\" \/>\n\t<meta name=\"twitter:data1\" content=\"3 minutes\" \/>\n<script type=\"application\/ld+json\" class=\"yoast-schema-graph\">{\"@context\":\"https:\/\/schema.org\",\"@graph\":[{\"@type\":\"WebPage\",\"@id\":\"https:\/\/www2.lichtgitter.com\/fr\/caillebotis-un-revetement-de-sol-galvanise-pour-leternite\/\",\"url\":\"https:\/\/www2.lichtgitter.com\/fr\/caillebotis-un-revetement-de-sol-galvanise-pour-leternite\/\",\"name\":\"Caillebotis : un rev\u00eatement de sol galvanis\u00e9 pour l'\u00e9ternit\u00e9 - Groupe de Lichtgitter\",\"isPartOf\":{\"@id\":\"https:\/\/www2.lichtgitter.com\/fr\/#website\"},\"datePublished\":\"2025-12-08T13:23:27+00:00\",\"dateModified\":\"2026-02-18T13:13:59+00:00\",\"breadcrumb\":{\"@id\":\"https:\/\/www2.lichtgitter.com\/fr\/caillebotis-un-revetement-de-sol-galvanise-pour-leternite\/#breadcrumb\"},\"inLanguage\":\"fr-FR\",\"potentialAction\":[{\"@type\":\"ReadAction\",\"target\":[\"https:\/\/www2.lichtgitter.com\/fr\/caillebotis-un-revetement-de-sol-galvanise-pour-leternite\/\"]}]},{\"@type\":\"BreadcrumbList\",\"@id\":\"https:\/\/www2.lichtgitter.com\/fr\/caillebotis-un-revetement-de-sol-galvanise-pour-leternite\/#breadcrumb\",\"itemListElement\":[{\"@type\":\"ListItem\",\"position\":1,\"name\":\"Home\",\"item\":\"https:\/\/www2.lichtgitter.com\/fr\/page-daccueil\/\"},{\"@type\":\"ListItem\",\"position\":2,\"name\":\"Caillebotis : un rev\u00eatement de sol galvanis\u00e9 pour l&rsquo;\u00e9ternit\u00e9\"}]},{\"@type\":\"WebSite\",\"@id\":\"https:\/\/www2.lichtgitter.com\/fr\/#website\",\"url\":\"https:\/\/www2.lichtgitter.com\/fr\/\",\"name\":\"Lichtgitter Gruppe\",\"description\":\"Alles rund um Gitterroste bei lichtgitter.com\",\"publisher\":{\"@id\":\"https:\/\/www2.lichtgitter.com\/fr\/#organization\"},\"potentialAction\":[{\"@type\":\"SearchAction\",\"target\":{\"@type\":\"EntryPoint\",\"urlTemplate\":\"https:\/\/www2.lichtgitter.com\/fr\/?s={search_term_string}\"},\"query-input\":{\"@type\":\"PropertyValueSpecification\",\"valueRequired\":true,\"valueName\":\"search_term_string\"}}],\"inLanguage\":\"fr-FR\"},{\"@type\":\"Organization\",\"@id\":\"https:\/\/www2.lichtgitter.com\/fr\/#organization\",\"name\":\"Groupe de Lichtgitter\",\"url\":\"https:\/\/www2.lichtgitter.com\/fr\/\",\"logo\":{\"@type\":\"ImageObject\",\"inLanguage\":\"fr-FR\",\"@id\":\"https:\/\/www2.lichtgitter.com\/fr\/#\/schema\/logo\/image\/\",\"url\":\"https:\/\/www2.lichtgitter.com\/wp-content\/uploads\/2024\/02\/logo-rgb.png\",\"contentUrl\":\"https:\/\/www2.lichtgitter.com\/wp-content\/uploads\/2024\/02\/logo-rgb.png\",\"width\":1920,\"height\":297,\"caption\":\"Groupe de Lichtgitter\"},\"image\":{\"@id\":\"https:\/\/www2.lichtgitter.com\/fr\/#\/schema\/logo\/image\/\"}}]}<\/script>\n<!-- \/ Yoast SEO plugin. -->","yoast_head_json":{"title":"Caillebotis : un rev\u00eatement de sol galvanis\u00e9 pour l'\u00e9ternit\u00e9 - Groupe de Lichtgitter","robots":{"index":"noindex","follow":"follow","max-snippet":"max-snippet:-1","max-image-preview":"max-image-preview:large","max-video-preview":"max-video-preview:-1"},"og_locale":"fr_FR","og_type":"article","og_title":"Caillebotis : un rev\u00eatement de sol galvanis\u00e9 pour l'\u00e9ternit\u00e9 - Groupe de Lichtgitter","og_description":"Avec certains \u00e9l\u00e9ments de construction, c&rsquo;est un v\u00e9ritable combat. Beaucoup de choses qui semblent attrayantes ne sont pas tr\u00e8s convaincantes en termes de robustesse et de durabilit\u00e9. Les personnes qui accordent une grande importance \u00e0 l&rsquo;aspect visuel le remarquent souvent. Mais heureusement, il existe bien s\u00fbr des \u00e9l\u00e9ments qui r\u00e9pondent \u00e0 la fois aux exigences [&hellip;]","og_url":"https:\/\/www2.lichtgitter.com\/fr\/caillebotis-un-revetement-de-sol-galvanise-pour-leternite\/","og_site_name":"Groupe de Lichtgitter","article_modified_time":"2026-02-18T13:13:59+00:00","twitter_card":"summary_large_image","twitter_misc":{"Dur\u00e9e de lecture estim\u00e9e":"3 minutes"},"schema":{"@context":"https:\/\/schema.org","@graph":[{"@type":"WebPage","@id":"https:\/\/www2.lichtgitter.com\/fr\/caillebotis-un-revetement-de-sol-galvanise-pour-leternite\/","url":"https:\/\/www2.lichtgitter.com\/fr\/caillebotis-un-revetement-de-sol-galvanise-pour-leternite\/","name":"Caillebotis : un rev\u00eatement de sol galvanis\u00e9 pour l'\u00e9ternit\u00e9 - Groupe de Lichtgitter","isPartOf":{"@id":"https:\/\/www2.lichtgitter.com\/fr\/#website"},"datePublished":"2025-12-08T13:23:27+00:00","dateModified":"2026-02-18T13:13:59+00:00","breadcrumb":{"@id":"https:\/\/www2.lichtgitter.com\/fr\/caillebotis-un-revetement-de-sol-galvanise-pour-leternite\/#breadcrumb"},"inLanguage":"fr-FR","potentialAction":[{"@type":"ReadAction","target":["https:\/\/www2.lichtgitter.com\/fr\/caillebotis-un-revetement-de-sol-galvanise-pour-leternite\/"]}]},{"@type":"BreadcrumbList","@id":"https:\/\/www2.lichtgitter.com\/fr\/caillebotis-un-revetement-de-sol-galvanise-pour-leternite\/#breadcrumb","itemListElement":[{"@type":"ListItem","position":1,"name":"Home","item":"https:\/\/www2.lichtgitter.com\/fr\/page-daccueil\/"},{"@type":"ListItem","position":2,"name":"Caillebotis : un rev\u00eatement de sol galvanis\u00e9 pour l&rsquo;\u00e9ternit\u00e9"}]},{"@type":"WebSite","@id":"https:\/\/www2.lichtgitter.com\/fr\/#website","url":"https:\/\/www2.lichtgitter.com\/fr\/","name":"Lichtgitter Gruppe","description":"Alles rund um Gitterroste bei lichtgitter.com","publisher":{"@id":"https:\/\/www2.lichtgitter.com\/fr\/#organization"},"potentialAction":[{"@type":"SearchAction","target":{"@type":"EntryPoint","urlTemplate":"https:\/\/www2.lichtgitter.com\/fr\/?s={search_term_string}"},"query-input":{"@type":"PropertyValueSpecification","valueRequired":true,"valueName":"search_term_string"}}],"inLanguage":"fr-FR"},{"@type":"Organization","@id":"https:\/\/www2.lichtgitter.com\/fr\/#organization","name":"Groupe de Lichtgitter","url":"https:\/\/www2.lichtgitter.com\/fr\/","logo":{"@type":"ImageObject","inLanguage":"fr-FR","@id":"https:\/\/www2.lichtgitter.com\/fr\/#\/schema\/logo\/image\/","url":"https:\/\/www2.lichtgitter.com\/wp-content\/uploads\/2024\/02\/logo-rgb.png","contentUrl":"https:\/\/www2.lichtgitter.com\/wp-content\/uploads\/2024\/02\/logo-rgb.png","width":1920,"height":297,"caption":"Groupe de Lichtgitter"},"image":{"@id":"https:\/\/www2.lichtgitter.com\/fr\/#\/schema\/logo\/image\/"}}]}},"_links":{"self":[{"href":"https:\/\/www2.lichtgitter.com\/fr\/wp-json\/wp\/v2\/pages\/20391","targetHints":{"allow":["GET"]}}],"collection":[{"href":"https:\/\/www2.lichtgitter.com\/fr\/wp-json\/wp\/v2\/pages"}],"about":[{"href":"https:\/\/www2.lichtgitter.com\/fr\/wp-json\/wp\/v2\/types\/page"}],"author":[{"embeddable":true,"href":"https:\/\/www2.lichtgitter.com\/fr\/wp-json\/wp\/v2\/users\/1"}],"replies":[{"embeddable":true,"href":"https:\/\/www2.lichtgitter.com\/fr\/wp-json\/wp\/v2\/comments?post=20391"}],"version-history":[{"count":4,"href":"https:\/\/www2.lichtgitter.com\/fr\/wp-json\/wp\/v2\/pages\/20391\/revisions"}],"predecessor-version":[{"id":32158,"href":"https:\/\/www2.lichtgitter.com\/fr\/wp-json\/wp\/v2\/pages\/20391\/revisions\/32158"}],"wp:attachment":[{"href":"https:\/\/www2.lichtgitter.com\/fr\/wp-json\/wp\/v2\/media?parent=20391"}],"curies":[{"name":"wp","href":"https:\/\/api.w.org\/{rel}","templated":true}]}}