{"id":20398,"date":"2025-12-02T11:00:39","date_gmt":"2025-12-02T10:00:39","guid":{"rendered":"https:\/\/www.staging.lichtgitter.com\/mentions-legales\/"},"modified":"2026-02-18T14:13:03","modified_gmt":"2026-02-18T13:13:03","slug":"mentions-legales","status":"publish","type":"page","link":"https:\/\/www2.lichtgitter.com\/fr\/mentions-legales\/","title":{"rendered":"Mentions l\u00e9gales"},"content":{"rendered":"\t\t<div data-elementor-type=\"wp-page\" data-elementor-id=\"20398\" class=\"elementor elementor-20398 elementor-10661\" data-elementor-post-type=\"page\">\n\t\t\t\t<div class=\"elementor-element elementor-element-a15e077 pad-lr-l e-flex e-con-boxed e-con e-parent\" data-id=\"a15e077\" data-element_type=\"container\" data-e-type=\"container\" data-settings=\"{&quot;jet_parallax_layout_list&quot;:[]}\">\n\t\t\t\t\t<div class=\"e-con-inner\">\n\t\t\t\t<div data-dce-text-color=\"#FF0028\" class=\"elementor-element elementor-element-8c8f992 elementor-invisible elementor-widget elementor-widget-breadcrumbs\" data-id=\"8c8f992\" data-element_type=\"widget\" data-e-type=\"widget\" data-settings=\"{&quot;_animation&quot;:&quot;fadeInUp&quot;}\" data-widget_type=\"breadcrumbs.default\">\n\t\t\t\t<div class=\"elementor-widget-container\">\n\t\t\t\t\t<p id=\"breadcrumbs\"><span><span><a href=\"https:\/\/www2.lichtgitter.com\/fr\/page-daccueil\/\">Home<\/a><\/span><\/span><\/p>\t\t\t\t<\/div>\n\t\t\t\t<\/div>\n\t\t\t\t\t<\/div>\n\t\t\t\t<\/div>\n\t\t<div class=\"elementor-element elementor-element-72e7771 pad-l e-flex e-con-boxed e-con e-parent\" data-id=\"72e7771\" data-element_type=\"container\" data-e-type=\"container\" data-settings=\"{&quot;jet_parallax_layout_list&quot;:[],&quot;background_background&quot;:&quot;classic&quot;}\">\n\t\t\t\t\t<div class=\"e-con-inner\">\n\t\t\t\t<div class=\"elementor-element elementor-element-ede0c9d elementor-widget__width-inherit elementor-widget elementor-widget-heading\" data-id=\"ede0c9d\" data-element_type=\"widget\" data-e-type=\"widget\" data-widget_type=\"heading.default\">\n\t\t\t\t<div class=\"elementor-widget-container\">\n\t\t\t\t\t<h1 class=\"elementor-heading-title elementor-size-default\">Mentions l\u00e9gales<\/h1>\t\t\t\t<\/div>\n\t\t\t\t<\/div>\n\t\t\t\t<div class=\"elementor-element elementor-element-1084d91 elementor-widget__width-inherit elementor-widget elementor-widget-text-editor\" data-id=\"1084d91\" data-element_type=\"widget\" data-e-type=\"widget\" data-widget_type=\"text-editor.default\">\n\t\t\t\t<div class=\"elementor-widget-container\">\n\t\t\t\t\t\t\t\t\t<p><b>Exploitant de ce site Internet :<\/b><\/p><p>Lichtgitter GmbH<br>Siemensstra\u00dfe 1<br>DE-48703 Stadtlohn<\/p><p>Autoris\u00e9 \u00e0 repr\u00e9senter l&rsquo;entreprise conjointement avec un g\u00e9rant ou un fond\u00e9 de pouvoir :<\/p><p><b>G\u00e9rant<br><\/b>Dr. Holger Artelt - Siemensstra\u00dfe 1, 48703 Stadtlohn<br>Heiko Abendroth - Siemensstra\u00dfe 1, 48703 Stadtlohn<br>Ass. jur. Hermann Stengel - Siemensstra\u00dfe 1, 48703 Stadtlohn <\/p><p><b>Fond\u00e9s de pouvoir<\/b><br>Wilhelm Bernd Gietmann - Siemensstra\u00dfe 1, 48703 Stadtlohn<br>Werner Grotholt - Siemensstra\u00dfe 1, 48703 Stadtlohn<br>Kai Alexander Hullerum - Siemensstra\u00dfe 1, 48703 Stadtlohn<br>Thomas Kipp - Siemensstra\u00dfe 1, 48703 Stadtlohn<br>Marcel Stender - Siemensstra\u00dfe 1, 48703 Stadtlohn<\/p><p>T\u00e9l. :<a href=\"http:\/\/tel:004925639110\"> +49 2563 911-0<\/a><br>Fax : +49 2563 911-187<br>Email : <a href=\"mailto:info@lichtgitter.com\">info@lichtgitter.com<\/a><\/p><p>Inscription au registre : Tribunal d&rsquo;instance de Coesfeld, HRB 4266<\/p><p>Num\u00e9ro de TVA intracommunautaire : DE123767855<\/p><hr><p><b> <\/b><b>PRV Lichtgitter GmbH &amp; Co. KG<\/b><\/p><p>Siemensstra\u00dfe 6<br>DE-48703 Stadtlohn<\/p><p><b>Associ\u00e9 responsable personnellement :<br><\/b>Lichtgitter PRV Verwaltungs GmbH (Tribunal d&rsquo;instance de Coesfeld \/ HRB 11009)<\/p><p><b>Directeur g\u00e9n\u00e9ral<\/b><br>Ass. jur. Hermann Stengel - Siemensstra\u00dfe 1, 48703 Stadtlohn<br>Markus Daldrup - Siemensstra\u00dfe 1, 48703 Stadtlohn <\/p><p><a href=\"http:\/\/tel:004925639110\">49 2563 911-0<\/a><br>Fax : +49 2563 911-222<br>Email : <a href=\"mailto:gfk@lichtgitter.com\">gfk@lichtgitter.com<\/a><\/p><p>Inscription au registre : Tribunal d&rsquo;instance de Coesfeld, HRA 6045<\/p><p>Num\u00e9ro de TVA intracommunautaire : DE814923258<\/p><hr><p><b>Lichtgitter Blechprofilroste GmbH &amp; Co. KG<br><\/b>Neckarwiesen 20<br>DE-72172 Sulz am Neckar<\/p><p><b>Associ\u00e9 responsable personnellement :<br><\/b>Lichtgitter Blechprofilroste Verwaltungs GmbH (Tribunal d&rsquo;instance de Coesfeld \/ HRB 15108)<\/p><p><b>Directeur g\u00e9n\u00e9ral<\/b><br>Ass. jur. Hermann Stengel - Siemensstra\u00dfe 1, 48703 Stadtlohn<br>Dipl. Euschen - Neckarwiesen 20, 72172 Sulz am Neckar   <\/p><p><a href=\"http:\/\/tel:0049745495820\" target=\"_blank\" rel=\"noopener\">49 7454 9582-0<\/a><br>Fax : +49 7454 9582-49<br>Email : <a href=\"mailto:sulz@lichtgitter.com\">sulz@lichtgitter.com<\/a><\/p><p>Inscription au registre : Tribunal d&rsquo;instance de Stuttgart, HRA 729910<\/p><p>Num\u00e9ro de TVA intracommunautaire : DE815504736<\/p><hr><p><b>Lichtgitter Treppen GmbH &amp; Co. KG<br><\/b>Zone industrielle et commerciale 89<br>DE-16278 Pinnow<\/p><p><b>Associ\u00e9 responsable personnellement :<br><\/b>Lichtgitter Beteiligungs GmbH (Tribunal d&rsquo;instance de Coesfeld, HRB 14118)<\/p><p><b>Directeur g\u00e9n\u00e9ral<\/b><br>Ass. jur. Hermann Stengel - Siemensstra\u00dfe 1, 48703 Stadtlohn<br>Jan Ewigmann - Sch\u00f6nower Str. 6, 16306 Blumberg Casekow <\/p><p><a href=\"http:\/\/tel:00493333530170\">49 33335-3017-0<\/a><br>Email : <a href=\"mailto:%20pinnow@lichtgitter.com\">pinnow@lichtgitter.com<\/a><\/p><p>Inscription au registre : Tribunal d&rsquo;instance de Neuruppin, HRA 2649<\/p><p>Num\u00e9ro de TVA intracommunautaire : DE285954012<\/p><hr><p>L&rsquo;exploitant, Lichtgitter GmbH, est responsable du contenu de ce site Internet.<\/p><p><b>Droits d&rsquo;image<\/b>:<\/p><p>Lichtgitter GmbH - le r\u00e9seau de distribution de l&rsquo;\u00e9lectricit\u00e9<\/p><p>Dirk Heine \/ heinewarnecke.com<\/p><p>welf-online.de<\/p><p>\u00a9 Roland Halbe \/ Instagram : @rolandhalbe<\/p><p>\u00a9 iStock<\/p><p><strong>R\u00e9alisation technique<\/strong><br>Heskamp Medien GmbH<br>Marie-Curie-Stra\u00dfe 20<br>48712 Gescher<br> heskamp-medien<a href=\"https:\/\/heskamp-medien.de\" target=\"_blank\" rel=\"noopener\">.de<\/a><\/p><p><b>EXCLUSION DE RESPONSABILIT\u00c9 (DISCLAIMER)<br>Responsabilit\u00e9 pour les contenus<br><\/b>En tant que prestataire de services, nous sommes responsables, conform\u00e9ment au \u00a7 7 alin\u00e9a 1 de la loi allemande sur la protection des donn\u00e9es (DDG), de nos propres contenus sur ces pages selon la l\u00e9gislation g\u00e9n\u00e9rale. Conform\u00e9ment aux \u00a7\u00a7 8 \u00e0 10 de la DDG, nous ne sommes toutefois pas tenus, en tant que prestataire de services, de surveiller les informations \u00e9trang\u00e8res transmises ou enregistr\u00e9es ou de rechercher les circonstances qui indiquent une activit\u00e9 ill\u00e9gale. L&rsquo;obligation de supprimer ou de bloquer l&rsquo;utilisation d&rsquo;informations conform\u00e9ment aux lois g\u00e9n\u00e9rales reste inchang\u00e9e. Une responsabilit\u00e9 \u00e0 cet \u00e9gard n&rsquo;est toutefois possible qu&rsquo;\u00e0 partir du moment o\u00f9 une violation concr\u00e8te de la loi est connue. D\u00e8s la prise de connaissance d&rsquo;une telle violation, nous supprimerons imm\u00e9diatement le contenu en question.     <\/p><p><b>Responsabilit\u00e9 pour les liens<br><\/b>Notre Devis contient des liens vers des sites Web externes de tiers, sur lesquels nous n&rsquo;avons aucune influence. Nous ne pouvons donc pas nous porter garants de ces contenus externes. Le fournisseur ou l&rsquo;exploitant des pages li\u00e9es est toujours responsable du contenu de ces pages. Les pages li\u00e9es ont \u00e9t\u00e9 v\u00e9rifi\u00e9es au moment de la cr\u00e9ation du lien afin de s&rsquo;assurer qu&rsquo;elles n&rsquo;enfreignaient pas la loi. Aucun contenu ill\u00e9gal n&rsquo;a \u00e9t\u00e9 identifi\u00e9 au moment de la cr\u00e9ation du lien. Un contr\u00f4le permanent du contenu des pages li\u00e9es n&rsquo;est cependant pas exigible sans indices concrets d&rsquo;une violation de la loi. Si nous prenons connaissance de violations de la loi, nous supprimerons imm\u00e9diatement les liens en question.      <\/p><p><b>Droit d&rsquo;auteur<\/b><br>Les contenus et les \u0153uvres cr\u00e9\u00e9s par les exploitants des pages de ce site sont soumis au droit d&rsquo;auteur allemand. La reproduction, le traitement, la diffusion et toute forme d&rsquo;exploitation en dehors des limites du droit d&rsquo;auteur n\u00e9cessitent l&rsquo;accord \u00e9crit de l&rsquo;auteur ou du cr\u00e9ateur concern\u00e9. Les t\u00e9l\u00e9chargements et les copies de ce site ne sont autoris\u00e9s que pour un usage priv\u00e9 et non commercial. Dans la mesure o\u00f9 les contenus de ce site n&rsquo;ont pas \u00e9t\u00e9 cr\u00e9\u00e9s par l&rsquo;exploitant, les droits d&rsquo;auteur de tiers sont respect\u00e9s. En particulier, les contenus de tiers sont identifi\u00e9s comme tels. Si vous deviez n\u00e9anmoins constater une violation des droits d&rsquo;auteur, nous vous prions de nous en informer. D\u00e8s que nous aurons connaissance d&rsquo;une violation de la loi, nous supprimerons imm\u00e9diatement le contenu en question.      <\/p>\t\t\t\t\t\t\t\t<\/div>\n\t\t\t\t<\/div>\n\t\t\t\t\t<\/div>\n\t\t\t\t<\/div>\n\t\t\t\t<\/div>\n\t\t","protected":false},"excerpt":{"rendered":"<p>Exploitant de ce site Internet : Lichtgitter GmbHSiemensstra\u00dfe 1DE-48703 Stadtlohn Autoris\u00e9 \u00e0 repr\u00e9senter l&rsquo;entreprise conjointement avec un g\u00e9rant ou un fond\u00e9 de pouvoir : G\u00e9rantDr. Holger Artelt - Siemensstra\u00dfe 1, 48703 StadtlohnHeiko Abendroth - Siemensstra\u00dfe 1, 48703 StadtlohnAss. jur. Hermann Stengel - Siemensstra\u00dfe 1, 48703 Stadtlohn Fond\u00e9s de pouvoirWilhelm Bernd Gietmann - Siemensstra\u00dfe 1, 48703 [&hellip;]<\/p>\n","protected":false},"author":1,"featured_media":0,"parent":0,"menu_order":0,"comment_status":"closed","ping_status":"closed","template":"","meta":{"_acf_changed":false,"footnotes":""},"class_list":["post-20398","page","type-page","status-publish","hentry"],"acf":[],"yoast_head":"<!-- This site is optimized with the Yoast SEO plugin v27.2 - https:\/\/yoast.com\/product\/yoast-seo-wordpress\/ -->\n<title>Groupe Lichtgitter - Mentions l\u00e9gales<\/title>\n<meta name=\"description\" content=\"Fabricant et fournisseur de Caillebotis, grilles de s\u00e9curit\u00e9, produits en PRV et escaliers h\u00e9lico\u00efdaux - Produits de qualit\u00e9 depuis 1929 - Lichtgitter l&#039;original\" \/>\n<meta name=\"robots\" content=\"noindex, follow, max-snippet:-1, max-image-preview:large, max-video-preview:-1\" \/>\n<meta property=\"og:locale\" content=\"fr_FR\" \/>\n<meta property=\"og:type\" content=\"article\" \/>\n<meta property=\"og:title\" content=\"Groupe Lichtgitter - Mentions l\u00e9gales\" \/>\n<meta property=\"og:description\" content=\"Fabricant et fournisseur de Caillebotis, grilles de s\u00e9curit\u00e9, produits en PRV et escaliers h\u00e9lico\u00efdaux - Produits de qualit\u00e9 depuis 1929 - Lichtgitter l&#039;original\" \/>\n<meta property=\"og:url\" content=\"https:\/\/www2.lichtgitter.com\/fr\/mentions-legales\/\" \/>\n<meta property=\"og:site_name\" content=\"Groupe de Lichtgitter\" \/>\n<meta property=\"article:modified_time\" content=\"2026-02-18T13:13:03+00:00\" \/>\n<meta name=\"twitter:card\" content=\"summary_large_image\" \/>\n<meta name=\"twitter:label1\" content=\"Dur\u00e9e de lecture estim\u00e9e\" \/>\n\t<meta name=\"twitter:data1\" content=\"4 minutes\" \/>\n<script type=\"application\/ld+json\" class=\"yoast-schema-graph\">{\"@context\":\"https:\/\/schema.org\",\"@graph\":[{\"@type\":\"WebPage\",\"@id\":\"https:\/\/www2.lichtgitter.com\/fr\/mentions-legales\/\",\"url\":\"https:\/\/www2.lichtgitter.com\/fr\/mentions-legales\/\",\"name\":\"Groupe Lichtgitter - Mentions l\u00e9gales\",\"isPartOf\":{\"@id\":\"https:\/\/www2.lichtgitter.com\/fr\/#website\"},\"datePublished\":\"2025-12-02T10:00:39+00:00\",\"dateModified\":\"2026-02-18T13:13:03+00:00\",\"description\":\"Fabricant et fournisseur de Caillebotis, grilles de s\u00e9curit\u00e9, produits en PRV et escaliers h\u00e9lico\u00efdaux - Produits de qualit\u00e9 depuis 1929 - Lichtgitter l'original\",\"breadcrumb\":{\"@id\":\"https:\/\/www2.lichtgitter.com\/fr\/mentions-legales\/#breadcrumb\"},\"inLanguage\":\"fr-FR\",\"potentialAction\":[{\"@type\":\"ReadAction\",\"target\":[\"https:\/\/www2.lichtgitter.com\/fr\/mentions-legales\/\"]}]},{\"@type\":\"BreadcrumbList\",\"@id\":\"https:\/\/www2.lichtgitter.com\/fr\/mentions-legales\/#breadcrumb\",\"itemListElement\":[{\"@type\":\"ListItem\",\"position\":1,\"name\":\"Home\",\"item\":\"https:\/\/www2.lichtgitter.com\/fr\/page-daccueil\/\"},{\"@type\":\"ListItem\",\"position\":2,\"name\":\"Mentions l\u00e9gales\"}]},{\"@type\":\"WebSite\",\"@id\":\"https:\/\/www2.lichtgitter.com\/fr\/#website\",\"url\":\"https:\/\/www2.lichtgitter.com\/fr\/\",\"name\":\"Lichtgitter Gruppe\",\"description\":\"Alles rund um Gitterroste bei lichtgitter.com\",\"publisher\":{\"@id\":\"https:\/\/www2.lichtgitter.com\/fr\/#organization\"},\"potentialAction\":[{\"@type\":\"SearchAction\",\"target\":{\"@type\":\"EntryPoint\",\"urlTemplate\":\"https:\/\/www2.lichtgitter.com\/fr\/?s={search_term_string}\"},\"query-input\":{\"@type\":\"PropertyValueSpecification\",\"valueRequired\":true,\"valueName\":\"search_term_string\"}}],\"inLanguage\":\"fr-FR\"},{\"@type\":\"Organization\",\"@id\":\"https:\/\/www2.lichtgitter.com\/fr\/#organization\",\"name\":\"Groupe de Lichtgitter\",\"url\":\"https:\/\/www2.lichtgitter.com\/fr\/\",\"logo\":{\"@type\":\"ImageObject\",\"inLanguage\":\"fr-FR\",\"@id\":\"https:\/\/www2.lichtgitter.com\/fr\/#\/schema\/logo\/image\/\",\"url\":\"https:\/\/www2.lichtgitter.com\/wp-content\/uploads\/2024\/02\/logo-rgb.png\",\"contentUrl\":\"https:\/\/www2.lichtgitter.com\/wp-content\/uploads\/2024\/02\/logo-rgb.png\",\"width\":1920,\"height\":297,\"caption\":\"Groupe de Lichtgitter\"},\"image\":{\"@id\":\"https:\/\/www2.lichtgitter.com\/fr\/#\/schema\/logo\/image\/\"}}]}<\/script>\n<!-- \/ Yoast SEO plugin. -->","yoast_head_json":{"title":"Groupe Lichtgitter - Mentions l\u00e9gales","description":"Fabricant et fournisseur de Caillebotis, grilles de s\u00e9curit\u00e9, produits en PRV et escaliers h\u00e9lico\u00efdaux - Produits de qualit\u00e9 depuis 1929 - Lichtgitter l'original","robots":{"index":"noindex","follow":"follow","max-snippet":"max-snippet:-1","max-image-preview":"max-image-preview:large","max-video-preview":"max-video-preview:-1"},"og_locale":"fr_FR","og_type":"article","og_title":"Groupe Lichtgitter - Mentions l\u00e9gales","og_description":"Fabricant et fournisseur de Caillebotis, grilles de s\u00e9curit\u00e9, produits en PRV et escaliers h\u00e9lico\u00efdaux - Produits de qualit\u00e9 depuis 1929 - Lichtgitter l'original","og_url":"https:\/\/www2.lichtgitter.com\/fr\/mentions-legales\/","og_site_name":"Groupe de Lichtgitter","article_modified_time":"2026-02-18T13:13:03+00:00","twitter_card":"summary_large_image","twitter_misc":{"Dur\u00e9e de lecture estim\u00e9e":"4 minutes"},"schema":{"@context":"https:\/\/schema.org","@graph":[{"@type":"WebPage","@id":"https:\/\/www2.lichtgitter.com\/fr\/mentions-legales\/","url":"https:\/\/www2.lichtgitter.com\/fr\/mentions-legales\/","name":"Groupe Lichtgitter - Mentions l\u00e9gales","isPartOf":{"@id":"https:\/\/www2.lichtgitter.com\/fr\/#website"},"datePublished":"2025-12-02T10:00:39+00:00","dateModified":"2026-02-18T13:13:03+00:00","description":"Fabricant et fournisseur de Caillebotis, grilles de s\u00e9curit\u00e9, produits en PRV et escaliers h\u00e9lico\u00efdaux - Produits de qualit\u00e9 depuis 1929 - Lichtgitter l'original","breadcrumb":{"@id":"https:\/\/www2.lichtgitter.com\/fr\/mentions-legales\/#breadcrumb"},"inLanguage":"fr-FR","potentialAction":[{"@type":"ReadAction","target":["https:\/\/www2.lichtgitter.com\/fr\/mentions-legales\/"]}]},{"@type":"BreadcrumbList","@id":"https:\/\/www2.lichtgitter.com\/fr\/mentions-legales\/#breadcrumb","itemListElement":[{"@type":"ListItem","position":1,"name":"Home","item":"https:\/\/www2.lichtgitter.com\/fr\/page-daccueil\/"},{"@type":"ListItem","position":2,"name":"Mentions l\u00e9gales"}]},{"@type":"WebSite","@id":"https:\/\/www2.lichtgitter.com\/fr\/#website","url":"https:\/\/www2.lichtgitter.com\/fr\/","name":"Lichtgitter Gruppe","description":"Alles rund um Gitterroste bei lichtgitter.com","publisher":{"@id":"https:\/\/www2.lichtgitter.com\/fr\/#organization"},"potentialAction":[{"@type":"SearchAction","target":{"@type":"EntryPoint","urlTemplate":"https:\/\/www2.lichtgitter.com\/fr\/?s={search_term_string}"},"query-input":{"@type":"PropertyValueSpecification","valueRequired":true,"valueName":"search_term_string"}}],"inLanguage":"fr-FR"},{"@type":"Organization","@id":"https:\/\/www2.lichtgitter.com\/fr\/#organization","name":"Groupe de Lichtgitter","url":"https:\/\/www2.lichtgitter.com\/fr\/","logo":{"@type":"ImageObject","inLanguage":"fr-FR","@id":"https:\/\/www2.lichtgitter.com\/fr\/#\/schema\/logo\/image\/","url":"https:\/\/www2.lichtgitter.com\/wp-content\/uploads\/2024\/02\/logo-rgb.png","contentUrl":"https:\/\/www2.lichtgitter.com\/wp-content\/uploads\/2024\/02\/logo-rgb.png","width":1920,"height":297,"caption":"Groupe de Lichtgitter"},"image":{"@id":"https:\/\/www2.lichtgitter.com\/fr\/#\/schema\/logo\/image\/"}}]}},"_links":{"self":[{"href":"https:\/\/www2.lichtgitter.com\/fr\/wp-json\/wp\/v2\/pages\/20398","targetHints":{"allow":["GET"]}}],"collection":[{"href":"https:\/\/www2.lichtgitter.com\/fr\/wp-json\/wp\/v2\/pages"}],"about":[{"href":"https:\/\/www2.lichtgitter.com\/fr\/wp-json\/wp\/v2\/types\/page"}],"author":[{"embeddable":true,"href":"https:\/\/www2.lichtgitter.com\/fr\/wp-json\/wp\/v2\/users\/1"}],"replies":[{"embeddable":true,"href":"https:\/\/www2.lichtgitter.com\/fr\/wp-json\/wp\/v2\/comments?post=20398"}],"version-history":[{"count":7,"href":"https:\/\/www2.lichtgitter.com\/fr\/wp-json\/wp\/v2\/pages\/20398\/revisions"}],"predecessor-version":[{"id":32385,"href":"https:\/\/www2.lichtgitter.com\/fr\/wp-json\/wp\/v2\/pages\/20398\/revisions\/32385"}],"wp:attachment":[{"href":"https:\/\/www2.lichtgitter.com\/fr\/wp-json\/wp\/v2\/media?parent=20398"}],"curies":[{"name":"wp","href":"https:\/\/api.w.org\/{rel}","templated":true}]}}