{"id":20534,"date":"2025-12-08T14:21:16","date_gmt":"2025-12-08T13:21:16","guid":{"rendered":"https:\/\/www.staging.lichtgitter.com\/caillebotis-en-acier-inoxydable-haute-qualite-et-resistance\/"},"modified":"2026-02-18T14:13:58","modified_gmt":"2026-02-18T13:13:58","slug":"caillebotis-en-acier-inoxydable-haute-qualite-et-resistance","status":"publish","type":"page","link":"https:\/\/www2.lichtgitter.com\/fr\/caillebotis-en-acier-inoxydable-haute-qualite-et-resistance\/","title":{"rendered":"Caillebotis en acier inoxydable : haute qualit\u00e9 et r\u00e9sistance"},"content":{"rendered":"\t\t<div data-elementor-type=\"wp-page\" data-elementor-id=\"20534\" class=\"elementor elementor-20534 elementor-11099\" data-elementor-post-type=\"page\">\n\t\t\t\t<div class=\"elementor-element elementor-element-bc11f00 pad-lr-l e-flex e-con-boxed e-con e-parent\" data-id=\"bc11f00\" data-element_type=\"container\" data-e-type=\"container\" data-settings=\"{&quot;jet_parallax_layout_list&quot;:[]}\">\n\t\t\t\t\t<div class=\"e-con-inner\">\n\t\t\t\t<div data-dce-text-color=\"#FF0028\" class=\"elementor-element elementor-element-2f101ac elementor-invisible elementor-widget elementor-widget-breadcrumbs\" data-id=\"2f101ac\" data-element_type=\"widget\" data-e-type=\"widget\" data-settings=\"{&quot;_animation&quot;:&quot;fadeInUp&quot;}\" data-widget_type=\"breadcrumbs.default\">\n\t\t\t\t<div class=\"elementor-widget-container\">\n\t\t\t\t\t<p id=\"breadcrumbs\"><span><span><a href=\"https:\/\/www2.lichtgitter.com\/fr\/page-daccueil\/\">Home<\/a><\/span><\/span><\/p>\t\t\t\t<\/div>\n\t\t\t\t<\/div>\n\t\t\t\t\t<\/div>\n\t\t\t\t<\/div>\n\t\t<div class=\"elementor-element elementor-element-43276cb pad-l e-flex e-con-boxed e-con e-parent\" data-id=\"43276cb\" data-element_type=\"container\" data-e-type=\"container\" data-settings=\"{&quot;jet_parallax_layout_list&quot;:[]}\">\n\t\t\t\t\t<div class=\"e-con-inner\">\n\t\t\t\t<div class=\"elementor-element elementor-element-26f7003 elementor-widget__width-inherit elementor-invisible elementor-widget elementor-widget-heading\" data-id=\"26f7003\" data-element_type=\"widget\" data-e-type=\"widget\" data-settings=\"{&quot;_animation&quot;:&quot;fadeInUp&quot;}\" data-widget_type=\"heading.default\">\n\t\t\t\t<div class=\"elementor-widget-container\">\n\t\t\t\t\t<h1 class=\"elementor-heading-title elementor-size-default\">Caillebotis en acier inoxydable : haute qualit\u00e9 et r\u00e9sistance<\/h1>\t\t\t\t<\/div>\n\t\t\t\t<\/div>\n\t\t\t\t<div class=\"elementor-element elementor-element-83905f1 elementor-widget__width-inherit elementor-invisible elementor-widget elementor-widget-text-editor\" data-id=\"83905f1\" data-element_type=\"widget\" data-e-type=\"widget\" data-settings=\"{&quot;_animation&quot;:&quot;fadeInUp&quot;}\" data-widget_type=\"text-editor.default\">\n\t\t\t\t<div class=\"elementor-widget-container\">\n\t\t\t\t\t\t\t\t\tLes Caillebotis sont fabriqu\u00e9s dans diff\u00e9rents mat\u00e9riaux. Outre l&rsquo;acier, l&rsquo;acier inoxydable, l&rsquo;aluminium ou le PRV sont utilis\u00e9s en fonction de l&rsquo;application. Les propri\u00e9t\u00e9s mat\u00e9rielles de l&rsquo;acier inoxydable sont presque imbattables. En effet, dans certains cas, il ne suffit pas d&rsquo;utiliser uniquement de l&rsquo;acier galvanis\u00e9. Le caillebotis en acier inoxydable ne pr\u00e9sente pas seulement un aspect de haute qualit\u00e9, mais il offre \u00e9galement de nombreux avantages fonctionnels. Ainsi, un caillebotis en acier inoxydable est toujours le choix id\u00e9al si vous souhaitez un caillebotis qui pr\u00e9sente une \u00e9norme r\u00e9sistance aux substances agressives et qui est en outre extr\u00eamement r\u00e9sistant \u00e0 la corrosion. Les caillebotis en acier inoxydable sont \u00e9galement r\u00e9sistants \u00e0 la temp\u00e9rature, conducteurs, soudables, hygi\u00e9niques et durables. C&rsquo;est un avantage d\u00e9cisif, notamment dans le secteur m\u00e9dical et l&rsquo;industrie alimentaire. Gr\u00e2ce \u00e0 leur long\u00e9vit\u00e9 et \u00e0 leur faible entretien, les caillebotis en acier inoxydable sont extr\u00eamement \u00e9conomiques. Mais un Caillebotis en acier inoxydable n&rsquo;est pas seulement le partenaire id\u00e9al lorsqu&rsquo;il s&rsquo;agit d&rsquo;une utilisation dans un environnement exigeant. Lorsqu&rsquo;il s&rsquo;agit de concevoir des b\u00e2timents r\u00e9sidentiels ou commerciaux, il est important de combiner les aspects fonctionnels et esth\u00e9tiques. Il n&rsquo;est donc pas surprenant que les architectes et les designers, par exemple, utilisent principalement l&rsquo;acier inoxydable pour r\u00e9aliser ce type de projet.           \t\t\t\t\t\t\t\t<\/div>\n\t\t\t\t<\/div>\n\t\t\t\t\t<\/div>\n\t\t\t\t<\/div>\n\t\t<div class=\"elementor-element elementor-element-b49e670 pad-l e-flex e-con-boxed e-con e-parent\" data-id=\"b49e670\" data-element_type=\"container\" data-e-type=\"container\" data-settings=\"{&quot;background_background&quot;:&quot;classic&quot;,&quot;jet_parallax_layout_list&quot;:[]}\">\n\t\t\t\t\t<div class=\"e-con-inner\">\n\t\t<div class=\"elementor-element elementor-element-ed32981 e-con-full e-flex elementor-invisible e-con e-child\" data-id=\"ed32981\" data-element_type=\"container\" data-e-type=\"container\" data-settings=\"{&quot;animation&quot;:&quot;fadeInUp&quot;,&quot;jet_parallax_layout_list&quot;:[]}\">\n\t\t\t\t<div class=\"elementor-element elementor-element-2aab708 elementor-widget__width-inherit elementor-widget elementor-widget-heading\" data-id=\"2aab708\" data-element_type=\"widget\" data-e-type=\"widget\" data-widget_type=\"heading.default\">\n\t\t\t\t<div class=\"elementor-widget-container\">\n\t\t\t\t\t<h2 class=\"elementor-heading-title elementor-size-default\">Fonctionnalit\u00e9 et esth\u00e9tique des rev\u00eatements de sol<\/h2>\t\t\t\t<\/div>\n\t\t\t\t<\/div>\n\t\t\t\t<div class=\"elementor-element elementor-element-78cc41c elementor-widget__width-inherit elementor-widget elementor-widget-text-editor\" data-id=\"78cc41c\" data-element_type=\"widget\" data-e-type=\"widget\" data-widget_type=\"text-editor.default\">\n\t\t\t\t<div class=\"elementor-widget-container\">\n\t\t\t\t\t\t\t\t\t<p>Ce n&rsquo;est pas seulement de nos jours que nous cherchons \u00e0 combiner au mieux la fonction et l&rsquo;aspect, comme dans le cas des caillebotis en acier inoxydable. D\u00e9j\u00e0 dans la Rome antique, on s&rsquo;effor\u00e7ait de construire des routes ou des voies commerciales qui permettaient non seulement le transport de marchandises en toute saison, mais qui remplissaient \u00e9galement un aspect esth\u00e9tique. L&rsquo;aspect pratique est devenu de plus en plus important. Aujourd&rsquo;hui, nous en sommes arriv\u00e9s au point o\u00f9 nous avons le produit ad\u00e9quat pour presque tous les domaines d&rsquo;application. Il en va de m\u00eame pour les rev\u00eatements de sol et donc pour les caillebotis en acier inoxydable. En effet, avec un caillebotis en acier inoxydable, vous disposez d&rsquo;un rev\u00eatement de sol qui est non seulement extr\u00eamement r\u00e9sistant, mais qui peut \u00e9galement \u00eatre utilis\u00e9 de mani\u00e8re tr\u00e8s flexible. En d&rsquo;autres termes, le caillebotis en acier inoxydable peut \u00eatre adapt\u00e9 de mani\u00e8re individuelle \u00e0 vos besoins personnels. Il n&rsquo;est donc pas surprenant que les caillebotis soient utilis\u00e9s dans les usines alimentaires, sur les machines et partout o\u00f9 un rev\u00eatement de sol efficace est souhait\u00e9 et exig\u00e9. Mais l&rsquo;histoire du Caillebotis ne s&rsquo;arr\u00eate pas l\u00e0. Aujourd&rsquo;hui, les architectes sont de plus en plus nombreux \u00e0 d\u00e9couvrir les avantages du Caillebotis en acier inoxydable. Gr\u00e2ce \u00e0 ses qualit\u00e9s esth\u00e9tiques et \u00e0 son aspect fonctionnel, le Caillebotis en acier inoxydable est utilis\u00e9 comme \u00e9l\u00e9ment de design.<\/p>\t\t\t\t\t\t\t\t<\/div>\n\t\t\t\t<\/div>\n\t\t\t\t<\/div>\n\t\t\t\t\t<\/div>\n\t\t\t\t<\/div>\n\t\t<div class=\"elementor-element elementor-element-23941be pad-l e-flex e-con-boxed e-con e-parent\" data-id=\"23941be\" data-element_type=\"container\" data-e-type=\"container\" data-settings=\"{&quot;jet_parallax_layout_list&quot;:[]}\">\n\t\t\t\t\t<div class=\"e-con-inner\">\n\t\t<div class=\"elementor-element elementor-element-87976dc e-con-full e-flex elementor-invisible e-con e-child\" data-id=\"87976dc\" data-element_type=\"container\" data-e-type=\"container\" data-settings=\"{&quot;animation&quot;:&quot;fadeInUp&quot;,&quot;jet_parallax_layout_list&quot;:[]}\">\n\t\t\t\t<div class=\"elementor-element elementor-element-d16f70e elementor-widget__width-inherit elementor-widget elementor-widget-heading\" data-id=\"d16f70e\" data-element_type=\"widget\" data-e-type=\"widget\" data-widget_type=\"heading.default\">\n\t\t\t\t<div class=\"elementor-widget-container\">\n\t\t\t\t\t<h2 class=\"elementor-heading-title elementor-size-default\">Pourquoi les Caillebotis en acier inoxydable sont-ils polis ou passiv\u00e9s par \u00e9lectrochimie ?<\/h2>\t\t\t\t<\/div>\n\t\t\t\t<\/div>\n\t\t\t\t<div class=\"elementor-element elementor-element-9423eb1 elementor-widget elementor-widget-text-editor\" data-id=\"9423eb1\" data-element_type=\"widget\" data-e-type=\"widget\" data-widget_type=\"text-editor.default\">\n\t\t\t\t<div class=\"elementor-widget-container\">\n\t\t\t\t\t\t\t\t\tLe soudage et la d\u00e9coupe de l&rsquo;acier inoxydable entra\u00eenent une d\u00e9coloration. Bien qu&rsquo;elles n&rsquo;affectent pas la fonction, elles ont un impact n\u00e9gatif sur l&rsquo;aspect du produit final. Le polissage ou le d\u00e9capage permet d&rsquo;\u00e9liminer les d\u00e9colorations ainsi provoqu\u00e9es sur l&rsquo;acier inoxydable. En outre, ce traitement sert \u00e0 prot\u00e9ger la caillebotis contre la corrosion. Alors qu&rsquo;un caillebotis en acier inoxydable qui a \u00e9t\u00e9 passiv\u00e9 a un aspect mat, les exemplaires polis par \u00e9lectrochimie pr\u00e9sentent une surface brillante. C&rsquo;est pourquoi ces caillebotis ont un aspect tr\u00e8s noble, presque comme s&rsquo;ils \u00e9taient chrom\u00e9s. Le d\u00e9capage prot\u00e8ge l&rsquo;acier inoxydable par une couche passive, tandis que le polissage \u00e9lectrochimique \u00e9limine les micro-rugosit\u00e9s. C&rsquo;est ainsi que l&rsquo;on obtient la surface lisse et brillante des caillebotis en acier inoxydable. Les caillebotis en acier inoxydable sont fabriqu\u00e9s sur mesure \u00e0 plus de 90%. En raison de la demande croissante, Lichtgitter a continu\u00e9 \u00e0 d\u00e9velopper sa production d&rsquo;acier inoxydable au fil des ans et continue \u00e0 fabriquer des produits de la plus haute qualit\u00e9. Afin de pouvoir r\u00e9agir rapidement, Lichtgitter dispose \u00e9galement d&rsquo;un stock important. Ainsi, vous pouvez recevoir des Caillebotis en acier inoxydable dans les mod\u00e8les de roues sur pied et les dimensions les plus courantes dans un d\u00e9lai de 48 heures. Dans notre programme de stock, vous trouverez aussi bien des caillebotis, des marches de caillebotis que des tapis. Les caillebotis et les marches sont propos\u00e9s passiv\u00e9s et les nappes en acier inoxydable sont brutes.             \n\n\t\t\t\t\t\t\t\t<\/div>\n\t\t\t\t<\/div>\n\t\t\t\t<\/div>\n\t\t\t\t\t<\/div>\n\t\t\t\t<\/div>\n\t\t<div class=\"elementor-element elementor-element-e44fd9e pad-l e-flex e-con-boxed e-con e-parent\" data-id=\"e44fd9e\" data-element_type=\"container\" data-e-type=\"container\" data-settings=\"{&quot;background_background&quot;:&quot;classic&quot;,&quot;jet_parallax_layout_list&quot;:[]}\">\n\t\t\t\t\t<div class=\"e-con-inner\">\n\t\t<div class=\"elementor-element elementor-element-2fa44f5 e-con-full e-flex elementor-invisible e-con e-child\" data-id=\"2fa44f5\" data-element_type=\"container\" data-e-type=\"container\" data-settings=\"{&quot;animation&quot;:&quot;fadeInUp&quot;,&quot;jet_parallax_layout_list&quot;:[]}\">\n\t\t\t\t<div class=\"elementor-element elementor-element-de9ee82 elementor-widget__width-inherit elementor-widget elementor-widget-heading\" data-id=\"de9ee82\" data-element_type=\"widget\" data-e-type=\"widget\" data-widget_type=\"heading.default\">\n\t\t\t\t<div class=\"elementor-widget-container\">\n\t\t\t\t\t<h2 class=\"elementor-heading-title elementor-size-default\">Lichtgitter se soucie du facteur environnemental\n<\/h2>\t\t\t\t<\/div>\n\t\t\t\t<\/div>\n\t\t\t\t<div class=\"elementor-element elementor-element-28d27fb elementor-widget__width-inherit elementor-widget elementor-widget-text-editor\" data-id=\"28d27fb\" data-element_type=\"widget\" data-e-type=\"widget\" data-widget_type=\"text-editor.default\">\n\t\t\t\t<div class=\"elementor-widget-container\">\n\t\t\t\t\t\t\t\t\t<p>La galvanisation \u00e0 chaud d&rsquo;un caillebotis en acier est effectu\u00e9e par Lichtgitter conform\u00e9ment \u00e0 la norme DIN EN ISO 1461, ce qui vous permet, en tant que client, d&rsquo;\u00eatre absolument certain d&rsquo;obtenir une qualit\u00e9 \u00e9lev\u00e9e et constante. En tant que fabricant, nous ne nous contentons pas de garantir une qualit\u00e9 \u00e9lev\u00e9e et constante. Nous accordons la m\u00eame importance \u00e0 l&rsquo;environnement qu&rsquo;\u00e0 la qualit\u00e9.   <\/p><p>C&rsquo;est pourquoi nous tenons \u00e0 ce que le processus de galvanisation soit le plus respectueux possible de l&rsquo;environnement. Les zones expos\u00e9es aux acides et aux produits chimiques sont enti\u00e8rement confin\u00e9es dans nos usines. Cela permet non seulement de cr\u00e9er un environnement de travail propre, mais aussi un lieu de travail sans \u00e9missions.  <\/p><p>De plus, nous attachons une grande importance \u00e0 la r\u00e9duction des d\u00e9chets et \u00e0 l&rsquo;\u00e9conomie d&rsquo;\u00e9nergie. Les d\u00e9chets g\u00e9n\u00e9r\u00e9s pendant le processus de galvanisation \u00e0 chaud de Caillebotis sont tous recycl\u00e9s. <\/p>\t\t\t\t\t\t\t\t<\/div>\n\t\t\t\t<\/div>\n\t\t\t\t<\/div>\n\t\t\t\t\t<\/div>\n\t\t\t\t<\/div>\n\t\t\t\t<\/div>\n\t\t","protected":false},"excerpt":{"rendered":"<p>Les Caillebotis sont fabriqu\u00e9s dans diff\u00e9rents mat\u00e9riaux. Outre l&rsquo;acier, l&rsquo;acier inoxydable, l&rsquo;aluminium ou le PRV sont utilis\u00e9s en fonction de l&rsquo;application. Les propri\u00e9t\u00e9s mat\u00e9rielles de l&rsquo;acier inoxydable sont presque imbattables. En effet, dans certains cas, il ne suffit pas d&rsquo;utiliser uniquement de l&rsquo;acier galvanis\u00e9. Le caillebotis en acier inoxydable ne pr\u00e9sente pas seulement un aspect [&hellip;]<\/p>\n","protected":false},"author":1,"featured_media":0,"parent":0,"menu_order":3,"comment_status":"closed","ping_status":"closed","template":"","meta":{"_acf_changed":false,"footnotes":""},"class_list":["post-20534","page","type-page","status-publish","hentry"],"acf":[],"yoast_head":"<!-- This site is optimized with the Yoast SEO plugin v27.2 - https:\/\/yoast.com\/product\/yoast-seo-wordpress\/ -->\n<title>Caillebotis en acier inoxydable : haute qualit\u00e9 et r\u00e9sistance - Groupe de Lichtgitter<\/title>\n<meta name=\"robots\" content=\"noindex, follow, max-snippet:-1, max-image-preview:large, max-video-preview:-1\" \/>\n<meta property=\"og:locale\" content=\"fr_FR\" \/>\n<meta property=\"og:type\" content=\"article\" \/>\n<meta property=\"og:title\" content=\"Caillebotis en acier inoxydable : haute qualit\u00e9 et r\u00e9sistance - Groupe de Lichtgitter\" \/>\n<meta property=\"og:description\" content=\"Les Caillebotis sont fabriqu\u00e9s dans diff\u00e9rents mat\u00e9riaux. Outre l&rsquo;acier, l&rsquo;acier inoxydable, l&rsquo;aluminium ou le PRV sont utilis\u00e9s en fonction de l&rsquo;application. Les propri\u00e9t\u00e9s mat\u00e9rielles de l&rsquo;acier inoxydable sont presque imbattables. En effet, dans certains cas, il ne suffit pas d&rsquo;utiliser uniquement de l&rsquo;acier galvanis\u00e9. Le caillebotis en acier inoxydable ne pr\u00e9sente pas seulement un aspect [&hellip;]\" \/>\n<meta property=\"og:url\" content=\"https:\/\/www2.lichtgitter.com\/fr\/caillebotis-en-acier-inoxydable-haute-qualite-et-resistance\/\" \/>\n<meta property=\"og:site_name\" content=\"Groupe de Lichtgitter\" \/>\n<meta property=\"article:modified_time\" content=\"2026-02-18T13:13:58+00:00\" \/>\n<meta name=\"twitter:card\" content=\"summary_large_image\" \/>\n<meta name=\"twitter:label1\" content=\"Dur\u00e9e de lecture estim\u00e9e\" \/>\n\t<meta name=\"twitter:data1\" content=\"5 minutes\" \/>\n<script type=\"application\/ld+json\" class=\"yoast-schema-graph\">{\"@context\":\"https:\/\/schema.org\",\"@graph\":[{\"@type\":\"WebPage\",\"@id\":\"https:\/\/www2.lichtgitter.com\/fr\/caillebotis-en-acier-inoxydable-haute-qualite-et-resistance\/\",\"url\":\"https:\/\/www2.lichtgitter.com\/fr\/caillebotis-en-acier-inoxydable-haute-qualite-et-resistance\/\",\"name\":\"Caillebotis en acier inoxydable : haute qualit\u00e9 et r\u00e9sistance - Groupe de Lichtgitter\",\"isPartOf\":{\"@id\":\"https:\/\/www2.lichtgitter.com\/fr\/#website\"},\"datePublished\":\"2025-12-08T13:21:16+00:00\",\"dateModified\":\"2026-02-18T13:13:58+00:00\",\"breadcrumb\":{\"@id\":\"https:\/\/www2.lichtgitter.com\/fr\/caillebotis-en-acier-inoxydable-haute-qualite-et-resistance\/#breadcrumb\"},\"inLanguage\":\"fr-FR\",\"potentialAction\":[{\"@type\":\"ReadAction\",\"target\":[\"https:\/\/www2.lichtgitter.com\/fr\/caillebotis-en-acier-inoxydable-haute-qualite-et-resistance\/\"]}]},{\"@type\":\"BreadcrumbList\",\"@id\":\"https:\/\/www2.lichtgitter.com\/fr\/caillebotis-en-acier-inoxydable-haute-qualite-et-resistance\/#breadcrumb\",\"itemListElement\":[{\"@type\":\"ListItem\",\"position\":1,\"name\":\"Home\",\"item\":\"https:\/\/www2.lichtgitter.com\/fr\/page-daccueil\/\"},{\"@type\":\"ListItem\",\"position\":2,\"name\":\"Caillebotis en acier inoxydable : haute qualit\u00e9 et r\u00e9sistance\"}]},{\"@type\":\"WebSite\",\"@id\":\"https:\/\/www2.lichtgitter.com\/fr\/#website\",\"url\":\"https:\/\/www2.lichtgitter.com\/fr\/\",\"name\":\"Lichtgitter Gruppe\",\"description\":\"Alles rund um Gitterroste bei lichtgitter.com\",\"publisher\":{\"@id\":\"https:\/\/www2.lichtgitter.com\/fr\/#organization\"},\"potentialAction\":[{\"@type\":\"SearchAction\",\"target\":{\"@type\":\"EntryPoint\",\"urlTemplate\":\"https:\/\/www2.lichtgitter.com\/fr\/?s={search_term_string}\"},\"query-input\":{\"@type\":\"PropertyValueSpecification\",\"valueRequired\":true,\"valueName\":\"search_term_string\"}}],\"inLanguage\":\"fr-FR\"},{\"@type\":\"Organization\",\"@id\":\"https:\/\/www2.lichtgitter.com\/fr\/#organization\",\"name\":\"Groupe de Lichtgitter\",\"url\":\"https:\/\/www2.lichtgitter.com\/fr\/\",\"logo\":{\"@type\":\"ImageObject\",\"inLanguage\":\"fr-FR\",\"@id\":\"https:\/\/www2.lichtgitter.com\/fr\/#\/schema\/logo\/image\/\",\"url\":\"https:\/\/www2.lichtgitter.com\/wp-content\/uploads\/2024\/02\/logo-rgb.png\",\"contentUrl\":\"https:\/\/www2.lichtgitter.com\/wp-content\/uploads\/2024\/02\/logo-rgb.png\",\"width\":1920,\"height\":297,\"caption\":\"Groupe de Lichtgitter\"},\"image\":{\"@id\":\"https:\/\/www2.lichtgitter.com\/fr\/#\/schema\/logo\/image\/\"}}]}<\/script>\n<!-- \/ Yoast SEO plugin. -->","yoast_head_json":{"title":"Caillebotis en acier inoxydable : haute qualit\u00e9 et r\u00e9sistance - Groupe de Lichtgitter","robots":{"index":"noindex","follow":"follow","max-snippet":"max-snippet:-1","max-image-preview":"max-image-preview:large","max-video-preview":"max-video-preview:-1"},"og_locale":"fr_FR","og_type":"article","og_title":"Caillebotis en acier inoxydable : haute qualit\u00e9 et r\u00e9sistance - Groupe de Lichtgitter","og_description":"Les Caillebotis sont fabriqu\u00e9s dans diff\u00e9rents mat\u00e9riaux. Outre l&rsquo;acier, l&rsquo;acier inoxydable, l&rsquo;aluminium ou le PRV sont utilis\u00e9s en fonction de l&rsquo;application. Les propri\u00e9t\u00e9s mat\u00e9rielles de l&rsquo;acier inoxydable sont presque imbattables. En effet, dans certains cas, il ne suffit pas d&rsquo;utiliser uniquement de l&rsquo;acier galvanis\u00e9. Le caillebotis en acier inoxydable ne pr\u00e9sente pas seulement un aspect [&hellip;]","og_url":"https:\/\/www2.lichtgitter.com\/fr\/caillebotis-en-acier-inoxydable-haute-qualite-et-resistance\/","og_site_name":"Groupe de Lichtgitter","article_modified_time":"2026-02-18T13:13:58+00:00","twitter_card":"summary_large_image","twitter_misc":{"Dur\u00e9e de lecture estim\u00e9e":"5 minutes"},"schema":{"@context":"https:\/\/schema.org","@graph":[{"@type":"WebPage","@id":"https:\/\/www2.lichtgitter.com\/fr\/caillebotis-en-acier-inoxydable-haute-qualite-et-resistance\/","url":"https:\/\/www2.lichtgitter.com\/fr\/caillebotis-en-acier-inoxydable-haute-qualite-et-resistance\/","name":"Caillebotis en acier inoxydable : haute qualit\u00e9 et r\u00e9sistance - Groupe de Lichtgitter","isPartOf":{"@id":"https:\/\/www2.lichtgitter.com\/fr\/#website"},"datePublished":"2025-12-08T13:21:16+00:00","dateModified":"2026-02-18T13:13:58+00:00","breadcrumb":{"@id":"https:\/\/www2.lichtgitter.com\/fr\/caillebotis-en-acier-inoxydable-haute-qualite-et-resistance\/#breadcrumb"},"inLanguage":"fr-FR","potentialAction":[{"@type":"ReadAction","target":["https:\/\/www2.lichtgitter.com\/fr\/caillebotis-en-acier-inoxydable-haute-qualite-et-resistance\/"]}]},{"@type":"BreadcrumbList","@id":"https:\/\/www2.lichtgitter.com\/fr\/caillebotis-en-acier-inoxydable-haute-qualite-et-resistance\/#breadcrumb","itemListElement":[{"@type":"ListItem","position":1,"name":"Home","item":"https:\/\/www2.lichtgitter.com\/fr\/page-daccueil\/"},{"@type":"ListItem","position":2,"name":"Caillebotis en acier inoxydable : haute qualit\u00e9 et r\u00e9sistance"}]},{"@type":"WebSite","@id":"https:\/\/www2.lichtgitter.com\/fr\/#website","url":"https:\/\/www2.lichtgitter.com\/fr\/","name":"Lichtgitter Gruppe","description":"Alles rund um Gitterroste bei lichtgitter.com","publisher":{"@id":"https:\/\/www2.lichtgitter.com\/fr\/#organization"},"potentialAction":[{"@type":"SearchAction","target":{"@type":"EntryPoint","urlTemplate":"https:\/\/www2.lichtgitter.com\/fr\/?s={search_term_string}"},"query-input":{"@type":"PropertyValueSpecification","valueRequired":true,"valueName":"search_term_string"}}],"inLanguage":"fr-FR"},{"@type":"Organization","@id":"https:\/\/www2.lichtgitter.com\/fr\/#organization","name":"Groupe de Lichtgitter","url":"https:\/\/www2.lichtgitter.com\/fr\/","logo":{"@type":"ImageObject","inLanguage":"fr-FR","@id":"https:\/\/www2.lichtgitter.com\/fr\/#\/schema\/logo\/image\/","url":"https:\/\/www2.lichtgitter.com\/wp-content\/uploads\/2024\/02\/logo-rgb.png","contentUrl":"https:\/\/www2.lichtgitter.com\/wp-content\/uploads\/2024\/02\/logo-rgb.png","width":1920,"height":297,"caption":"Groupe de Lichtgitter"},"image":{"@id":"https:\/\/www2.lichtgitter.com\/fr\/#\/schema\/logo\/image\/"}}]}},"_links":{"self":[{"href":"https:\/\/www2.lichtgitter.com\/fr\/wp-json\/wp\/v2\/pages\/20534","targetHints":{"allow":["GET"]}}],"collection":[{"href":"https:\/\/www2.lichtgitter.com\/fr\/wp-json\/wp\/v2\/pages"}],"about":[{"href":"https:\/\/www2.lichtgitter.com\/fr\/wp-json\/wp\/v2\/types\/page"}],"author":[{"embeddable":true,"href":"https:\/\/www2.lichtgitter.com\/fr\/wp-json\/wp\/v2\/users\/1"}],"replies":[{"embeddable":true,"href":"https:\/\/www2.lichtgitter.com\/fr\/wp-json\/wp\/v2\/comments?post=20534"}],"version-history":[{"count":6,"href":"https:\/\/www2.lichtgitter.com\/fr\/wp-json\/wp\/v2\/pages\/20534\/revisions"}],"predecessor-version":[{"id":32398,"href":"https:\/\/www2.lichtgitter.com\/fr\/wp-json\/wp\/v2\/pages\/20534\/revisions\/32398"}],"wp:attachment":[{"href":"https:\/\/www2.lichtgitter.com\/fr\/wp-json\/wp\/v2\/media?parent=20534"}],"curies":[{"name":"wp","href":"https:\/\/api.w.org\/{rel}","templated":true}]}}