{"id":20546,"date":"2025-12-08T14:16:27","date_gmt":"2025-12-08T13:16:27","guid":{"rendered":"https:\/\/www.staging.lichtgitter.com\/caillebotis-en-acier-convaincant-par-ses-nombreuses-possibilites-dutilisation\/"},"modified":"2026-02-18T14:13:58","modified_gmt":"2026-02-18T13:13:58","slug":"caillebotis-en-acier-convaincant-par-ses-nombreuses-possibilites-dutilisation","status":"publish","type":"page","link":"https:\/\/www2.lichtgitter.com\/fr\/caillebotis-en-acier-convaincant-par-ses-nombreuses-possibilites-dutilisation\/","title":{"rendered":"Caillebotis en acier : convaincant par ses nombreuses possibilit\u00e9s d&rsquo;utilisation"},"content":{"rendered":"\t\t<div data-elementor-type=\"wp-page\" data-elementor-id=\"20546\" class=\"elementor elementor-20546 elementor-11082\" data-elementor-post-type=\"page\">\n\t\t\t\t<div class=\"elementor-element elementor-element-bc11f00 pad-lr-l e-flex e-con-boxed e-con e-parent\" data-id=\"bc11f00\" data-element_type=\"container\" data-e-type=\"container\" data-settings=\"{&quot;jet_parallax_layout_list&quot;:[]}\">\n\t\t\t\t\t<div class=\"e-con-inner\">\n\t\t\t\t<div data-dce-text-color=\"#FF0028\" class=\"elementor-element elementor-element-2f101ac elementor-invisible elementor-widget elementor-widget-breadcrumbs\" data-id=\"2f101ac\" data-element_type=\"widget\" data-e-type=\"widget\" data-settings=\"{&quot;_animation&quot;:&quot;fadeInUp&quot;}\" data-widget_type=\"breadcrumbs.default\">\n\t\t\t\t<div class=\"elementor-widget-container\">\n\t\t\t\t\t<p id=\"breadcrumbs\"><span><span><a href=\"https:\/\/www2.lichtgitter.com\/fr\/page-daccueil\/\">Home<\/a><\/span><\/span><\/p>\t\t\t\t<\/div>\n\t\t\t\t<\/div>\n\t\t\t\t\t<\/div>\n\t\t\t\t<\/div>\n\t\t<div class=\"elementor-element elementor-element-43276cb pad-l e-flex e-con-boxed e-con e-parent\" data-id=\"43276cb\" data-element_type=\"container\" data-e-type=\"container\" data-settings=\"{&quot;jet_parallax_layout_list&quot;:[]}\">\n\t\t\t\t\t<div class=\"e-con-inner\">\n\t\t\t\t<div class=\"elementor-element elementor-element-26f7003 elementor-widget__width-inherit elementor-invisible elementor-widget elementor-widget-heading\" data-id=\"26f7003\" data-element_type=\"widget\" data-e-type=\"widget\" data-settings=\"{&quot;_animation&quot;:&quot;fadeInUp&quot;}\" data-widget_type=\"heading.default\">\n\t\t\t\t<div class=\"elementor-widget-container\">\n\t\t\t\t\t<h1 class=\"elementor-heading-title elementor-size-default\">Caillebotis en acier : convaincant par ses nombreuses possibilit\u00e9s d&rsquo;utilisation<\/h1>\t\t\t\t<\/div>\n\t\t\t\t<\/div>\n\t\t\t\t<div class=\"elementor-element elementor-element-83905f1 elementor-widget__width-inherit elementor-invisible elementor-widget elementor-widget-text-editor\" data-id=\"83905f1\" data-element_type=\"widget\" data-e-type=\"widget\" data-settings=\"{&quot;_animation&quot;:&quot;fadeInUp&quot;}\" data-widget_type=\"text-editor.default\">\n\t\t\t\t<div class=\"elementor-widget-container\">\n\t\t\t\t\t\t\t\t\t<p>Non seulement les caillebotis en acier, mais aussi les caillebotis fabriqu\u00e9s dans d&rsquo;autres mat\u00e9riaux, r\u00e9pondent aux exigences les plus \u00e9lev\u00e9es en mati\u00e8re de statique et de conception. Il convient \u00e9galement de souligner que les caillebotis en acier et les autres caillebotis en d&rsquo;autres mat\u00e9riaux sont des \u00e9l\u00e9ments de construction sans entretien, \u00e9conomiques et durables. <\/p><p>Ils offrent \u00e9galement de nombreux avantages, notamment une bonne perm\u00e9abilit\u00e9 \u00e0 la lumi\u00e8re et \u00e0 l&rsquo;air. Gr\u00e2ce \u00e0 leur uniformit\u00e9 visuelle, les caillebotis offrent des possibilit\u00e9s infinies pour mettre en \u0153uvre des concepts int\u00e9ressants. Un caillebotis en acier offre une charge admissible \u00e9lev\u00e9e malgr\u00e9 son faible poids.  <\/p>\t\t\t\t\t\t\t\t<\/div>\n\t\t\t\t<\/div>\n\t\t\t\t\t<\/div>\n\t\t\t\t<\/div>\n\t\t<div class=\"elementor-element elementor-element-b49e670 pad-l e-flex e-con-boxed e-con e-parent\" data-id=\"b49e670\" data-element_type=\"container\" data-e-type=\"container\" data-settings=\"{&quot;background_background&quot;:&quot;classic&quot;,&quot;jet_parallax_layout_list&quot;:[]}\">\n\t\t\t\t\t<div class=\"e-con-inner\">\n\t\t<div class=\"elementor-element elementor-element-ed32981 e-con-full e-flex elementor-invisible e-con e-child\" data-id=\"ed32981\" data-element_type=\"container\" data-e-type=\"container\" data-settings=\"{&quot;animation&quot;:&quot;fadeInUp&quot;,&quot;jet_parallax_layout_list&quot;:[]}\">\n\t\t\t\t<div class=\"elementor-element elementor-element-2aab708 elementor-widget__width-inherit elementor-widget elementor-widget-heading\" data-id=\"2aab708\" data-element_type=\"widget\" data-e-type=\"widget\" data-widget_type=\"heading.default\">\n\t\t\t\t<div class=\"elementor-widget-container\">\n\t\t\t\t\t<h2 class=\"elementor-heading-title elementor-size-default\">Caillebotis en acier : de quoi s'agit-il exactement ?\n<\/h2>\t\t\t\t<\/div>\n\t\t\t\t<\/div>\n\t\t\t\t<div class=\"elementor-element elementor-element-78cc41c elementor-widget__width-inherit elementor-widget elementor-widget-text-editor\" data-id=\"78cc41c\" data-element_type=\"widget\" data-e-type=\"widget\" data-widget_type=\"text-editor.default\">\n\t\t\t\t<div class=\"elementor-widget-container\">\n\t\t\t\t\t\t\t\t\t<p>Qu&rsquo;il s&rsquo;agisse d&rsquo;un caillebotis en acier ou d&rsquo;un caillebotis en aluminium, les caillebotis sont des corps en forme de plaque, autoportants et pouvant supporter diff\u00e9rentes charges. Ces corps en forme de plaques pr\u00e9sentent \u00e9galement de nombreuses ouvertures dispos\u00e9es r\u00e9guli\u00e8rement. <\/p><p>Les Caillebotis sont utilis\u00e9s dans l&rsquo;industrie, la construction de routes, tous les secteurs du b\u00e2timent et du g\u00e9nie civil ainsi que dans le stockage. Si vous vous penchez sur l&rsquo;architecture moderne des b\u00e2timents et des projets, vous constaterez rapidement qu&rsquo;un Caillebotis en acier remplit des fonctions importantes en termes de design et de fonctionnalit\u00e9. Les caillebotis sont utilis\u00e9s comme grilles de plafond, balustrades de balcon, bardages ou \u00e9l\u00e9ments de design.  <\/p>\n<p>Un Caillebotis en acier est compos\u00e9 de barres portantes et transversales et d&rsquo;une bordure.<\/p>\t\t\t\t\t\t\t\t<\/div>\n\t\t\t\t<\/div>\n\t\t\t\t<\/div>\n\t\t\t\t\t<\/div>\n\t\t\t\t<\/div>\n\t\t<div class=\"elementor-element elementor-element-23941be pad-l e-flex e-con-boxed e-con e-parent\" data-id=\"23941be\" data-element_type=\"container\" data-e-type=\"container\" data-settings=\"{&quot;jet_parallax_layout_list&quot;:[]}\">\n\t\t\t\t\t<div class=\"e-con-inner\">\n\t\t<div class=\"elementor-element elementor-element-87976dc e-con-full e-flex elementor-invisible e-con e-child\" data-id=\"87976dc\" data-element_type=\"container\" data-e-type=\"container\" data-settings=\"{&quot;animation&quot;:&quot;fadeInUp&quot;,&quot;jet_parallax_layout_list&quot;:[]}\">\n\t\t\t\t<div class=\"elementor-element elementor-element-d16f70e elementor-widget__width-inherit elementor-widget elementor-widget-heading\" data-id=\"d16f70e\" data-element_type=\"widget\" data-e-type=\"widget\" data-widget_type=\"heading.default\">\n\t\t\t\t<div class=\"elementor-widget-container\">\n\t\t\t\t\t<h2 class=\"elementor-heading-title elementor-size-default\">Caillebotis en acier galvanis\u00e9 \u00e0 feu\n<\/h2>\t\t\t\t<\/div>\n\t\t\t\t<\/div>\n\t\t\t\t<div class=\"elementor-element elementor-element-9423eb1 elementor-widget elementor-widget-text-editor\" data-id=\"9423eb1\" data-element_type=\"widget\" data-e-type=\"widget\" data-widget_type=\"text-editor.default\">\n\t\t\t\t<div class=\"elementor-widget-container\">\n\t\t\t\t\t\t\t\t\t<p>Pour que votre Caillebotis acier puisse marquer des points en termes de long\u00e9vit\u00e9 et de robustesse, il est bien entendu indispensable que la surface du Caillebotis acier soit trait\u00e9e en cons\u00e9quence. La galvanisation \u00e0 chaud est g\u00e9n\u00e9ralement utilis\u00e9e \u00e0 cet effet. La galvanisation \u00e0 chaud a fait ses preuves en tant que protection anticorrosion et reste donc aujourd&rsquo;hui encore la forme la plus courante pour conf\u00e9rer par exemple \u00e0 un caillebotis en acier sa robustesse gr\u00e2ce \u00e0 ce traitement de surface.  <\/p><p>Dans le cadre de la galvanisation \u00e0 chaud, les \u00e9l\u00e9ments pr\u00e9trait\u00e9s sont plong\u00e9s dans du zinc en fusion. Le caillebotis est ainsi recouvert d&rsquo;une couche de zinc qui ne s&rsquo;\u00e9caille pas et ne se fissure pas sous l&rsquo;effet d&rsquo;une charge m\u00e9canique normale, comme le passage de v\u00e9hicules ou l&rsquo;inspection. <\/p>\n<p>Le groupe Lichtgitter poss\u00e8de trois ateliers de galvanisation modernes. Cela permet \u00e0 Lichtgitter de r\u00e9pondre \u00e0 ses exigences de qualit\u00e9 en mati\u00e8re de traitement de surface. <\/p>\n<p>Si une protection suppl\u00e9mentaire est souhait\u00e9e ou n\u00e9cessaire, un caillebotis en acier d\u00e9j\u00e0 galvanis\u00e9 peut \u00eatre tremp\u00e9 dans du bitume ou thermolaqu\u00e9. Ceci est particuli\u00e8rement recommand\u00e9 si les caillebotis doivent \u00eatre expos\u00e9s \u00e0 une charge chimique \u00e0 l&rsquo;avenir. <\/p>\n<p>Il est \u00e9galement possible de recouvrir les Caillebotis d&rsquo;un rev\u00eatement plastique ou d&rsquo;une peinture. Il est important de noter qu&rsquo;en cas de peinture, une galvanisation pr\u00e9alable n&rsquo;est pas recommand\u00e9e. <\/p>\t\t\t\t\t\t\t\t<\/div>\n\t\t\t\t<\/div>\n\t\t\t\t<\/div>\n\t\t\t\t\t<\/div>\n\t\t\t\t<\/div>\n\t\t<div class=\"elementor-element elementor-element-e44fd9e pad-l e-flex e-con-boxed e-con e-parent\" data-id=\"e44fd9e\" data-element_type=\"container\" data-e-type=\"container\" data-settings=\"{&quot;background_background&quot;:&quot;classic&quot;,&quot;jet_parallax_layout_list&quot;:[]}\">\n\t\t\t\t\t<div class=\"e-con-inner\">\n\t\t<div class=\"elementor-element elementor-element-2fa44f5 e-con-full e-flex elementor-invisible e-con e-child\" data-id=\"2fa44f5\" data-element_type=\"container\" data-e-type=\"container\" data-settings=\"{&quot;animation&quot;:&quot;fadeInUp&quot;,&quot;jet_parallax_layout_list&quot;:[]}\">\n\t\t\t\t<div class=\"elementor-element elementor-element-de9ee82 elementor-widget__width-inherit elementor-widget elementor-widget-heading\" data-id=\"de9ee82\" data-element_type=\"widget\" data-e-type=\"widget\" data-widget_type=\"heading.default\">\n\t\t\t\t<div class=\"elementor-widget-container\">\n\t\t\t\t\t<h2 class=\"elementor-heading-title elementor-size-default\">Lichtgitter se soucie du facteur environnemental\n<\/h2>\t\t\t\t<\/div>\n\t\t\t\t<\/div>\n\t\t\t\t<div class=\"elementor-element elementor-element-28d27fb elementor-widget__width-inherit elementor-widget elementor-widget-text-editor\" data-id=\"28d27fb\" data-element_type=\"widget\" data-e-type=\"widget\" data-widget_type=\"text-editor.default\">\n\t\t\t\t<div class=\"elementor-widget-container\">\n\t\t\t\t\t\t\t\t\t<p>La galvanisation \u00e0 chaud d&rsquo;un caillebotis en acier est effectu\u00e9e par Lichtgitter conform\u00e9ment \u00e0 la norme DIN EN ISO 1461, ce qui vous permet, en tant que client, d&rsquo;\u00eatre absolument certain d&rsquo;obtenir une qualit\u00e9 \u00e9lev\u00e9e et constante. En tant que fabricant, nous ne nous contentons pas de garantir une qualit\u00e9 \u00e9lev\u00e9e et constante. Nous accordons la m\u00eame importance \u00e0 l&rsquo;environnement qu&rsquo;\u00e0 la qualit\u00e9.   <\/p><p>C&rsquo;est pourquoi nous tenons \u00e0 ce que le processus de galvanisation soit le plus respectueux possible de l&rsquo;environnement. Les zones expos\u00e9es aux acides et aux produits chimiques sont enti\u00e8rement confin\u00e9es dans nos usines. Cela permet non seulement de cr\u00e9er un environnement de travail propre, mais aussi un lieu de travail sans \u00e9missions.  <\/p><p>De plus, nous attachons une grande importance \u00e0 la r\u00e9duction des d\u00e9chets et \u00e0 l&rsquo;\u00e9conomie d&rsquo;\u00e9nergie. Les d\u00e9chets g\u00e9n\u00e9r\u00e9s pendant le processus de galvanisation \u00e0 chaud de Caillebotis sont tous recycl\u00e9s. <\/p>\t\t\t\t\t\t\t\t<\/div>\n\t\t\t\t<\/div>\n\t\t\t\t<\/div>\n\t\t\t\t\t<\/div>\n\t\t\t\t<\/div>\n\t\t\t\t<\/div>\n\t\t","protected":false},"excerpt":{"rendered":"<p>Non seulement les caillebotis en acier, mais aussi les caillebotis fabriqu\u00e9s dans d&rsquo;autres mat\u00e9riaux, r\u00e9pondent aux exigences les plus \u00e9lev\u00e9es en mati\u00e8re de statique et de conception. Il convient \u00e9galement de souligner que les caillebotis en acier et les autres caillebotis en d&rsquo;autres mat\u00e9riaux sont des \u00e9l\u00e9ments de construction sans entretien, \u00e9conomiques et durables. Ils [&hellip;]<\/p>\n","protected":false},"author":1,"featured_media":0,"parent":0,"menu_order":3,"comment_status":"closed","ping_status":"closed","template":"","meta":{"_acf_changed":false,"footnotes":""},"class_list":["post-20546","page","type-page","status-publish","hentry"],"acf":[],"yoast_head":"<!-- This site is optimized with the Yoast SEO plugin v27.2 - https:\/\/yoast.com\/product\/yoast-seo-wordpress\/ -->\n<title>Caillebotis en acier : convaincant par ses nombreuses possibilit\u00e9s d&#039;utilisation - Groupe de Lichtgitter<\/title>\n<meta name=\"robots\" content=\"noindex, follow, max-snippet:-1, max-image-preview:large, max-video-preview:-1\" \/>\n<meta property=\"og:locale\" content=\"fr_FR\" \/>\n<meta property=\"og:type\" content=\"article\" \/>\n<meta property=\"og:title\" content=\"Caillebotis en acier : convaincant par ses nombreuses possibilit\u00e9s d&#039;utilisation - Groupe de Lichtgitter\" \/>\n<meta property=\"og:description\" content=\"Non seulement les caillebotis en acier, mais aussi les caillebotis fabriqu\u00e9s dans d&rsquo;autres mat\u00e9riaux, r\u00e9pondent aux exigences les plus \u00e9lev\u00e9es en mati\u00e8re de statique et de conception. Il convient \u00e9galement de souligner que les caillebotis en acier et les autres caillebotis en d&rsquo;autres mat\u00e9riaux sont des \u00e9l\u00e9ments de construction sans entretien, \u00e9conomiques et durables. Ils [&hellip;]\" \/>\n<meta property=\"og:url\" content=\"https:\/\/www2.lichtgitter.com\/fr\/caillebotis-en-acier-convaincant-par-ses-nombreuses-possibilites-dutilisation\/\" \/>\n<meta property=\"og:site_name\" content=\"Groupe de Lichtgitter\" \/>\n<meta property=\"article:modified_time\" content=\"2026-02-18T13:13:58+00:00\" \/>\n<meta name=\"twitter:card\" content=\"summary_large_image\" \/>\n<meta name=\"twitter:label1\" content=\"Dur\u00e9e de lecture estim\u00e9e\" \/>\n\t<meta name=\"twitter:data1\" content=\"3 minutes\" \/>\n<script type=\"application\/ld+json\" class=\"yoast-schema-graph\">{\"@context\":\"https:\/\/schema.org\",\"@graph\":[{\"@type\":\"WebPage\",\"@id\":\"https:\/\/www2.lichtgitter.com\/fr\/caillebotis-en-acier-convaincant-par-ses-nombreuses-possibilites-dutilisation\/\",\"url\":\"https:\/\/www2.lichtgitter.com\/fr\/caillebotis-en-acier-convaincant-par-ses-nombreuses-possibilites-dutilisation\/\",\"name\":\"Caillebotis en acier : convaincant par ses nombreuses possibilit\u00e9s d'utilisation - Groupe de Lichtgitter\",\"isPartOf\":{\"@id\":\"https:\/\/www2.lichtgitter.com\/fr\/#website\"},\"datePublished\":\"2025-12-08T13:16:27+00:00\",\"dateModified\":\"2026-02-18T13:13:58+00:00\",\"breadcrumb\":{\"@id\":\"https:\/\/www2.lichtgitter.com\/fr\/caillebotis-en-acier-convaincant-par-ses-nombreuses-possibilites-dutilisation\/#breadcrumb\"},\"inLanguage\":\"fr-FR\",\"potentialAction\":[{\"@type\":\"ReadAction\",\"target\":[\"https:\/\/www2.lichtgitter.com\/fr\/caillebotis-en-acier-convaincant-par-ses-nombreuses-possibilites-dutilisation\/\"]}]},{\"@type\":\"BreadcrumbList\",\"@id\":\"https:\/\/www2.lichtgitter.com\/fr\/caillebotis-en-acier-convaincant-par-ses-nombreuses-possibilites-dutilisation\/#breadcrumb\",\"itemListElement\":[{\"@type\":\"ListItem\",\"position\":1,\"name\":\"Home\",\"item\":\"https:\/\/www2.lichtgitter.com\/fr\/page-daccueil\/\"},{\"@type\":\"ListItem\",\"position\":2,\"name\":\"Caillebotis en acier : convaincant par ses nombreuses possibilit\u00e9s d&rsquo;utilisation\"}]},{\"@type\":\"WebSite\",\"@id\":\"https:\/\/www2.lichtgitter.com\/fr\/#website\",\"url\":\"https:\/\/www2.lichtgitter.com\/fr\/\",\"name\":\"Lichtgitter Gruppe\",\"description\":\"Alles rund um Gitterroste bei lichtgitter.com\",\"publisher\":{\"@id\":\"https:\/\/www2.lichtgitter.com\/fr\/#organization\"},\"potentialAction\":[{\"@type\":\"SearchAction\",\"target\":{\"@type\":\"EntryPoint\",\"urlTemplate\":\"https:\/\/www2.lichtgitter.com\/fr\/?s={search_term_string}\"},\"query-input\":{\"@type\":\"PropertyValueSpecification\",\"valueRequired\":true,\"valueName\":\"search_term_string\"}}],\"inLanguage\":\"fr-FR\"},{\"@type\":\"Organization\",\"@id\":\"https:\/\/www2.lichtgitter.com\/fr\/#organization\",\"name\":\"Groupe de Lichtgitter\",\"url\":\"https:\/\/www2.lichtgitter.com\/fr\/\",\"logo\":{\"@type\":\"ImageObject\",\"inLanguage\":\"fr-FR\",\"@id\":\"https:\/\/www2.lichtgitter.com\/fr\/#\/schema\/logo\/image\/\",\"url\":\"https:\/\/www2.lichtgitter.com\/wp-content\/uploads\/2024\/02\/logo-rgb.png\",\"contentUrl\":\"https:\/\/www2.lichtgitter.com\/wp-content\/uploads\/2024\/02\/logo-rgb.png\",\"width\":1920,\"height\":297,\"caption\":\"Groupe de Lichtgitter\"},\"image\":{\"@id\":\"https:\/\/www2.lichtgitter.com\/fr\/#\/schema\/logo\/image\/\"}}]}<\/script>\n<!-- \/ Yoast SEO plugin. -->","yoast_head_json":{"title":"Caillebotis en acier : convaincant par ses nombreuses possibilit\u00e9s d'utilisation - Groupe de Lichtgitter","robots":{"index":"noindex","follow":"follow","max-snippet":"max-snippet:-1","max-image-preview":"max-image-preview:large","max-video-preview":"max-video-preview:-1"},"og_locale":"fr_FR","og_type":"article","og_title":"Caillebotis en acier : convaincant par ses nombreuses possibilit\u00e9s d'utilisation - Groupe de Lichtgitter","og_description":"Non seulement les caillebotis en acier, mais aussi les caillebotis fabriqu\u00e9s dans d&rsquo;autres mat\u00e9riaux, r\u00e9pondent aux exigences les plus \u00e9lev\u00e9es en mati\u00e8re de statique et de conception. Il convient \u00e9galement de souligner que les caillebotis en acier et les autres caillebotis en d&rsquo;autres mat\u00e9riaux sont des \u00e9l\u00e9ments de construction sans entretien, \u00e9conomiques et durables. Ils [&hellip;]","og_url":"https:\/\/www2.lichtgitter.com\/fr\/caillebotis-en-acier-convaincant-par-ses-nombreuses-possibilites-dutilisation\/","og_site_name":"Groupe de Lichtgitter","article_modified_time":"2026-02-18T13:13:58+00:00","twitter_card":"summary_large_image","twitter_misc":{"Dur\u00e9e de lecture estim\u00e9e":"3 minutes"},"schema":{"@context":"https:\/\/schema.org","@graph":[{"@type":"WebPage","@id":"https:\/\/www2.lichtgitter.com\/fr\/caillebotis-en-acier-convaincant-par-ses-nombreuses-possibilites-dutilisation\/","url":"https:\/\/www2.lichtgitter.com\/fr\/caillebotis-en-acier-convaincant-par-ses-nombreuses-possibilites-dutilisation\/","name":"Caillebotis en acier : convaincant par ses nombreuses possibilit\u00e9s d'utilisation - Groupe de Lichtgitter","isPartOf":{"@id":"https:\/\/www2.lichtgitter.com\/fr\/#website"},"datePublished":"2025-12-08T13:16:27+00:00","dateModified":"2026-02-18T13:13:58+00:00","breadcrumb":{"@id":"https:\/\/www2.lichtgitter.com\/fr\/caillebotis-en-acier-convaincant-par-ses-nombreuses-possibilites-dutilisation\/#breadcrumb"},"inLanguage":"fr-FR","potentialAction":[{"@type":"ReadAction","target":["https:\/\/www2.lichtgitter.com\/fr\/caillebotis-en-acier-convaincant-par-ses-nombreuses-possibilites-dutilisation\/"]}]},{"@type":"BreadcrumbList","@id":"https:\/\/www2.lichtgitter.com\/fr\/caillebotis-en-acier-convaincant-par-ses-nombreuses-possibilites-dutilisation\/#breadcrumb","itemListElement":[{"@type":"ListItem","position":1,"name":"Home","item":"https:\/\/www2.lichtgitter.com\/fr\/page-daccueil\/"},{"@type":"ListItem","position":2,"name":"Caillebotis en acier : convaincant par ses nombreuses possibilit\u00e9s d&rsquo;utilisation"}]},{"@type":"WebSite","@id":"https:\/\/www2.lichtgitter.com\/fr\/#website","url":"https:\/\/www2.lichtgitter.com\/fr\/","name":"Lichtgitter Gruppe","description":"Alles rund um Gitterroste bei lichtgitter.com","publisher":{"@id":"https:\/\/www2.lichtgitter.com\/fr\/#organization"},"potentialAction":[{"@type":"SearchAction","target":{"@type":"EntryPoint","urlTemplate":"https:\/\/www2.lichtgitter.com\/fr\/?s={search_term_string}"},"query-input":{"@type":"PropertyValueSpecification","valueRequired":true,"valueName":"search_term_string"}}],"inLanguage":"fr-FR"},{"@type":"Organization","@id":"https:\/\/www2.lichtgitter.com\/fr\/#organization","name":"Groupe de Lichtgitter","url":"https:\/\/www2.lichtgitter.com\/fr\/","logo":{"@type":"ImageObject","inLanguage":"fr-FR","@id":"https:\/\/www2.lichtgitter.com\/fr\/#\/schema\/logo\/image\/","url":"https:\/\/www2.lichtgitter.com\/wp-content\/uploads\/2024\/02\/logo-rgb.png","contentUrl":"https:\/\/www2.lichtgitter.com\/wp-content\/uploads\/2024\/02\/logo-rgb.png","width":1920,"height":297,"caption":"Groupe de Lichtgitter"},"image":{"@id":"https:\/\/www2.lichtgitter.com\/fr\/#\/schema\/logo\/image\/"}}]}},"_links":{"self":[{"href":"https:\/\/www2.lichtgitter.com\/fr\/wp-json\/wp\/v2\/pages\/20546","targetHints":{"allow":["GET"]}}],"collection":[{"href":"https:\/\/www2.lichtgitter.com\/fr\/wp-json\/wp\/v2\/pages"}],"about":[{"href":"https:\/\/www2.lichtgitter.com\/fr\/wp-json\/wp\/v2\/types\/page"}],"author":[{"embeddable":true,"href":"https:\/\/www2.lichtgitter.com\/fr\/wp-json\/wp\/v2\/users\/1"}],"replies":[{"embeddable":true,"href":"https:\/\/www2.lichtgitter.com\/fr\/wp-json\/wp\/v2\/comments?post=20546"}],"version-history":[{"count":6,"href":"https:\/\/www2.lichtgitter.com\/fr\/wp-json\/wp\/v2\/pages\/20546\/revisions"}],"predecessor-version":[{"id":32396,"href":"https:\/\/www2.lichtgitter.com\/fr\/wp-json\/wp\/v2\/pages\/20546\/revisions\/32396"}],"wp:attachment":[{"href":"https:\/\/www2.lichtgitter.com\/fr\/wp-json\/wp\/v2\/media?parent=20546"}],"curies":[{"name":"wp","href":"https:\/\/api.w.org\/{rel}","templated":true}]}}