{"id":20370,"date":"2025-12-08T14:25:11","date_gmt":"2025-12-08T13:25:11","guid":{"rendered":"https:\/\/www.staging.lichtgitter.com\/i-grigliati-in-plastica-offrono-enormi-vantaggi\/"},"modified":"2026-02-04T13:41:36","modified_gmt":"2026-02-04T12:41:36","slug":"i-grigliati-in-plastica-offrono-enormi-vantaggi","status":"publish","type":"page","link":"https:\/\/www2.lichtgitter.com\/it\/i-grigliati-in-plastica-offrono-enormi-vantaggi\/","title":{"rendered":"I grigliati in plastica offrono enormi vantaggi"},"content":{"rendered":"\t\t<div data-elementor-type=\"wp-page\" data-elementor-id=\"20370\" class=\"elementor elementor-20370 elementor-11115\" data-elementor-post-type=\"page\">\n\t\t\t\t<div class=\"elementor-element elementor-element-bc11f00 pad-lr-l e-flex e-con-boxed e-con e-parent\" data-id=\"bc11f00\" data-element_type=\"container\" data-e-type=\"container\" data-settings=\"{&quot;jet_parallax_layout_list&quot;:[]}\">\n\t\t\t\t\t<div class=\"e-con-inner\">\n\t\t\t\t<div data-dce-text-color=\"#FF0028\" class=\"elementor-element elementor-element-2f101ac elementor-invisible elementor-widget elementor-widget-breadcrumbs\" data-id=\"2f101ac\" data-element_type=\"widget\" data-e-type=\"widget\" data-settings=\"{&quot;_animation&quot;:&quot;fadeInUp&quot;}\" data-widget_type=\"breadcrumbs.default\">\n\t\t\t\t<div class=\"elementor-widget-container\">\n\t\t\t\t\t<p id=\"breadcrumbs\"><span><span><a href=\"https:\/\/www2.lichtgitter.com\/it\/pagina-iniziale\/\">Home<\/a><\/span><\/span><\/p>\t\t\t\t<\/div>\n\t\t\t\t<\/div>\n\t\t\t\t\t<\/div>\n\t\t\t\t<\/div>\n\t\t<div class=\"elementor-element elementor-element-43276cb pad-l e-flex e-con-boxed e-con e-parent\" data-id=\"43276cb\" data-element_type=\"container\" data-e-type=\"container\" data-settings=\"{&quot;jet_parallax_layout_list&quot;:[]}\">\n\t\t\t\t\t<div class=\"e-con-inner\">\n\t\t\t\t<div class=\"elementor-element elementor-element-26f7003 elementor-widget__width-inherit elementor-invisible elementor-widget elementor-widget-heading\" data-id=\"26f7003\" data-element_type=\"widget\" data-e-type=\"widget\" data-settings=\"{&quot;_animation&quot;:&quot;fadeInUp&quot;}\" data-widget_type=\"heading.default\">\n\t\t\t\t<div class=\"elementor-widget-container\">\n\t\t\t\t\t<h1 class=\"elementor-heading-title elementor-size-default\">I grigliati in plastica offrono enormi vantaggi<\/h1>\t\t\t\t<\/div>\n\t\t\t\t<\/div>\n\t\t\t\t<div class=\"elementor-element elementor-element-83905f1 elementor-widget__width-inherit elementor-invisible elementor-widget elementor-widget-text-editor\" data-id=\"83905f1\" data-element_type=\"widget\" data-e-type=\"widget\" data-settings=\"{&quot;_animation&quot;:&quot;fadeInUp&quot;}\" data-widget_type=\"text-editor.default\">\n\t\t\t\t<div class=\"elementor-widget-container\">\n\t\t\t\t\t\t\t\t\t<p>Ci sono situazioni o luoghi in cui un tradizionale grigliato in acciaio non \u00e8 pi\u00f9 sufficiente. Nella maggior parte dei casi, si tratta di luoghi che richiedono materiali molto particolari. Quali sono questi luoghi?  <\/p><p>Siamo lieti di fornirti una piccola selezione di luoghi, fabbriche e aziende in cui i grigliati tradizionali sarebbero fuori luogo e per questo vengono utilizzati quelli in plastica. Questi luoghi includono piattaforme offshore, caseifici, piscine coperte, impianti di decapaggio, centrali idriche ed elettriche, birrerie e industrie alimentari. <\/p><p>A questo punto viene spontaneo chiedersi quali vantaggi offra un grigliato in plastica di questo tipo. Cosa pu\u00f2 fare un grigliato in PRFV rispetto a un grigliato tradizionale. Prima di approfondire l&#8217;argomento, \u00e8 bene chiarire il significato dell&#8217;abbreviazione &#8220;PRFV&#8221;. Le tre lettere maiuscole stanno per plastica rinforzata con fibra di vetro. La particolarit\u00e0 di questo design \u00e8 che combina le speciali propriet\u00e0 fisiche della plastica speciale con i vantaggi di un grigliato.    <\/p><p>Questa speciale combinazione si traduce in numerosi vantaggi per te che utilizzi i grigliati in plastica. Ad esempio, la resistenza agli agenti chimici e alle intemperie dei grigliati in plastica soddisfa i requisiti pi\u00f9 elevati. I grigliati in plastica convincono anche per la loro elevata resistenza. I grigliati in PRFV possono essere calpestabili ed \u00e8 persino possibile realizzare ponti di grandi distanze tra i supporti con questi grigliati.   <\/p><p>I grigliati in plastica hanno un&#8217;ottima durata e sono anche resistenti al fuoco.<\/p><p>Si dimostra inoltre antiscivolo fino a R 13. I grigliati in plastica sono disponibili in molti colori RAL. Sono resistenti agli urti, affidabili e durevoli. I grigliati in plastica sono anche non conduttivi, resistenti agli alogeni e privi di silicone.  <\/p><p>I grigliati in plastica sono resistenti al 100% ai raggi UV e si dimostrano stabili dal punto di vista cromatico e dimensionale. I grigliati in plastica sono anche facili ed economici da installare. Inoltre, non comporta costi di manutenzione. <\/p>\t\t\t\t\t\t\t\t<\/div>\n\t\t\t\t<\/div>\n\t\t\t\t\t<\/div>\n\t\t\t\t<\/div>\n\t\t<div class=\"elementor-element elementor-element-b49e670 pad-l e-flex e-con-boxed e-con e-parent\" data-id=\"b49e670\" data-element_type=\"container\" data-e-type=\"container\" data-settings=\"{&quot;background_background&quot;:&quot;classic&quot;,&quot;jet_parallax_layout_list&quot;:[]}\">\n\t\t\t\t\t<div class=\"e-con-inner\">\n\t\t<div class=\"elementor-element elementor-element-ed32981 e-con-full e-flex elementor-invisible e-con e-child\" data-id=\"ed32981\" data-element_type=\"container\" data-e-type=\"container\" data-settings=\"{&quot;animation&quot;:&quot;fadeInUp&quot;,&quot;jet_parallax_layout_list&quot;:[]}\">\n\t\t\t\t<div class=\"elementor-element elementor-element-2aab708 elementor-widget__width-inherit elementor-widget elementor-widget-heading\" data-id=\"2aab708\" data-element_type=\"widget\" data-e-type=\"widget\" data-widget_type=\"heading.default\">\n\t\t\t\t<div class=\"elementor-widget-container\">\n\t\t\t\t\t<h2 class=\"elementor-heading-title elementor-size-default\">Grigliati in plastica: realizzati per esigenze speciali\n<\/h2>\t\t\t\t<\/div>\n\t\t\t\t<\/div>\n\t\t\t\t<div class=\"elementor-element elementor-element-78cc41c elementor-widget__width-inherit elementor-widget elementor-widget-text-editor\" data-id=\"78cc41c\" data-element_type=\"widget\" data-e-type=\"widget\" data-widget_type=\"text-editor.default\">\n\t\t\t\t<div class=\"elementor-widget-container\">\n\t\t\t\t\t\t\t\t\t<p>Sei alla ricerca di grigliati che non gettano la spugna nemmeno in condizioni difficili? Che si dimostrino stabili e sicuri e che convincano per la loro durata e la bassa manutenzione anche in presenza di carichi superiori alla media? Allora la tua scelta dovrebbe ricadere sui grigliati in plastica di Lichtgitter. Con i grigliati in plastica acquisti un prodotto di alta qualit\u00e0 che offre durata e assoluta robustezza anche in ambienti difficili.   <\/p><p>Naturalmente, il Gruppo Lichtgitter non si limita a fornire grigliati in plastica in vari modelli. Anche la consulenza professionale \u00e8 una cosa ovvia per noi. Da noi puoi trovare anche altri prodotti in PRFV, come ad esempio scale fisse in PRFV, ringhiere in PRFV e gradini in PRFV.  <\/p>\n<p>Il nostro vasto assortimento \u00e8 completato da un&#8217;ampia gamma di Accessori, piedini di livellamento e materiali di fissaggio. Questo significa che anche il progetto pi\u00f9 impegnativo pu\u00f2 essere realizzato senza problemi. Perch\u00e9 non siamo solo sinonimo di qualit\u00e0 eccellente, ma anche di un buon servizio&#8230;  <\/p>\t\t\t\t\t\t\t\t<\/div>\n\t\t\t\t<\/div>\n\t\t\t\t<\/div>\n\t\t\t\t\t<\/div>\n\t\t\t\t<\/div>\n\t\t\t\t<\/div>\n\t\t","protected":false},"excerpt":{"rendered":"<p>Ci sono situazioni o luoghi in cui un tradizionale grigliato in acciaio non \u00e8 pi\u00f9 sufficiente. Nella maggior parte dei casi, si tratta di luoghi che richiedono materiali molto particolari. Quali sono questi luoghi? Siamo lieti di fornirti una piccola selezione di luoghi, fabbriche e aziende in cui i grigliati tradizionali sarebbero fuori luogo e [&hellip;]<\/p>\n","protected":false},"author":1,"featured_media":0,"parent":0,"menu_order":3,"comment_status":"closed","ping_status":"closed","template":"","meta":{"_acf_changed":false,"footnotes":""},"class_list":["post-20370","page","type-page","status-publish","hentry"],"acf":[],"yoast_head":"<!-- This site is optimized with the Yoast SEO plugin v27.2 - https:\/\/yoast.com\/product\/yoast-seo-wordpress\/ -->\n<title>Gruppo Lichtgitter - I grigliati in plastica offrono enormi vantaggi<\/title>\n<meta name=\"description\" content=\"Produttore e fornitore di grigliati, grigliati in profilati di lamiera, prodotti in PRV e scale a chiocciola - prodotti di qualit\u00e0 dal 1929 - Lichtgitter Blechprofilter das Original\" \/>\n<meta name=\"robots\" content=\"noindex, follow, max-snippet:-1, max-image-preview:large, max-video-preview:-1\" \/>\n<meta property=\"og:locale\" content=\"it_IT\" \/>\n<meta property=\"og:type\" content=\"article\" \/>\n<meta property=\"og:title\" content=\"Gruppo Lichtgitter - I grigliati in plastica offrono enormi vantaggi\" \/>\n<meta property=\"og:description\" content=\"Produttore e fornitore di grigliati, grigliati in profilati di lamiera, prodotti in PRV e scale a chiocciola - prodotti di qualit\u00e0 dal 1929 - Lichtgitter Blechprofilter das Original\" \/>\n<meta property=\"og:url\" content=\"https:\/\/www2.lichtgitter.com\/it\/i-grigliati-in-plastica-offrono-enormi-vantaggi\/\" \/>\n<meta property=\"og:site_name\" content=\"Lichtgitter Gruppe\" \/>\n<meta property=\"article:modified_time\" content=\"2026-02-04T12:41:36+00:00\" \/>\n<meta name=\"twitter:card\" content=\"summary_large_image\" \/>\n<meta name=\"twitter:label1\" content=\"Tempo di lettura stimato\" \/>\n\t<meta name=\"twitter:data1\" content=\"2 minuto\" \/>\n<script type=\"application\/ld+json\" class=\"yoast-schema-graph\">{\"@context\":\"https:\/\/schema.org\",\"@graph\":[{\"@type\":\"WebPage\",\"@id\":\"https:\/\/www2.lichtgitter.com\/it\/i-grigliati-in-plastica-offrono-enormi-vantaggi\/\",\"url\":\"https:\/\/www2.lichtgitter.com\/it\/i-grigliati-in-plastica-offrono-enormi-vantaggi\/\",\"name\":\"Gruppo Lichtgitter - I grigliati in plastica offrono enormi vantaggi\",\"isPartOf\":{\"@id\":\"https:\/\/www2.lichtgitter.com\/it\/#website\"},\"datePublished\":\"2025-12-08T13:25:11+00:00\",\"dateModified\":\"2026-02-04T12:41:36+00:00\",\"description\":\"Produttore e fornitore di grigliati, grigliati in profilati di lamiera, prodotti in PRV e scale a chiocciola - prodotti di qualit\u00e0 dal 1929 - Lichtgitter Blechprofilter das Original\",\"breadcrumb\":{\"@id\":\"https:\/\/www2.lichtgitter.com\/it\/i-grigliati-in-plastica-offrono-enormi-vantaggi\/#breadcrumb\"},\"inLanguage\":\"it-IT\",\"potentialAction\":[{\"@type\":\"ReadAction\",\"target\":[\"https:\/\/www2.lichtgitter.com\/it\/i-grigliati-in-plastica-offrono-enormi-vantaggi\/\"]}]},{\"@type\":\"BreadcrumbList\",\"@id\":\"https:\/\/www2.lichtgitter.com\/it\/i-grigliati-in-plastica-offrono-enormi-vantaggi\/#breadcrumb\",\"itemListElement\":[{\"@type\":\"ListItem\",\"position\":1,\"name\":\"Home\",\"item\":\"https:\/\/www2.lichtgitter.com\/it\/pagina-iniziale\/\"},{\"@type\":\"ListItem\",\"position\":2,\"name\":\"I grigliati in plastica offrono enormi vantaggi\"}]},{\"@type\":\"WebSite\",\"@id\":\"https:\/\/www2.lichtgitter.com\/it\/#website\",\"url\":\"https:\/\/www2.lichtgitter.com\/it\/\",\"name\":\"Lichtgitter Gruppe\",\"description\":\"Alles rund um Gitterroste bei lichtgitter.com\",\"publisher\":{\"@id\":\"https:\/\/www2.lichtgitter.com\/it\/#organization\"},\"potentialAction\":[{\"@type\":\"SearchAction\",\"target\":{\"@type\":\"EntryPoint\",\"urlTemplate\":\"https:\/\/www2.lichtgitter.com\/it\/?s={search_term_string}\"},\"query-input\":{\"@type\":\"PropertyValueSpecification\",\"valueRequired\":true,\"valueName\":\"search_term_string\"}}],\"inLanguage\":\"it-IT\"},{\"@type\":\"Organization\",\"@id\":\"https:\/\/www2.lichtgitter.com\/it\/#organization\",\"name\":\"Lichtgitter Gruppe\",\"url\":\"https:\/\/www2.lichtgitter.com\/it\/\",\"logo\":{\"@type\":\"ImageObject\",\"inLanguage\":\"it-IT\",\"@id\":\"https:\/\/www2.lichtgitter.com\/it\/#\/schema\/logo\/image\/\",\"url\":\"https:\/\/www2.lichtgitter.com\/wp-content\/uploads\/2024\/02\/logo-rgb.png\",\"contentUrl\":\"https:\/\/www2.lichtgitter.com\/wp-content\/uploads\/2024\/02\/logo-rgb.png\",\"width\":1920,\"height\":297,\"caption\":\"Lichtgitter Gruppe\"},\"image\":{\"@id\":\"https:\/\/www2.lichtgitter.com\/it\/#\/schema\/logo\/image\/\"}}]}<\/script>\n<!-- \/ Yoast SEO plugin. -->","yoast_head_json":{"title":"Gruppo Lichtgitter - I grigliati in plastica offrono enormi vantaggi","description":"Produttore e fornitore di grigliati, grigliati in profilati di lamiera, prodotti in PRV e scale a chiocciola - prodotti di qualit\u00e0 dal 1929 - Lichtgitter Blechprofilter das Original","robots":{"index":"noindex","follow":"follow","max-snippet":"max-snippet:-1","max-image-preview":"max-image-preview:large","max-video-preview":"max-video-preview:-1"},"og_locale":"it_IT","og_type":"article","og_title":"Gruppo Lichtgitter - I grigliati in plastica offrono enormi vantaggi","og_description":"Produttore e fornitore di grigliati, grigliati in profilati di lamiera, prodotti in PRV e scale a chiocciola - prodotti di qualit\u00e0 dal 1929 - Lichtgitter Blechprofilter das Original","og_url":"https:\/\/www2.lichtgitter.com\/it\/i-grigliati-in-plastica-offrono-enormi-vantaggi\/","og_site_name":"Lichtgitter Gruppe","article_modified_time":"2026-02-04T12:41:36+00:00","twitter_card":"summary_large_image","twitter_misc":{"Tempo di lettura stimato":"2 minuto"},"schema":{"@context":"https:\/\/schema.org","@graph":[{"@type":"WebPage","@id":"https:\/\/www2.lichtgitter.com\/it\/i-grigliati-in-plastica-offrono-enormi-vantaggi\/","url":"https:\/\/www2.lichtgitter.com\/it\/i-grigliati-in-plastica-offrono-enormi-vantaggi\/","name":"Gruppo Lichtgitter - I grigliati in plastica offrono enormi vantaggi","isPartOf":{"@id":"https:\/\/www2.lichtgitter.com\/it\/#website"},"datePublished":"2025-12-08T13:25:11+00:00","dateModified":"2026-02-04T12:41:36+00:00","description":"Produttore e fornitore di grigliati, grigliati in profilati di lamiera, prodotti in PRV e scale a chiocciola - prodotti di qualit\u00e0 dal 1929 - Lichtgitter Blechprofilter das Original","breadcrumb":{"@id":"https:\/\/www2.lichtgitter.com\/it\/i-grigliati-in-plastica-offrono-enormi-vantaggi\/#breadcrumb"},"inLanguage":"it-IT","potentialAction":[{"@type":"ReadAction","target":["https:\/\/www2.lichtgitter.com\/it\/i-grigliati-in-plastica-offrono-enormi-vantaggi\/"]}]},{"@type":"BreadcrumbList","@id":"https:\/\/www2.lichtgitter.com\/it\/i-grigliati-in-plastica-offrono-enormi-vantaggi\/#breadcrumb","itemListElement":[{"@type":"ListItem","position":1,"name":"Home","item":"https:\/\/www2.lichtgitter.com\/it\/pagina-iniziale\/"},{"@type":"ListItem","position":2,"name":"I grigliati in plastica offrono enormi vantaggi"}]},{"@type":"WebSite","@id":"https:\/\/www2.lichtgitter.com\/it\/#website","url":"https:\/\/www2.lichtgitter.com\/it\/","name":"Lichtgitter Gruppe","description":"Alles rund um Gitterroste bei lichtgitter.com","publisher":{"@id":"https:\/\/www2.lichtgitter.com\/it\/#organization"},"potentialAction":[{"@type":"SearchAction","target":{"@type":"EntryPoint","urlTemplate":"https:\/\/www2.lichtgitter.com\/it\/?s={search_term_string}"},"query-input":{"@type":"PropertyValueSpecification","valueRequired":true,"valueName":"search_term_string"}}],"inLanguage":"it-IT"},{"@type":"Organization","@id":"https:\/\/www2.lichtgitter.com\/it\/#organization","name":"Lichtgitter Gruppe","url":"https:\/\/www2.lichtgitter.com\/it\/","logo":{"@type":"ImageObject","inLanguage":"it-IT","@id":"https:\/\/www2.lichtgitter.com\/it\/#\/schema\/logo\/image\/","url":"https:\/\/www2.lichtgitter.com\/wp-content\/uploads\/2024\/02\/logo-rgb.png","contentUrl":"https:\/\/www2.lichtgitter.com\/wp-content\/uploads\/2024\/02\/logo-rgb.png","width":1920,"height":297,"caption":"Lichtgitter Gruppe"},"image":{"@id":"https:\/\/www2.lichtgitter.com\/it\/#\/schema\/logo\/image\/"}}]}},"_links":{"self":[{"href":"https:\/\/www2.lichtgitter.com\/it\/wp-json\/wp\/v2\/pages\/20370","targetHints":{"allow":["GET"]}}],"collection":[{"href":"https:\/\/www2.lichtgitter.com\/it\/wp-json\/wp\/v2\/pages"}],"about":[{"href":"https:\/\/www2.lichtgitter.com\/it\/wp-json\/wp\/v2\/types\/page"}],"author":[{"embeddable":true,"href":"https:\/\/www2.lichtgitter.com\/it\/wp-json\/wp\/v2\/users\/1"}],"replies":[{"embeddable":true,"href":"https:\/\/www2.lichtgitter.com\/it\/wp-json\/wp\/v2\/comments?post=20370"}],"version-history":[{"count":2,"href":"https:\/\/www2.lichtgitter.com\/it\/wp-json\/wp\/v2\/pages\/20370\/revisions"}],"predecessor-version":[{"id":30944,"href":"https:\/\/www2.lichtgitter.com\/it\/wp-json\/wp\/v2\/pages\/20370\/revisions\/30944"}],"wp:attachment":[{"href":"https:\/\/www2.lichtgitter.com\/it\/wp-json\/wp\/v2\/media?parent=20370"}],"curies":[{"name":"wp","href":"https:\/\/api.w.org\/{rel}","templated":true}]}}