{"id":20387,"date":"2025-12-08T14:21:16","date_gmt":"2025-12-08T13:21:16","guid":{"rendered":"https:\/\/www.staging.lichtgitter.com\/griglia-in-acciaio-inossidabile-alta-qualita-e-resistenza\/"},"modified":"2026-02-17T15:25:34","modified_gmt":"2026-02-17T14:25:34","slug":"griglia-in-acciaio-inossidabile-alta-qualita-e-resistenza","status":"publish","type":"page","link":"https:\/\/www2.lichtgitter.com\/it\/griglia-in-acciaio-inossidabile-alta-qualita-e-resistenza\/","title":{"rendered":"Griglia in acciaio inossidabile: alta qualit\u00e0 e resistenza"},"content":{"rendered":"\t\t<div data-elementor-type=\"wp-page\" data-elementor-id=\"20387\" class=\"elementor elementor-20387 elementor-11099\" data-elementor-post-type=\"page\">\n\t\t\t\t<div class=\"elementor-element elementor-element-bc11f00 pad-lr-l e-flex e-con-boxed e-con e-parent\" data-id=\"bc11f00\" data-element_type=\"container\" data-e-type=\"container\" data-settings=\"{&quot;jet_parallax_layout_list&quot;:[]}\">\n\t\t\t\t\t<div class=\"e-con-inner\">\n\t\t\t\t<div data-dce-text-color=\"#FF0028\" class=\"elementor-element elementor-element-2f101ac elementor-invisible elementor-widget elementor-widget-breadcrumbs\" data-id=\"2f101ac\" data-element_type=\"widget\" data-e-type=\"widget\" data-settings=\"{&quot;_animation&quot;:&quot;fadeInUp&quot;}\" data-widget_type=\"breadcrumbs.default\">\n\t\t\t\t<div class=\"elementor-widget-container\">\n\t\t\t\t\t<p id=\"breadcrumbs\"><span><span><a href=\"https:\/\/www2.lichtgitter.com\/it\/pagina-iniziale\/\">Home<\/a><\/span><\/span><\/p>\t\t\t\t<\/div>\n\t\t\t\t<\/div>\n\t\t\t\t\t<\/div>\n\t\t\t\t<\/div>\n\t\t<div class=\"elementor-element elementor-element-43276cb pad-l e-flex e-con-boxed e-con e-parent\" data-id=\"43276cb\" data-element_type=\"container\" data-e-type=\"container\" data-settings=\"{&quot;jet_parallax_layout_list&quot;:[]}\">\n\t\t\t\t\t<div class=\"e-con-inner\">\n\t\t\t\t<div class=\"elementor-element elementor-element-26f7003 elementor-widget__width-inherit elementor-invisible elementor-widget elementor-widget-heading\" data-id=\"26f7003\" data-element_type=\"widget\" data-e-type=\"widget\" data-settings=\"{&quot;_animation&quot;:&quot;fadeInUp&quot;}\" data-widget_type=\"heading.default\">\n\t\t\t\t<div class=\"elementor-widget-container\">\n\t\t\t\t\t<h1 class=\"elementor-heading-title elementor-size-default\">Griglia in acciaio inossidabile: alta qualit\u00e0 e resistenza<\/h1>\t\t\t\t<\/div>\n\t\t\t\t<\/div>\n\t\t\t\t<div class=\"elementor-element elementor-element-83905f1 elementor-widget__width-inherit elementor-invisible elementor-widget elementor-widget-text-editor\" data-id=\"83905f1\" data-element_type=\"widget\" data-e-type=\"widget\" data-settings=\"{&quot;_animation&quot;:&quot;fadeInUp&quot;}\" data-widget_type=\"text-editor.default\">\n\t\t\t\t<div class=\"elementor-widget-container\">\n\t\t\t\t\t\t\t\t\tI grigliati vengono prodotti in un&#8217;ampia variet\u00e0 di materiali. Oltre all&#8217;acciaio, vengono utilizzati anche acciaio inossidabile, alluminio o PRFV, a seconda dell&#8217;area di applicazione. Le propriet\u00e0 dell&#8217;acciaio inossidabile sono quasi imbattibili. In alcuni casi, non \u00e8 sufficiente utilizzare il solo acciaio zincato. Il grigliato in acciaio inossidabile non solo ha un aspetto di alta qualit\u00e0, ma offre anche numerosi vantaggi funzionali. Un grigliato in acciaio inossidabile \u00e8 quindi sempre la scelta perfetta se desideri un grigliato estremamente resistente alle sostanze aggressive e alla corrosione. I grigliati in acciaio inox sono anche resistenti alle temperature, conduttivi, saldabili, igienici e duraturi. Questo \u00e8 un vantaggio decisivo, soprattutto nel settore medico e nell&#8217;industria alimentare. Grazie alla loro durata e alla bassa manutenzione, i grigliati in acciaio inossidabile sono estremamente economici. Tuttavia, il grigliato in acciaio inossidabile non \u00e8 solo il partner perfetto per l&#8217;utilizzo in ambienti difficili. Soprattutto quando si tratta di progettare edifici residenziali e commerciali, \u00e8 necessario coniugare gli aspetti funzionali ed estetici. Non sorprende quindi che architetti e designer, ad esempio, preferiscano l&#8217;acciaio inossidabile nella realizzazione di questi progetti.           \t\t\t\t\t\t\t\t<\/div>\n\t\t\t\t<\/div>\n\t\t\t\t\t<\/div>\n\t\t\t\t<\/div>\n\t\t<div class=\"elementor-element elementor-element-b49e670 pad-l e-flex e-con-boxed e-con e-parent\" data-id=\"b49e670\" data-element_type=\"container\" data-e-type=\"container\" data-settings=\"{&quot;background_background&quot;:&quot;classic&quot;,&quot;jet_parallax_layout_list&quot;:[]}\">\n\t\t\t\t\t<div class=\"e-con-inner\">\n\t\t<div class=\"elementor-element elementor-element-ed32981 e-con-full e-flex elementor-invisible e-con e-child\" data-id=\"ed32981\" data-element_type=\"container\" data-e-type=\"container\" data-settings=\"{&quot;animation&quot;:&quot;fadeInUp&quot;,&quot;jet_parallax_layout_list&quot;:[]}\">\n\t\t\t\t<div class=\"elementor-element elementor-element-2aab708 elementor-widget__width-inherit elementor-widget elementor-widget-heading\" data-id=\"2aab708\" data-element_type=\"widget\" data-e-type=\"widget\" data-widget_type=\"heading.default\">\n\t\t\t\t<div class=\"elementor-widget-container\">\n\t\t\t\t\t<h2 class=\"elementor-heading-title elementor-size-default\">Funzione ed estetica dei pavimenti<\/h2>\t\t\t\t<\/div>\n\t\t\t\t<\/div>\n\t\t\t\t<div class=\"elementor-element elementor-element-78cc41c elementor-widget__width-inherit elementor-widget elementor-widget-text-editor\" data-id=\"78cc41c\" data-element_type=\"widget\" data-e-type=\"widget\" data-widget_type=\"text-editor.default\">\n\t\t\t\t<div class=\"elementor-widget-container\">\n\t\t\t\t\t\t\t\t\t<p>Non \u00e8 solo al giorno d&#8217;oggi che si cerca di combinare al meglio funzionalit\u00e0 ed estetica, come nel caso dei grigliati in acciaio inossidabile. Gi\u00e0 nell&#8217;antica Roma si cercava di costruire strade o vie commerciali che non solo permettessero il trasporto di merci in qualsiasi momento dell&#8217;anno, ma che rispondessero anche a un aspetto estetico. La praticit\u00e0 divenne sempre pi\u00f9 importante. Oggi abbiamo raggiunto il punto in cui abbiamo il prodotto giusto per quasi tutti i settori di applicazione. Questo vale anche per i pavimenti e quindi anche per i grigliati in acciaio inossidabile. Infatti, con un grigliato in acciaio inossidabile, hai a disposizione un pavimento che non solo \u00e8 estremamente resistente, ma pu\u00f2 anche essere utilizzato in modo molto flessibile. Ci\u00f2 significa che il grigliato in acciaio inossidabile pu\u00f2 essere individualizzato in base alle tue esigenze personali. Non sorprende quindi che i grigliati siano utilizzati nelle fabbriche alimentari, sui macchinari e ovunque sia necessario un pavimento efficace. Ma la storia del Grigliato non finisce qui. Oggi gli architetti stanno scoprendo sempre pi\u00f9 spesso i vantaggi del grigliato in acciaio inossidabile. Grazie ai suoi vantaggi visivi e al suo aspetto funzionale, il grigliato in acciaio inossidabile viene utilizzato come elemento di design.<\/p>\t\t\t\t\t\t\t\t<\/div>\n\t\t\t\t<\/div>\n\t\t\t\t<\/div>\n\t\t\t\t\t<\/div>\n\t\t\t\t<\/div>\n\t\t<div class=\"elementor-element elementor-element-23941be pad-l e-flex e-con-boxed e-con e-parent\" data-id=\"23941be\" data-element_type=\"container\" data-e-type=\"container\" data-settings=\"{&quot;jet_parallax_layout_list&quot;:[]}\">\n\t\t\t\t\t<div class=\"e-con-inner\">\n\t\t<div class=\"elementor-element elementor-element-87976dc e-con-full e-flex elementor-invisible e-con e-child\" data-id=\"87976dc\" data-element_type=\"container\" data-e-type=\"container\" data-settings=\"{&quot;animation&quot;:&quot;fadeInUp&quot;,&quot;jet_parallax_layout_list&quot;:[]}\">\n\t\t\t\t<div class=\"elementor-element elementor-element-d16f70e elementor-widget__width-inherit elementor-widget elementor-widget-heading\" data-id=\"d16f70e\" data-element_type=\"widget\" data-e-type=\"widget\" data-widget_type=\"heading.default\">\n\t\t\t\t<div class=\"elementor-widget-container\">\n\t\t\t\t\t<h2 class=\"elementor-heading-title elementor-size-default\">Perch\u00e9 il grigliato in acciaio inossidabile viene lucidato elettrochimicamente o decapato?<\/h2>\t\t\t\t<\/div>\n\t\t\t\t<\/div>\n\t\t\t\t<div class=\"elementor-element elementor-element-9423eb1 elementor-widget elementor-widget-text-editor\" data-id=\"9423eb1\" data-element_type=\"widget\" data-e-type=\"widget\" data-widget_type=\"text-editor.default\">\n\t\t\t\t<div class=\"elementor-widget-container\">\n\t\t\t\t\t\t\t\t\tLe decolorazioni si verificano durante la saldatura e il taglio dell&#8217;acciaio inossidabile. Sebbene non compromettano il funzionamento, hanno un effetto negativo sull&#8217;aspetto del prodotto finale. La lucidatura o il decapaggio rimuovono la decolorazione dall&#8217;acciaio inossidabile. Questo trattamento serve anche a proteggere i grigliati dalla corrosione. Mentre un grigliato in acciaio inossidabile decapato ha un aspetto a pannelli, un grigliato lucidato elettrochimicamente ha una superficie lucida. Per questo motivo, questi grigliati hanno un aspetto molto elegante, quasi come se fossero cromati. Il decapaggio protegge l&#8217;acciaio inossidabile con uno strato passivo, mentre le micro-ruvidit\u00e0 vengono rimosse durante la lucidatura elettrochimica. In questo modo si ottiene la superficie liscia e lucida del grigliato in acciaio inossidabile. Oltre il 90% dei grigliati in acciaio inossidabile sono personalizzati. A causa dell&#8217;aumento della domanda, Lichtgitter ha ampliato ulteriormente la sua produzione di acciaio inossidabile nel corso degli anni e continua a produrre con la massima qualit\u00e0. Tuttavia, per essere in grado di reagire in tempi brevi, Lichtgitter dispone anche di un ampio magazzino. Questo significa che puoi ricevere grigliati in acciaio inossidabile nei modelli e nelle dimensioni standard pi\u00f9 comuni entro 48 ore. Il nostro programma di magazzino comprende grigliati, Gradini in grigliato e tappeti. I grigliati e i livelli sono offerti con una finitura decapata, mentre le stuoie in acciaio inossidabile non sono trattate.             \n\n\t\t\t\t\t\t\t\t<\/div>\n\t\t\t\t<\/div>\n\t\t\t\t<\/div>\n\t\t\t\t\t<\/div>\n\t\t\t\t<\/div>\n\t\t<div class=\"elementor-element elementor-element-e44fd9e pad-l e-flex e-con-boxed e-con e-parent\" data-id=\"e44fd9e\" data-element_type=\"container\" data-e-type=\"container\" data-settings=\"{&quot;background_background&quot;:&quot;classic&quot;,&quot;jet_parallax_layout_list&quot;:[]}\">\n\t\t\t\t\t<div class=\"e-con-inner\">\n\t\t<div class=\"elementor-element elementor-element-2fa44f5 e-con-full e-flex elementor-invisible e-con e-child\" data-id=\"2fa44f5\" data-element_type=\"container\" data-e-type=\"container\" data-settings=\"{&quot;animation&quot;:&quot;fadeInUp&quot;,&quot;jet_parallax_layout_list&quot;:[]}\">\n\t\t\t\t<div class=\"elementor-element elementor-element-de9ee82 elementor-widget__width-inherit elementor-widget elementor-widget-heading\" data-id=\"de9ee82\" data-element_type=\"widget\" data-e-type=\"widget\" data-widget_type=\"heading.default\">\n\t\t\t\t<div class=\"elementor-widget-container\">\n\t\t\t\t\t<h2 class=\"elementor-heading-title elementor-size-default\">Lichtgitter tiene conto del fattore ambientale\n<\/h2>\t\t\t\t<\/div>\n\t\t\t\t<\/div>\n\t\t\t\t<div class=\"elementor-element elementor-element-28d27fb elementor-widget__width-inherit elementor-widget elementor-widget-text-editor\" data-id=\"28d27fb\" data-element_type=\"widget\" data-e-type=\"widget\" data-widget_type=\"text-editor.default\">\n\t\t\t\t<div class=\"elementor-widget-container\">\n\t\t\t\t\t\t\t\t\t<p>Lichtgitter esegue la zincatura a caldo dei suoi grigliati in acciaio in conformit\u00e0 alla norma DIN EN ISO 1461, per cui il cliente pu\u00f2 essere assolutamente certo di ricevere sempre una qualit\u00e0 elevata e costante. Tuttavia, per noi produttori non \u00e8 importante solo l&#8217;alta qualit\u00e0. L&#8217;aspetto ambientale \u00e8 importante per noi tanto quanto la qualit\u00e0.   <\/p><p>Per questo motivo, ci impegniamo a rendere il processo di zincatura il pi\u00f9 ecologico possibile. Le aree esposte ad acidi e sostanze chimiche sono completamente chiuse nei nostri stabilimenti. Questo non solo crea un ambiente di lavoro pulito, ma anche un luogo di lavoro privo di emissioni.  <\/p><p>Inoltre, attribuiamo grande importanza alla riduzione dei rifiuti e al risparmio energetico. I materiali residui prodotti durante il processo di zincatura a caldo dei grigliati in acciaio vengono tutti riciclati. <\/p>\t\t\t\t\t\t\t\t<\/div>\n\t\t\t\t<\/div>\n\t\t\t\t<\/div>\n\t\t\t\t\t<\/div>\n\t\t\t\t<\/div>\n\t\t\t\t<\/div>\n\t\t","protected":false},"excerpt":{"rendered":"<p>I grigliati vengono prodotti in un&#8217;ampia variet\u00e0 di materiali. Oltre all&#8217;acciaio, vengono utilizzati anche acciaio inossidabile, alluminio o PRFV, a seconda dell&#8217;area di applicazione. Le propriet\u00e0 dell&#8217;acciaio inossidabile sono quasi imbattibili. In alcuni casi, non \u00e8 sufficiente utilizzare il solo acciaio zincato. Il grigliato in acciaio inossidabile non solo ha un aspetto di alta qualit\u00e0, [&hellip;]<\/p>\n","protected":false},"author":1,"featured_media":0,"parent":0,"menu_order":3,"comment_status":"closed","ping_status":"closed","template":"","meta":{"_acf_changed":false,"footnotes":""},"class_list":["post-20387","page","type-page","status-publish","hentry"],"acf":[],"yoast_head":"<!-- This site is optimized with the Yoast SEO plugin v27.2 - https:\/\/yoast.com\/product\/yoast-seo-wordpress\/ -->\n<title>Griglia in acciaio inossidabile: alta qualit\u00e0 e resistenza - Lichtgitter Gruppe<\/title>\n<meta name=\"robots\" content=\"noindex, follow, max-snippet:-1, max-image-preview:large, max-video-preview:-1\" \/>\n<meta property=\"og:locale\" content=\"it_IT\" \/>\n<meta property=\"og:type\" content=\"article\" \/>\n<meta property=\"og:title\" content=\"Griglia in acciaio inossidabile: alta qualit\u00e0 e resistenza - Lichtgitter Gruppe\" \/>\n<meta property=\"og:description\" content=\"I grigliati vengono prodotti in un&#8217;ampia variet\u00e0 di materiali. Oltre all&#8217;acciaio, vengono utilizzati anche acciaio inossidabile, alluminio o PRFV, a seconda dell&#8217;area di applicazione. Le propriet\u00e0 dell&#8217;acciaio inossidabile sono quasi imbattibili. In alcuni casi, non \u00e8 sufficiente utilizzare il solo acciaio zincato. Il grigliato in acciaio inossidabile non solo ha un aspetto di alta qualit\u00e0, [&hellip;]\" \/>\n<meta property=\"og:url\" content=\"https:\/\/www2.lichtgitter.com\/it\/griglia-in-acciaio-inossidabile-alta-qualita-e-resistenza\/\" \/>\n<meta property=\"og:site_name\" content=\"Lichtgitter Gruppe\" \/>\n<meta property=\"article:modified_time\" content=\"2026-02-17T14:25:34+00:00\" \/>\n<meta name=\"twitter:card\" content=\"summary_large_image\" \/>\n<meta name=\"twitter:label1\" content=\"Tempo di lettura stimato\" \/>\n\t<meta name=\"twitter:data1\" content=\"4 minuto\" \/>\n<script type=\"application\/ld+json\" class=\"yoast-schema-graph\">{\"@context\":\"https:\/\/schema.org\",\"@graph\":[{\"@type\":\"WebPage\",\"@id\":\"https:\/\/www2.lichtgitter.com\/it\/griglia-in-acciaio-inossidabile-alta-qualita-e-resistenza\/\",\"url\":\"https:\/\/www2.lichtgitter.com\/it\/griglia-in-acciaio-inossidabile-alta-qualita-e-resistenza\/\",\"name\":\"Griglia in acciaio inossidabile: alta qualit\u00e0 e resistenza - Lichtgitter Gruppe\",\"isPartOf\":{\"@id\":\"https:\/\/www2.lichtgitter.com\/it\/#website\"},\"datePublished\":\"2025-12-08T13:21:16+00:00\",\"dateModified\":\"2026-02-17T14:25:34+00:00\",\"breadcrumb\":{\"@id\":\"https:\/\/www2.lichtgitter.com\/it\/griglia-in-acciaio-inossidabile-alta-qualita-e-resistenza\/#breadcrumb\"},\"inLanguage\":\"it-IT\",\"potentialAction\":[{\"@type\":\"ReadAction\",\"target\":[\"https:\/\/www2.lichtgitter.com\/it\/griglia-in-acciaio-inossidabile-alta-qualita-e-resistenza\/\"]}]},{\"@type\":\"BreadcrumbList\",\"@id\":\"https:\/\/www2.lichtgitter.com\/it\/griglia-in-acciaio-inossidabile-alta-qualita-e-resistenza\/#breadcrumb\",\"itemListElement\":[{\"@type\":\"ListItem\",\"position\":1,\"name\":\"Home\",\"item\":\"https:\/\/www2.lichtgitter.com\/it\/pagina-iniziale\/\"},{\"@type\":\"ListItem\",\"position\":2,\"name\":\"Griglia in acciaio inossidabile: alta qualit\u00e0 e resistenza\"}]},{\"@type\":\"WebSite\",\"@id\":\"https:\/\/www2.lichtgitter.com\/it\/#website\",\"url\":\"https:\/\/www2.lichtgitter.com\/it\/\",\"name\":\"Lichtgitter Gruppe\",\"description\":\"Alles rund um Gitterroste bei lichtgitter.com\",\"publisher\":{\"@id\":\"https:\/\/www2.lichtgitter.com\/it\/#organization\"},\"potentialAction\":[{\"@type\":\"SearchAction\",\"target\":{\"@type\":\"EntryPoint\",\"urlTemplate\":\"https:\/\/www2.lichtgitter.com\/it\/?s={search_term_string}\"},\"query-input\":{\"@type\":\"PropertyValueSpecification\",\"valueRequired\":true,\"valueName\":\"search_term_string\"}}],\"inLanguage\":\"it-IT\"},{\"@type\":\"Organization\",\"@id\":\"https:\/\/www2.lichtgitter.com\/it\/#organization\",\"name\":\"Lichtgitter Gruppe\",\"url\":\"https:\/\/www2.lichtgitter.com\/it\/\",\"logo\":{\"@type\":\"ImageObject\",\"inLanguage\":\"it-IT\",\"@id\":\"https:\/\/www2.lichtgitter.com\/it\/#\/schema\/logo\/image\/\",\"url\":\"https:\/\/www2.lichtgitter.com\/wp-content\/uploads\/2024\/02\/logo-rgb.png\",\"contentUrl\":\"https:\/\/www2.lichtgitter.com\/wp-content\/uploads\/2024\/02\/logo-rgb.png\",\"width\":1920,\"height\":297,\"caption\":\"Lichtgitter Gruppe\"},\"image\":{\"@id\":\"https:\/\/www2.lichtgitter.com\/it\/#\/schema\/logo\/image\/\"}}]}<\/script>\n<!-- \/ Yoast SEO plugin. -->","yoast_head_json":{"title":"Griglia in acciaio inossidabile: alta qualit\u00e0 e resistenza - Lichtgitter Gruppe","robots":{"index":"noindex","follow":"follow","max-snippet":"max-snippet:-1","max-image-preview":"max-image-preview:large","max-video-preview":"max-video-preview:-1"},"og_locale":"it_IT","og_type":"article","og_title":"Griglia in acciaio inossidabile: alta qualit\u00e0 e resistenza - Lichtgitter Gruppe","og_description":"I grigliati vengono prodotti in un&#8217;ampia variet\u00e0 di materiali. Oltre all&#8217;acciaio, vengono utilizzati anche acciaio inossidabile, alluminio o PRFV, a seconda dell&#8217;area di applicazione. Le propriet\u00e0 dell&#8217;acciaio inossidabile sono quasi imbattibili. In alcuni casi, non \u00e8 sufficiente utilizzare il solo acciaio zincato. Il grigliato in acciaio inossidabile non solo ha un aspetto di alta qualit\u00e0, [&hellip;]","og_url":"https:\/\/www2.lichtgitter.com\/it\/griglia-in-acciaio-inossidabile-alta-qualita-e-resistenza\/","og_site_name":"Lichtgitter Gruppe","article_modified_time":"2026-02-17T14:25:34+00:00","twitter_card":"summary_large_image","twitter_misc":{"Tempo di lettura stimato":"4 minuto"},"schema":{"@context":"https:\/\/schema.org","@graph":[{"@type":"WebPage","@id":"https:\/\/www2.lichtgitter.com\/it\/griglia-in-acciaio-inossidabile-alta-qualita-e-resistenza\/","url":"https:\/\/www2.lichtgitter.com\/it\/griglia-in-acciaio-inossidabile-alta-qualita-e-resistenza\/","name":"Griglia in acciaio inossidabile: alta qualit\u00e0 e resistenza - Lichtgitter Gruppe","isPartOf":{"@id":"https:\/\/www2.lichtgitter.com\/it\/#website"},"datePublished":"2025-12-08T13:21:16+00:00","dateModified":"2026-02-17T14:25:34+00:00","breadcrumb":{"@id":"https:\/\/www2.lichtgitter.com\/it\/griglia-in-acciaio-inossidabile-alta-qualita-e-resistenza\/#breadcrumb"},"inLanguage":"it-IT","potentialAction":[{"@type":"ReadAction","target":["https:\/\/www2.lichtgitter.com\/it\/griglia-in-acciaio-inossidabile-alta-qualita-e-resistenza\/"]}]},{"@type":"BreadcrumbList","@id":"https:\/\/www2.lichtgitter.com\/it\/griglia-in-acciaio-inossidabile-alta-qualita-e-resistenza\/#breadcrumb","itemListElement":[{"@type":"ListItem","position":1,"name":"Home","item":"https:\/\/www2.lichtgitter.com\/it\/pagina-iniziale\/"},{"@type":"ListItem","position":2,"name":"Griglia in acciaio inossidabile: alta qualit\u00e0 e resistenza"}]},{"@type":"WebSite","@id":"https:\/\/www2.lichtgitter.com\/it\/#website","url":"https:\/\/www2.lichtgitter.com\/it\/","name":"Lichtgitter Gruppe","description":"Alles rund um Gitterroste bei lichtgitter.com","publisher":{"@id":"https:\/\/www2.lichtgitter.com\/it\/#organization"},"potentialAction":[{"@type":"SearchAction","target":{"@type":"EntryPoint","urlTemplate":"https:\/\/www2.lichtgitter.com\/it\/?s={search_term_string}"},"query-input":{"@type":"PropertyValueSpecification","valueRequired":true,"valueName":"search_term_string"}}],"inLanguage":"it-IT"},{"@type":"Organization","@id":"https:\/\/www2.lichtgitter.com\/it\/#organization","name":"Lichtgitter Gruppe","url":"https:\/\/www2.lichtgitter.com\/it\/","logo":{"@type":"ImageObject","inLanguage":"it-IT","@id":"https:\/\/www2.lichtgitter.com\/it\/#\/schema\/logo\/image\/","url":"https:\/\/www2.lichtgitter.com\/wp-content\/uploads\/2024\/02\/logo-rgb.png","contentUrl":"https:\/\/www2.lichtgitter.com\/wp-content\/uploads\/2024\/02\/logo-rgb.png","width":1920,"height":297,"caption":"Lichtgitter Gruppe"},"image":{"@id":"https:\/\/www2.lichtgitter.com\/it\/#\/schema\/logo\/image\/"}}]}},"_links":{"self":[{"href":"https:\/\/www2.lichtgitter.com\/it\/wp-json\/wp\/v2\/pages\/20387","targetHints":{"allow":["GET"]}}],"collection":[{"href":"https:\/\/www2.lichtgitter.com\/it\/wp-json\/wp\/v2\/pages"}],"about":[{"href":"https:\/\/www2.lichtgitter.com\/it\/wp-json\/wp\/v2\/types\/page"}],"author":[{"embeddable":true,"href":"https:\/\/www2.lichtgitter.com\/it\/wp-json\/wp\/v2\/users\/1"}],"replies":[{"embeddable":true,"href":"https:\/\/www2.lichtgitter.com\/it\/wp-json\/wp\/v2\/comments?post=20387"}],"version-history":[{"count":3,"href":"https:\/\/www2.lichtgitter.com\/it\/wp-json\/wp\/v2\/pages\/20387\/revisions"}],"predecessor-version":[{"id":31597,"href":"https:\/\/www2.lichtgitter.com\/it\/wp-json\/wp\/v2\/pages\/20387\/revisions\/31597"}],"wp:attachment":[{"href":"https:\/\/www2.lichtgitter.com\/it\/wp-json\/wp\/v2\/media?parent=20387"}],"curies":[{"name":"wp","href":"https:\/\/api.w.org\/{rel}","templated":true}]}}