{"id":20388,"date":"2025-12-08T14:23:27","date_gmt":"2025-12-08T13:23:27","guid":{"rendered":"https:\/\/www.staging.lichtgitter.com\/grigliato-pavimento-zincato-per-leternita\/"},"modified":"2026-02-17T15:25:34","modified_gmt":"2026-02-17T14:25:34","slug":"grigliato-pavimento-zincato-per-leternita","status":"publish","type":"page","link":"https:\/\/www2.lichtgitter.com\/it\/grigliato-pavimento-zincato-per-leternita\/","title":{"rendered":"Grigliato: pavimento zincato per l&#8217;eternit\u00e0"},"content":{"rendered":"\t\t<div data-elementor-type=\"wp-page\" data-elementor-id=\"20388\" class=\"elementor elementor-20388 elementor-11107\" data-elementor-post-type=\"page\">\n\t\t\t\t<div class=\"elementor-element elementor-element-bc11f00 pad-lr-l e-flex e-con-boxed e-con e-parent\" data-id=\"bc11f00\" data-element_type=\"container\" data-e-type=\"container\" data-settings=\"{&quot;jet_parallax_layout_list&quot;:[]}\">\n\t\t\t\t\t<div class=\"e-con-inner\">\n\t\t\t\t<div data-dce-text-color=\"#FF0028\" class=\"elementor-element elementor-element-2f101ac elementor-invisible elementor-widget elementor-widget-breadcrumbs\" data-id=\"2f101ac\" data-element_type=\"widget\" data-e-type=\"widget\" data-settings=\"{&quot;_animation&quot;:&quot;fadeInUp&quot;}\" data-widget_type=\"breadcrumbs.default\">\n\t\t\t\t<div class=\"elementor-widget-container\">\n\t\t\t\t\t<p id=\"breadcrumbs\"><span><span><a href=\"https:\/\/www2.lichtgitter.com\/it\/pagina-iniziale\/\">Home<\/a><\/span><\/span><\/p>\t\t\t\t<\/div>\n\t\t\t\t<\/div>\n\t\t\t\t\t<\/div>\n\t\t\t\t<\/div>\n\t\t<div class=\"elementor-element elementor-element-43276cb pad-l e-flex e-con-boxed e-con e-parent\" data-id=\"43276cb\" data-element_type=\"container\" data-e-type=\"container\" data-settings=\"{&quot;jet_parallax_layout_list&quot;:[]}\">\n\t\t\t\t\t<div class=\"e-con-inner\">\n\t\t\t\t<div class=\"elementor-element elementor-element-26f7003 elementor-widget__width-inherit elementor-invisible elementor-widget elementor-widget-heading\" data-id=\"26f7003\" data-element_type=\"widget\" data-e-type=\"widget\" data-settings=\"{&quot;_animation&quot;:&quot;fadeInUp&quot;}\" data-widget_type=\"heading.default\">\n\t\t\t\t<div class=\"elementor-widget-container\">\n\t\t\t\t\t<h1 class=\"elementor-heading-title elementor-size-default\">Grigliato: pavimento zincato per l&#8217;eternit\u00e0<\/h1>\t\t\t\t<\/div>\n\t\t\t\t<\/div>\n\t\t\t\t<div class=\"elementor-element elementor-element-83905f1 elementor-widget__width-inherit elementor-invisible elementor-widget elementor-widget-text-editor\" data-id=\"83905f1\" data-element_type=\"widget\" data-e-type=\"widget\" data-settings=\"{&quot;_animation&quot;:&quot;fadeInUp&quot;}\" data-widget_type=\"text-editor.default\">\n\t\t\t\t<div class=\"elementor-widget-container\">\n\t\t\t\t\t\t\t\t\tPer alcuni componenti \u00e8 una vera e propria lotta. Molte cose che sembrano attraenti non convincono in termini di robustezza e durata. Questo \u00e8 particolarmente evidente per le persone che danno molta importanza all&#8217;aspetto estetico. Fortunatamente, per\u00f2, esistono elementi che soddisfano sia i requisiti visivi che gli aspetti funzionali. Anche se non lo sospetti subito, un grigliato zincato rientra sicuramente in questo gruppo. Infatti, un grigliato zincato a caldo pu\u00f2 fare molto di pi\u00f9 che stupire in termini di funzionalit\u00e0.     \n\n\t\t\t\t\t\t\t\t<\/div>\n\t\t\t\t<\/div>\n\t\t\t\t\t<\/div>\n\t\t\t\t<\/div>\n\t\t<div class=\"elementor-element elementor-element-b49e670 pad-l e-flex e-con-boxed e-con e-parent\" data-id=\"b49e670\" data-element_type=\"container\" data-e-type=\"container\" data-settings=\"{&quot;background_background&quot;:&quot;classic&quot;,&quot;jet_parallax_layout_list&quot;:[]}\">\n\t\t\t\t\t<div class=\"e-con-inner\">\n\t\t<div class=\"elementor-element elementor-element-ed32981 e-con-full e-flex elementor-invisible e-con e-child\" data-id=\"ed32981\" data-element_type=\"container\" data-e-type=\"container\" data-settings=\"{&quot;animation&quot;:&quot;fadeInUp&quot;,&quot;jet_parallax_layout_list&quot;:[]}\">\n\t\t\t\t<div class=\"elementor-element elementor-element-2aab708 elementor-widget__width-inherit elementor-widget elementor-widget-heading\" data-id=\"2aab708\" data-element_type=\"widget\" data-e-type=\"widget\" data-widget_type=\"heading.default\">\n\t\t\t\t<div class=\"elementor-widget-container\">\n\t\t\t\t\t<h2 class=\"elementor-heading-title elementor-size-default\">Grigliato - zincato, funzionale ed esteticamente accattivante\n<\/h2>\t\t\t\t<\/div>\n\t\t\t\t<\/div>\n\t\t\t\t<div class=\"elementor-element elementor-element-78cc41c elementor-widget__width-inherit elementor-widget elementor-widget-text-editor\" data-id=\"78cc41c\" data-element_type=\"widget\" data-e-type=\"widget\" data-widget_type=\"text-editor.default\">\n\t\t\t\t<div class=\"elementor-widget-container\">\n\t\t\t\t\t\t\t\t\t<p>Non \u00e8 passato molto tempo da quando i grigliati zincati venivano utilizzati esclusivamente per motivi funzionali. I grigliati zincati venivano utilizzati principalmente nell&#8217;industria o nella costruzione di centrali elettriche come piattaforme di lavoro e passerelle. Per lo pi\u00f9, l&#8217;aspetto estetico giocava un ruolo minimo o nullo.  <\/p><p>Ma i tempi sono cambiati e gli aspetti visivi giocano oggi un ruolo da non sottovalutare, anche in aree in cui inizialmente non lo si credeva possibile. Questo sviluppo non significa che il grigliato zincato sia scomparso dal mercato. No, anzi, \u00e8 vero l&#8217;esatto contrario. I grigliati zincati a caldo non vengono utilizzati solo per la loro funzionalit\u00e0, ma sempre pi\u00f9 spesso anche in aree in cui l&#8217;estetica e il design sono al centro dell&#8217;attenzione.   <\/p><p>Il grigliato zincato svolge quindi un ruolo importante in termini di design e funzionalit\u00e0 nell&#8217;architettura moderna. Oggi i grigliati zincati possono essere utilizzati, ad esempio, come rivestimento di facciata, come tamponamento di ringhiere, come Griglia del soffitto o come elementi di design. <\/p>\t\t\t\t\t\t\t\t<\/div>\n\t\t\t\t<\/div>\n\t\t\t\t<\/div>\n\t\t\t\t\t<\/div>\n\t\t\t\t<\/div>\n\t\t<div class=\"elementor-element elementor-element-23941be pad-l e-flex e-con-boxed e-con e-parent\" data-id=\"23941be\" data-element_type=\"container\" data-e-type=\"container\" data-settings=\"{&quot;jet_parallax_layout_list&quot;:[]}\">\n\t\t\t\t\t<div class=\"e-con-inner\">\n\t\t<div class=\"elementor-element elementor-element-87976dc e-con-full e-flex elementor-invisible e-con e-child\" data-id=\"87976dc\" data-element_type=\"container\" data-e-type=\"container\" data-settings=\"{&quot;animation&quot;:&quot;fadeInUp&quot;,&quot;jet_parallax_layout_list&quot;:[]}\">\n\t\t\t\t<div class=\"elementor-element elementor-element-d16f70e elementor-widget__width-inherit elementor-widget elementor-widget-heading\" data-id=\"d16f70e\" data-element_type=\"widget\" data-e-type=\"widget\" data-widget_type=\"heading.default\">\n\t\t\t\t<div class=\"elementor-widget-container\">\n\t\t\t\t\t<h2 class=\"elementor-heading-title elementor-size-default\">Il grigliato zincato ha un'eccellente protezione anticorrosione\n<\/h2>\t\t\t\t<\/div>\n\t\t\t\t<\/div>\n\t\t\t\t<div class=\"elementor-element elementor-element-9423eb1 elementor-widget elementor-widget-text-editor\" data-id=\"9423eb1\" data-element_type=\"widget\" data-e-type=\"widget\" data-widget_type=\"text-editor.default\">\n\t\t\t\t<div class=\"elementor-widget-container\">\n\t\t\t\t\t\t\t\t\t<p>A questo punto ti starai chiedendo perch\u00e9 dovresti scegliere proprio il Grigliato zincato. La risposta \u00e8 ovvia: la zincatura a caldo conferisce al grigliato in acciaio robustezza e durata. Nel corso degli anni, la zincatura a caldo ha dimostrato la sua validit\u00e0 come protezione anticorrosione. Questo \u00e8 anche il motivo per cui il Gruppo Lichtgitter possiede 3 impianti di zincatura che sono tra i pi\u00f9 moderni d&#8217;Europa.   <\/p><p>Prima di procedere alla zincatura a caldo, il grigliato da zincare deve essere sottoposto a un trattamento preliminare. I grigliati vengono quindi immersi nello zinco fuso. In questo modo il Grigliato viene rivestito di zinco. Questo rivestimento non si sfalda sotto il normale carico meccanico e conferisce al grigliato zincato a caldo la necessaria robustezza.   <\/p>\t\t\t\t\t\t\t\t<\/div>\n\t\t\t\t<\/div>\n\t\t\t\t<\/div>\n\t\t\t\t\t<\/div>\n\t\t\t\t<\/div>\n\t\t<div class=\"elementor-element elementor-element-e44fd9e pad-l e-flex e-con-boxed e-con e-parent\" data-id=\"e44fd9e\" data-element_type=\"container\" data-e-type=\"container\" data-settings=\"{&quot;background_background&quot;:&quot;classic&quot;,&quot;jet_parallax_layout_list&quot;:[]}\">\n\t\t\t\t\t<div class=\"e-con-inner\">\n\t\t<div class=\"elementor-element elementor-element-2fa44f5 e-con-full e-flex elementor-invisible e-con e-child\" data-id=\"2fa44f5\" data-element_type=\"container\" data-e-type=\"container\" data-settings=\"{&quot;animation&quot;:&quot;fadeInUp&quot;,&quot;jet_parallax_layout_list&quot;:[]}\">\n\t\t\t\t<div class=\"elementor-element elementor-element-de9ee82 elementor-widget__width-inherit elementor-widget elementor-widget-heading\" data-id=\"de9ee82\" data-element_type=\"widget\" data-e-type=\"widget\" data-widget_type=\"heading.default\">\n\t\t\t\t<div class=\"elementor-widget-container\">\n\t\t\t\t\t<h2 class=\"elementor-heading-title elementor-size-default\">Il grigliato zincato e l'aspetto ambientale\n<\/h2>\t\t\t\t<\/div>\n\t\t\t\t<\/div>\n\t\t\t\t<div class=\"elementor-element elementor-element-28d27fb elementor-widget__width-inherit elementor-widget elementor-widget-text-editor\" data-id=\"28d27fb\" data-element_type=\"widget\" data-e-type=\"widget\" data-widget_type=\"text-editor.default\">\n\t\t\t\t<div class=\"elementor-widget-container\">\n\t\t\t\t\t\t\t\t\t<p>Se stai pensando di acquistare un grigliato zincato, ti starai sicuramente interrogando sulla sua qualit\u00e0 e sulla sua sostenibilit\u00e0. In qualit\u00e0 di nostro cliente, puoi essere assolutamente certo di ricevere sempre una qualit\u00e0 elevata e costante, poich\u00e9 effettuiamo la zincatura a caldo in conformit\u00e0 alla norma DIN EN ISO 1461. <\/p><p>Tuttavia, per noi non \u00e8 importante solo l&#8217;alta qualit\u00e0, ma anche l&#8217;aspetto ambientale. Per noi \u00e8 importante che il processo di zincatura a caldo sia il pi\u00f9 ecologico possibile. <\/p>\n<p>Ci concentriamo anche sugli aspetti dei rifiuti e dell&#8217;energia. Possiamo dire che tutti i materiali residui che si formano durante la zincatura vengono completamente riciclati. <\/p>\t\t\t\t\t\t\t\t<\/div>\n\t\t\t\t<\/div>\n\t\t\t\t<\/div>\n\t\t\t\t\t<\/div>\n\t\t\t\t<\/div>\n\t\t\t\t<\/div>\n\t\t","protected":false},"excerpt":{"rendered":"<p>Per alcuni componenti \u00e8 una vera e propria lotta. Molte cose che sembrano attraenti non convincono in termini di robustezza e durata. Questo \u00e8 particolarmente evidente per le persone che danno molta importanza all&#8217;aspetto estetico. Fortunatamente, per\u00f2, esistono elementi che soddisfano sia i requisiti visivi che gli aspetti funzionali. Anche se non lo sospetti subito, [&hellip;]<\/p>\n","protected":false},"author":1,"featured_media":0,"parent":0,"menu_order":3,"comment_status":"closed","ping_status":"closed","template":"","meta":{"_acf_changed":false,"footnotes":""},"class_list":["post-20388","page","type-page","status-publish","hentry"],"acf":[],"yoast_head":"<!-- This site is optimized with the Yoast SEO plugin v27.2 - https:\/\/yoast.com\/product\/yoast-seo-wordpress\/ -->\n<title>Grigliato: pavimento zincato per l&#039;eternit\u00e0 - Lichtgitter Gruppe<\/title>\n<meta name=\"robots\" content=\"noindex, follow, max-snippet:-1, max-image-preview:large, max-video-preview:-1\" \/>\n<meta property=\"og:locale\" content=\"it_IT\" \/>\n<meta property=\"og:type\" content=\"article\" \/>\n<meta property=\"og:title\" content=\"Grigliato: pavimento zincato per l&#039;eternit\u00e0 - Lichtgitter Gruppe\" \/>\n<meta property=\"og:description\" content=\"Per alcuni componenti \u00e8 una vera e propria lotta. Molte cose che sembrano attraenti non convincono in termini di robustezza e durata. Questo \u00e8 particolarmente evidente per le persone che danno molta importanza all&#8217;aspetto estetico. Fortunatamente, per\u00f2, esistono elementi che soddisfano sia i requisiti visivi che gli aspetti funzionali. Anche se non lo sospetti subito, [&hellip;]\" \/>\n<meta property=\"og:url\" content=\"https:\/\/www2.lichtgitter.com\/it\/grigliato-pavimento-zincato-per-leternita\/\" \/>\n<meta property=\"og:site_name\" content=\"Lichtgitter Gruppe\" \/>\n<meta property=\"article:modified_time\" content=\"2026-02-17T14:25:34+00:00\" \/>\n<meta name=\"twitter:card\" content=\"summary_large_image\" \/>\n<meta name=\"twitter:label1\" content=\"Tempo di lettura stimato\" \/>\n\t<meta name=\"twitter:data1\" content=\"2 minuto\" \/>\n<script type=\"application\/ld+json\" class=\"yoast-schema-graph\">{\"@context\":\"https:\/\/schema.org\",\"@graph\":[{\"@type\":\"WebPage\",\"@id\":\"https:\/\/www2.lichtgitter.com\/it\/grigliato-pavimento-zincato-per-leternita\/\",\"url\":\"https:\/\/www2.lichtgitter.com\/it\/grigliato-pavimento-zincato-per-leternita\/\",\"name\":\"Grigliato: pavimento zincato per l'eternit\u00e0 - Lichtgitter Gruppe\",\"isPartOf\":{\"@id\":\"https:\/\/www2.lichtgitter.com\/it\/#website\"},\"datePublished\":\"2025-12-08T13:23:27+00:00\",\"dateModified\":\"2026-02-17T14:25:34+00:00\",\"breadcrumb\":{\"@id\":\"https:\/\/www2.lichtgitter.com\/it\/grigliato-pavimento-zincato-per-leternita\/#breadcrumb\"},\"inLanguage\":\"it-IT\",\"potentialAction\":[{\"@type\":\"ReadAction\",\"target\":[\"https:\/\/www2.lichtgitter.com\/it\/grigliato-pavimento-zincato-per-leternita\/\"]}]},{\"@type\":\"BreadcrumbList\",\"@id\":\"https:\/\/www2.lichtgitter.com\/it\/grigliato-pavimento-zincato-per-leternita\/#breadcrumb\",\"itemListElement\":[{\"@type\":\"ListItem\",\"position\":1,\"name\":\"Home\",\"item\":\"https:\/\/www2.lichtgitter.com\/it\/pagina-iniziale\/\"},{\"@type\":\"ListItem\",\"position\":2,\"name\":\"Grigliato: pavimento zincato per l&#8217;eternit\u00e0\"}]},{\"@type\":\"WebSite\",\"@id\":\"https:\/\/www2.lichtgitter.com\/it\/#website\",\"url\":\"https:\/\/www2.lichtgitter.com\/it\/\",\"name\":\"Lichtgitter Gruppe\",\"description\":\"Alles rund um Gitterroste bei lichtgitter.com\",\"publisher\":{\"@id\":\"https:\/\/www2.lichtgitter.com\/it\/#organization\"},\"potentialAction\":[{\"@type\":\"SearchAction\",\"target\":{\"@type\":\"EntryPoint\",\"urlTemplate\":\"https:\/\/www2.lichtgitter.com\/it\/?s={search_term_string}\"},\"query-input\":{\"@type\":\"PropertyValueSpecification\",\"valueRequired\":true,\"valueName\":\"search_term_string\"}}],\"inLanguage\":\"it-IT\"},{\"@type\":\"Organization\",\"@id\":\"https:\/\/www2.lichtgitter.com\/it\/#organization\",\"name\":\"Lichtgitter Gruppe\",\"url\":\"https:\/\/www2.lichtgitter.com\/it\/\",\"logo\":{\"@type\":\"ImageObject\",\"inLanguage\":\"it-IT\",\"@id\":\"https:\/\/www2.lichtgitter.com\/it\/#\/schema\/logo\/image\/\",\"url\":\"https:\/\/www2.lichtgitter.com\/wp-content\/uploads\/2024\/02\/logo-rgb.png\",\"contentUrl\":\"https:\/\/www2.lichtgitter.com\/wp-content\/uploads\/2024\/02\/logo-rgb.png\",\"width\":1920,\"height\":297,\"caption\":\"Lichtgitter Gruppe\"},\"image\":{\"@id\":\"https:\/\/www2.lichtgitter.com\/it\/#\/schema\/logo\/image\/\"}}]}<\/script>\n<!-- \/ Yoast SEO plugin. -->","yoast_head_json":{"title":"Grigliato: pavimento zincato per l'eternit\u00e0 - Lichtgitter Gruppe","robots":{"index":"noindex","follow":"follow","max-snippet":"max-snippet:-1","max-image-preview":"max-image-preview:large","max-video-preview":"max-video-preview:-1"},"og_locale":"it_IT","og_type":"article","og_title":"Grigliato: pavimento zincato per l'eternit\u00e0 - Lichtgitter Gruppe","og_description":"Per alcuni componenti \u00e8 una vera e propria lotta. Molte cose che sembrano attraenti non convincono in termini di robustezza e durata. Questo \u00e8 particolarmente evidente per le persone che danno molta importanza all&#8217;aspetto estetico. Fortunatamente, per\u00f2, esistono elementi che soddisfano sia i requisiti visivi che gli aspetti funzionali. Anche se non lo sospetti subito, [&hellip;]","og_url":"https:\/\/www2.lichtgitter.com\/it\/grigliato-pavimento-zincato-per-leternita\/","og_site_name":"Lichtgitter Gruppe","article_modified_time":"2026-02-17T14:25:34+00:00","twitter_card":"summary_large_image","twitter_misc":{"Tempo di lettura stimato":"2 minuto"},"schema":{"@context":"https:\/\/schema.org","@graph":[{"@type":"WebPage","@id":"https:\/\/www2.lichtgitter.com\/it\/grigliato-pavimento-zincato-per-leternita\/","url":"https:\/\/www2.lichtgitter.com\/it\/grigliato-pavimento-zincato-per-leternita\/","name":"Grigliato: pavimento zincato per l'eternit\u00e0 - Lichtgitter Gruppe","isPartOf":{"@id":"https:\/\/www2.lichtgitter.com\/it\/#website"},"datePublished":"2025-12-08T13:23:27+00:00","dateModified":"2026-02-17T14:25:34+00:00","breadcrumb":{"@id":"https:\/\/www2.lichtgitter.com\/it\/grigliato-pavimento-zincato-per-leternita\/#breadcrumb"},"inLanguage":"it-IT","potentialAction":[{"@type":"ReadAction","target":["https:\/\/www2.lichtgitter.com\/it\/grigliato-pavimento-zincato-per-leternita\/"]}]},{"@type":"BreadcrumbList","@id":"https:\/\/www2.lichtgitter.com\/it\/grigliato-pavimento-zincato-per-leternita\/#breadcrumb","itemListElement":[{"@type":"ListItem","position":1,"name":"Home","item":"https:\/\/www2.lichtgitter.com\/it\/pagina-iniziale\/"},{"@type":"ListItem","position":2,"name":"Grigliato: pavimento zincato per l&#8217;eternit\u00e0"}]},{"@type":"WebSite","@id":"https:\/\/www2.lichtgitter.com\/it\/#website","url":"https:\/\/www2.lichtgitter.com\/it\/","name":"Lichtgitter Gruppe","description":"Alles rund um Gitterroste bei lichtgitter.com","publisher":{"@id":"https:\/\/www2.lichtgitter.com\/it\/#organization"},"potentialAction":[{"@type":"SearchAction","target":{"@type":"EntryPoint","urlTemplate":"https:\/\/www2.lichtgitter.com\/it\/?s={search_term_string}"},"query-input":{"@type":"PropertyValueSpecification","valueRequired":true,"valueName":"search_term_string"}}],"inLanguage":"it-IT"},{"@type":"Organization","@id":"https:\/\/www2.lichtgitter.com\/it\/#organization","name":"Lichtgitter Gruppe","url":"https:\/\/www2.lichtgitter.com\/it\/","logo":{"@type":"ImageObject","inLanguage":"it-IT","@id":"https:\/\/www2.lichtgitter.com\/it\/#\/schema\/logo\/image\/","url":"https:\/\/www2.lichtgitter.com\/wp-content\/uploads\/2024\/02\/logo-rgb.png","contentUrl":"https:\/\/www2.lichtgitter.com\/wp-content\/uploads\/2024\/02\/logo-rgb.png","width":1920,"height":297,"caption":"Lichtgitter Gruppe"},"image":{"@id":"https:\/\/www2.lichtgitter.com\/it\/#\/schema\/logo\/image\/"}}]}},"_links":{"self":[{"href":"https:\/\/www2.lichtgitter.com\/it\/wp-json\/wp\/v2\/pages\/20388","targetHints":{"allow":["GET"]}}],"collection":[{"href":"https:\/\/www2.lichtgitter.com\/it\/wp-json\/wp\/v2\/pages"}],"about":[{"href":"https:\/\/www2.lichtgitter.com\/it\/wp-json\/wp\/v2\/types\/page"}],"author":[{"embeddable":true,"href":"https:\/\/www2.lichtgitter.com\/it\/wp-json\/wp\/v2\/users\/1"}],"replies":[{"embeddable":true,"href":"https:\/\/www2.lichtgitter.com\/it\/wp-json\/wp\/v2\/comments?post=20388"}],"version-history":[{"count":2,"href":"https:\/\/www2.lichtgitter.com\/it\/wp-json\/wp\/v2\/pages\/20388\/revisions"}],"predecessor-version":[{"id":31600,"href":"https:\/\/www2.lichtgitter.com\/it\/wp-json\/wp\/v2\/pages\/20388\/revisions\/31600"}],"wp:attachment":[{"href":"https:\/\/www2.lichtgitter.com\/it\/wp-json\/wp\/v2\/media?parent=20388"}],"curies":[{"name":"wp","href":"https:\/\/api.w.org\/{rel}","templated":true}]}}