{"id":20396,"date":"2025-12-02T11:00:39","date_gmt":"2025-12-02T10:00:39","guid":{"rendered":"https:\/\/www.staging.lichtgitter.com\/impronta\/"},"modified":"2026-02-04T12:54:46","modified_gmt":"2026-02-04T11:54:46","slug":"impronta","status":"publish","type":"page","link":"https:\/\/www2.lichtgitter.com\/it\/impronta\/","title":{"rendered":"Impronta"},"content":{"rendered":"\t\t<div data-elementor-type=\"wp-page\" data-elementor-id=\"20396\" class=\"elementor elementor-20396 elementor-10661\" data-elementor-post-type=\"page\">\n\t\t\t\t<div class=\"elementor-element elementor-element-a15e077 pad-lr-l e-flex e-con-boxed e-con e-parent\" data-id=\"a15e077\" data-element_type=\"container\" data-e-type=\"container\" data-settings=\"{&quot;jet_parallax_layout_list&quot;:[]}\">\n\t\t\t\t\t<div class=\"e-con-inner\">\n\t\t\t\t<div data-dce-text-color=\"#FF0028\" class=\"elementor-element elementor-element-8c8f992 elementor-invisible elementor-widget elementor-widget-breadcrumbs\" data-id=\"8c8f992\" data-element_type=\"widget\" data-e-type=\"widget\" data-settings=\"{&quot;_animation&quot;:&quot;fadeInUp&quot;}\" data-widget_type=\"breadcrumbs.default\">\n\t\t\t\t<div class=\"elementor-widget-container\">\n\t\t\t\t\t<p id=\"breadcrumbs\"><span><span><a href=\"https:\/\/www2.lichtgitter.com\/it\/pagina-iniziale\/\">Home<\/a><\/span><\/span><\/p>\t\t\t\t<\/div>\n\t\t\t\t<\/div>\n\t\t\t\t\t<\/div>\n\t\t\t\t<\/div>\n\t\t<div class=\"elementor-element elementor-element-72e7771 pad-l e-flex e-con-boxed e-con e-parent\" data-id=\"72e7771\" data-element_type=\"container\" data-e-type=\"container\" data-settings=\"{&quot;jet_parallax_layout_list&quot;:[],&quot;background_background&quot;:&quot;classic&quot;}\">\n\t\t\t\t\t<div class=\"e-con-inner\">\n\t\t\t\t<div class=\"elementor-element elementor-element-ede0c9d elementor-widget__width-inherit elementor-widget elementor-widget-heading\" data-id=\"ede0c9d\" data-element_type=\"widget\" data-e-type=\"widget\" data-widget_type=\"heading.default\">\n\t\t\t\t<div class=\"elementor-widget-container\">\n\t\t\t\t\t<h1 class=\"elementor-heading-title elementor-size-default\">Impronta<\/h1>\t\t\t\t<\/div>\n\t\t\t\t<\/div>\n\t\t\t\t<div class=\"elementor-element elementor-element-1084d91 elementor-widget__width-inherit elementor-widget elementor-widget-text-editor\" data-id=\"1084d91\" data-element_type=\"widget\" data-e-type=\"widget\" data-widget_type=\"text-editor.default\">\n\t\t\t\t<div class=\"elementor-widget-container\">\n\t\t\t\t\t\t\t\t\t<p><b>Operatore di questo sito web:<\/b><\/p><p>Lichtgitter GmbH<br>Siemensstra\u00dfe 1<br>DE-48703 Stadtlohn<\/p><p>Autorizzato a rappresentare la societ\u00e0 insieme a un amministratore delegato o a un firmatario autorizzato:<\/p><p><b>Amministratore delegato<br><\/b>Dr Holger Artelt - Siemensstra\u00dfe 1, 48703 Stadtlohn<br>Heiko Abendroth - Siemensstra\u00dfe 1, 48703 Stadtlohn<br>Ass. jur. Hermann Stengel - Siemensstra\u00dfe 1, 48703 Stadtlohn <\/p><p><b>Firmatari autorizzati<\/b><br>Wilhelm Bernd Gietmann - Siemensstra\u00dfe 1, 48703 Stadtlohn<br>Werner Grotholt - Siemensstra\u00dfe 1, 48703 Stadtlohn<br>Kai Alexander Hullerum - Siemensstra\u00dfe 1, 48703 Stadtlohn<br>Thomas Kipp - Siemensstra\u00dfe 1, 48703 Stadtlohn<br>Marcel Stender - Siemensstra\u00dfe 1, 48703 Stadtlohn<\/p><p>Telefono:<a href=\"http:\/\/tel:004925639110\"> +49 2563 911-0<\/a><br>Fax: +49 2563 911-187<br>Email: <a href=\"mailto:info@lichtgitter.com\">info@lichtgitter.com<\/a><\/p><p>Iscrizione nel registro: Tribunale locale di Coesfeld, HRB 4266<\/p><p>Codice fiscale: DE123767855<\/p><hr><p><b> <\/b><b>Lichtgitter PRFV GmbH &amp; Co. KG<\/b><\/p><p>Siemensstra\u00dfe 6<br>DE-48703 Stadtlohn<\/p><p><b>Partner responsabile personalmente:<br><\/b>Lichtgitter PRFV Verwaltungs GmbH (Tribunale di Coesfeld \/ HRB 11009)<\/p><p><b>Amministratore delegato<\/b><br>Ass. jur. Hermann Stengel - Siemensstra\u00dfe 1, 48703 Stadtlohn<br>Markus Daldrup - Siemensstra\u00dfe 1, 48703 Stadtlohn <\/p><p>Telefono: <a href=\"http:\/\/tel:004925639110\">+49 2563 911-0<\/a><br>Fax: +49 2563 911-222<br>Email: <a href=\"mailto:gfk@lichtgitter.com\">gfk@lichtgitter.com<\/a><\/p><p>Iscrizione nel registro: Tribunale locale di Coesfeld, HRA 6045<\/p><p>Codice fiscale: DE814923258<\/p><hr><p><b>Lichtgitter Blechprofilroste GmbH &amp; Co KG<br><\/b>Neckarwiesen 20<br>DE-72172 Sulz am Neckar<\/p><p><b>Partner responsabile personalmente:<br><\/b>Lichtgitter Blechprofilroste Verwaltungs GmbH (Tribunale di Coesfeld \/ HRB 15108)<\/p><p><b>Amministratore Delegato<\/b><br>Ass. jur. Hermann Stengel - Siemensstra\u00dfe 1, 48703 Stadtlohn<br>Dipl. Ing. Bernd D. Euschen - Neckarwiesen 20, 72172 Sulz am Neckar   <\/p><p>Telefono: <a href=\"http:\/\/tel:0049745495820\" target=\"_blank\" rel=\"noopener\">+49 7454 9582-0<\/a><br>Fax: +49 7454 9582-49<br>Email: <a href=\"mailto:sulz@lichtgitter.com\">sulz@lichtgitter.com<\/a><\/p><p>Iscrizione nel registro: Tribunale di Stoccarda, HRA 729910<\/p><p>Codice fiscale: DE815504736<\/p><hr><p><b>Lichtgitter Treppen GmbH &amp; Co KG<br><\/b>Industrie- und Gewerbegebiet 89<br>DE-16278 Pinnow<\/p><p><b>Partner responsabile personalmente:<br><\/b>Lichtgitter Beteiligungs GmbH (Tribunale di Coesfeld, HRB 14118)<\/p><p><b>Amministratore delegato<\/b><br>Ass. jur. Hermann Stengel - Siemensstra\u00dfe 1, 48703 Stadtlohn<br>Jan Ewigmann - Sch\u00f6nower Str. 6, 16306 Blumberg Casekow <\/p><p>Telefono: <a href=\"http:\/\/tel:00493333530170\">+49 33335-3017-0<\/a><br>Email: <a href=\"mailto:%20pinnow@lichtgitter.com\">pinnow@lichtgitter.com<\/a><\/p><p>Iscrizione al registro: Tribunale locale di Neuruppin, HRA 2649<\/p><p>Codice fiscale: DE285954012<\/p><hr><p>L&#8217;operatore, Lichtgitter GmbH, \u00e8 responsabile del contenuto di questo sito web.<\/p><p><b>Diritti d&#8217;immagine<\/b>:<\/p><p>\u00a9 Lichtgitter GmbH<\/p><p>\u00a9 Dirk Heine \/ heinewarnecke.com<\/p><p>\u00a9 welf-online.de<\/p><p>\u00a9 Roland Halbe \/ Instagram: @rolandhalbe<\/p><p>\u00a9 iStock<\/p><p><strong>Realizzazione tecnica<\/strong><br>Heskamp Medien GmbH<br>Marie-Curie-Stra\u00dfe 20<br>48712 Gescher<br><a href=\"https:\/\/heskamp-medien.de\" target=\"_blank\" rel=\"noopener\">heskamp-medien.de<\/a><\/p><p><b>DISCLAIMER (DISCLAIMER)<br>Responsabilit\u00e0 per i contenuti<br><\/b>In qualit\u00e0 di fornitore di servizi, siamo responsabili dei nostri contenuti su queste pagine in conformit\u00e0 con le leggi generali ai sensi dell&#8217;articolo 7 (1) DDG. Ai sensi dei \u00a7\u00a7 8-10 DDG, tuttavia, non siamo obbligati, in qualit\u00e0 di fornitore di servizi, a monitorare le informazioni trasmesse o memorizzate da terzi o a indagare su circostanze che indicano un&#8217;attivit\u00e0 illegale. L&#8217;obbligo di rimuovere o bloccare l&#8217;uso delle informazioni in conformit\u00e0 alla legislazione generale rimane inalterato. Tuttavia, la responsabilit\u00e0 in questo senso \u00e8 possibile solo dal momento in cui si viene a conoscenza di una specifica violazione. Non appena verremo a conoscenza di tali violazioni, rimuoveremo immediatamente i contenuti.     <\/p><p><b>Responsabilit\u00e0 per i link<br><\/b>Il nostro sito web contiene link a offerte esterne di terzi sul cui contenuto non abbiamo alcuna influenza. Pertanto, non possiamo assumerci alcuna responsabilit\u00e0 per questi contenuti di terzi. Il rispettivo fornitore o gestore delle pagine \u00e8 sempre responsabile del contenuto delle pagine collegate. Le pagine collegate sono state controllate per verificare la presenza di eventuali violazioni legali al momento del collegamento. I contenuti illegali non sono stati individuati al momento del collegamento. Tuttavia, il monitoraggio permanente del contenuto delle pagine collegate non \u00e8 ragionevole in assenza di prove concrete di una violazione. Se dovessimo venire a conoscenza di eventuali violazioni legali, rimuoveremo immediatamente tali link.      <\/p><p><b>Copyright<\/b><br>I contenuti e le opere create dagli operatori del sito in queste pagine sono soggetti alla legge tedesca sul copyright. La riproduzione, la modifica, la distribuzione e qualsiasi tipo di utilizzo al di fuori dei limiti della legge sul copyright richiedono il consenso scritto del rispettivo autore o creatore. I download e le copie di questo sito sono consentiti solo per uso privato e non commerciale. Nella misura in cui i contenuti di questo sito non sono stati creati dall&#8217;operatore, vengono rispettati i diritti d&#8217;autore di terzi. In particolare, i contenuti di terzi sono contrassegnati come tali. Se tuttavia dovessi venire a conoscenza di una violazione del copyright, ti preghiamo di informarci di conseguenza. Qualora venissimo a conoscenza di violazioni, provvederemo a rimuovere immediatamente tali contenuti.      <\/p>\t\t\t\t\t\t\t\t<\/div>\n\t\t\t\t<\/div>\n\t\t\t\t\t<\/div>\n\t\t\t\t<\/div>\n\t\t\t\t<\/div>\n\t\t","protected":false},"excerpt":{"rendered":"<p>Operatore di questo sito web: Lichtgitter GmbHSiemensstra\u00dfe 1DE-48703 Stadtlohn Autorizzato a rappresentare la societ\u00e0 insieme a un amministratore delegato o a un firmatario autorizzato: Amministratore delegatoDr Holger Artelt - Siemensstra\u00dfe 1, 48703 StadtlohnHeiko Abendroth - Siemensstra\u00dfe 1, 48703 StadtlohnAss. jur. Hermann Stengel - Siemensstra\u00dfe 1, 48703 Stadtlohn Firmatari autorizzatiWilhelm Bernd Gietmann - Siemensstra\u00dfe 1, 48703 [&hellip;]<\/p>\n","protected":false},"author":1,"featured_media":0,"parent":0,"menu_order":0,"comment_status":"closed","ping_status":"closed","template":"","meta":{"_acf_changed":false,"footnotes":""},"class_list":["post-20396","page","type-page","status-publish","hentry"],"acf":[],"yoast_head":"<!-- This site is optimized with the Yoast SEO plugin v27.2 - https:\/\/yoast.com\/product\/yoast-seo-wordpress\/ -->\n<title>Il Gruppo Lichtgitter - Imprint<\/title>\n<meta name=\"description\" content=\"Produttore e fornitore di grigliati, grigliati in profilati di lamiera, prodotti in PRV e scale a chiocciola - prodotti di qualit\u00e0 dal 1929 - Lichtgitter Blechprofilter das Original\" \/>\n<meta name=\"robots\" content=\"noindex, follow, max-snippet:-1, max-image-preview:large, max-video-preview:-1\" \/>\n<meta property=\"og:locale\" content=\"it_IT\" \/>\n<meta property=\"og:type\" content=\"article\" \/>\n<meta property=\"og:title\" content=\"Il Gruppo Lichtgitter - Imprint\" \/>\n<meta property=\"og:description\" content=\"Produttore e fornitore di grigliati, grigliati in profilati di lamiera, prodotti in PRV e scale a chiocciola - prodotti di qualit\u00e0 dal 1929 - Lichtgitter Blechprofilter das Original\" \/>\n<meta property=\"og:url\" content=\"https:\/\/www2.lichtgitter.com\/it\/impronta\/\" \/>\n<meta property=\"og:site_name\" content=\"Lichtgitter Gruppe\" \/>\n<meta property=\"article:modified_time\" content=\"2026-02-04T11:54:46+00:00\" \/>\n<meta name=\"twitter:card\" content=\"summary_large_image\" \/>\n<meta name=\"twitter:label1\" content=\"Tempo di lettura stimato\" \/>\n\t<meta name=\"twitter:data1\" content=\"3 minuto\" \/>\n<script type=\"application\/ld+json\" class=\"yoast-schema-graph\">{\"@context\":\"https:\/\/schema.org\",\"@graph\":[{\"@type\":\"WebPage\",\"@id\":\"https:\/\/www2.lichtgitter.com\/it\/impronta\/\",\"url\":\"https:\/\/www2.lichtgitter.com\/it\/impronta\/\",\"name\":\"Il Gruppo Lichtgitter - Imprint\",\"isPartOf\":{\"@id\":\"https:\/\/www2.lichtgitter.com\/it\/#website\"},\"datePublished\":\"2025-12-02T10:00:39+00:00\",\"dateModified\":\"2026-02-04T11:54:46+00:00\",\"description\":\"Produttore e fornitore di grigliati, grigliati in profilati di lamiera, prodotti in PRV e scale a chiocciola - prodotti di qualit\u00e0 dal 1929 - Lichtgitter Blechprofilter das Original\",\"breadcrumb\":{\"@id\":\"https:\/\/www2.lichtgitter.com\/it\/impronta\/#breadcrumb\"},\"inLanguage\":\"it-IT\",\"potentialAction\":[{\"@type\":\"ReadAction\",\"target\":[\"https:\/\/www2.lichtgitter.com\/it\/impronta\/\"]}]},{\"@type\":\"BreadcrumbList\",\"@id\":\"https:\/\/www2.lichtgitter.com\/it\/impronta\/#breadcrumb\",\"itemListElement\":[{\"@type\":\"ListItem\",\"position\":1,\"name\":\"Home\",\"item\":\"https:\/\/www2.lichtgitter.com\/it\/pagina-iniziale\/\"},{\"@type\":\"ListItem\",\"position\":2,\"name\":\"Impronta\"}]},{\"@type\":\"WebSite\",\"@id\":\"https:\/\/www2.lichtgitter.com\/it\/#website\",\"url\":\"https:\/\/www2.lichtgitter.com\/it\/\",\"name\":\"Lichtgitter Gruppe\",\"description\":\"Alles rund um Gitterroste bei lichtgitter.com\",\"publisher\":{\"@id\":\"https:\/\/www2.lichtgitter.com\/it\/#organization\"},\"potentialAction\":[{\"@type\":\"SearchAction\",\"target\":{\"@type\":\"EntryPoint\",\"urlTemplate\":\"https:\/\/www2.lichtgitter.com\/it\/?s={search_term_string}\"},\"query-input\":{\"@type\":\"PropertyValueSpecification\",\"valueRequired\":true,\"valueName\":\"search_term_string\"}}],\"inLanguage\":\"it-IT\"},{\"@type\":\"Organization\",\"@id\":\"https:\/\/www2.lichtgitter.com\/it\/#organization\",\"name\":\"Lichtgitter Gruppe\",\"url\":\"https:\/\/www2.lichtgitter.com\/it\/\",\"logo\":{\"@type\":\"ImageObject\",\"inLanguage\":\"it-IT\",\"@id\":\"https:\/\/www2.lichtgitter.com\/it\/#\/schema\/logo\/image\/\",\"url\":\"https:\/\/www2.lichtgitter.com\/wp-content\/uploads\/2024\/02\/logo-rgb.png\",\"contentUrl\":\"https:\/\/www2.lichtgitter.com\/wp-content\/uploads\/2024\/02\/logo-rgb.png\",\"width\":1920,\"height\":297,\"caption\":\"Lichtgitter Gruppe\"},\"image\":{\"@id\":\"https:\/\/www2.lichtgitter.com\/it\/#\/schema\/logo\/image\/\"}}]}<\/script>\n<!-- \/ Yoast SEO plugin. -->","yoast_head_json":{"title":"Il Gruppo Lichtgitter - Imprint","description":"Produttore e fornitore di grigliati, grigliati in profilati di lamiera, prodotti in PRV e scale a chiocciola - prodotti di qualit\u00e0 dal 1929 - Lichtgitter Blechprofilter das Original","robots":{"index":"noindex","follow":"follow","max-snippet":"max-snippet:-1","max-image-preview":"max-image-preview:large","max-video-preview":"max-video-preview:-1"},"og_locale":"it_IT","og_type":"article","og_title":"Il Gruppo Lichtgitter - Imprint","og_description":"Produttore e fornitore di grigliati, grigliati in profilati di lamiera, prodotti in PRV e scale a chiocciola - prodotti di qualit\u00e0 dal 1929 - Lichtgitter Blechprofilter das Original","og_url":"https:\/\/www2.lichtgitter.com\/it\/impronta\/","og_site_name":"Lichtgitter Gruppe","article_modified_time":"2026-02-04T11:54:46+00:00","twitter_card":"summary_large_image","twitter_misc":{"Tempo di lettura stimato":"3 minuto"},"schema":{"@context":"https:\/\/schema.org","@graph":[{"@type":"WebPage","@id":"https:\/\/www2.lichtgitter.com\/it\/impronta\/","url":"https:\/\/www2.lichtgitter.com\/it\/impronta\/","name":"Il Gruppo Lichtgitter - Imprint","isPartOf":{"@id":"https:\/\/www2.lichtgitter.com\/it\/#website"},"datePublished":"2025-12-02T10:00:39+00:00","dateModified":"2026-02-04T11:54:46+00:00","description":"Produttore e fornitore di grigliati, grigliati in profilati di lamiera, prodotti in PRV e scale a chiocciola - prodotti di qualit\u00e0 dal 1929 - Lichtgitter Blechprofilter das Original","breadcrumb":{"@id":"https:\/\/www2.lichtgitter.com\/it\/impronta\/#breadcrumb"},"inLanguage":"it-IT","potentialAction":[{"@type":"ReadAction","target":["https:\/\/www2.lichtgitter.com\/it\/impronta\/"]}]},{"@type":"BreadcrumbList","@id":"https:\/\/www2.lichtgitter.com\/it\/impronta\/#breadcrumb","itemListElement":[{"@type":"ListItem","position":1,"name":"Home","item":"https:\/\/www2.lichtgitter.com\/it\/pagina-iniziale\/"},{"@type":"ListItem","position":2,"name":"Impronta"}]},{"@type":"WebSite","@id":"https:\/\/www2.lichtgitter.com\/it\/#website","url":"https:\/\/www2.lichtgitter.com\/it\/","name":"Lichtgitter Gruppe","description":"Alles rund um Gitterroste bei lichtgitter.com","publisher":{"@id":"https:\/\/www2.lichtgitter.com\/it\/#organization"},"potentialAction":[{"@type":"SearchAction","target":{"@type":"EntryPoint","urlTemplate":"https:\/\/www2.lichtgitter.com\/it\/?s={search_term_string}"},"query-input":{"@type":"PropertyValueSpecification","valueRequired":true,"valueName":"search_term_string"}}],"inLanguage":"it-IT"},{"@type":"Organization","@id":"https:\/\/www2.lichtgitter.com\/it\/#organization","name":"Lichtgitter Gruppe","url":"https:\/\/www2.lichtgitter.com\/it\/","logo":{"@type":"ImageObject","inLanguage":"it-IT","@id":"https:\/\/www2.lichtgitter.com\/it\/#\/schema\/logo\/image\/","url":"https:\/\/www2.lichtgitter.com\/wp-content\/uploads\/2024\/02\/logo-rgb.png","contentUrl":"https:\/\/www2.lichtgitter.com\/wp-content\/uploads\/2024\/02\/logo-rgb.png","width":1920,"height":297,"caption":"Lichtgitter Gruppe"},"image":{"@id":"https:\/\/www2.lichtgitter.com\/it\/#\/schema\/logo\/image\/"}}]}},"_links":{"self":[{"href":"https:\/\/www2.lichtgitter.com\/it\/wp-json\/wp\/v2\/pages\/20396","targetHints":{"allow":["GET"]}}],"collection":[{"href":"https:\/\/www2.lichtgitter.com\/it\/wp-json\/wp\/v2\/pages"}],"about":[{"href":"https:\/\/www2.lichtgitter.com\/it\/wp-json\/wp\/v2\/types\/page"}],"author":[{"embeddable":true,"href":"https:\/\/www2.lichtgitter.com\/it\/wp-json\/wp\/v2\/users\/1"}],"replies":[{"embeddable":true,"href":"https:\/\/www2.lichtgitter.com\/it\/wp-json\/wp\/v2\/comments?post=20396"}],"version-history":[{"count":2,"href":"https:\/\/www2.lichtgitter.com\/it\/wp-json\/wp\/v2\/pages\/20396\/revisions"}],"predecessor-version":[{"id":30879,"href":"https:\/\/www2.lichtgitter.com\/it\/wp-json\/wp\/v2\/pages\/20396\/revisions\/30879"}],"wp:attachment":[{"href":"https:\/\/www2.lichtgitter.com\/it\/wp-json\/wp\/v2\/media?parent=20396"}],"curies":[{"name":"wp","href":"https:\/\/api.w.org\/{rel}","templated":true}]}}