{"id":20543,"date":"2025-12-08T14:16:27","date_gmt":"2025-12-08T13:16:27","guid":{"rendered":"https:\/\/www.staging.lichtgitter.com\/grigliato-in-acciaio-impressionante-con-molte-applicazioni-possibili\/"},"modified":"2026-02-17T15:25:34","modified_gmt":"2026-02-17T14:25:34","slug":"grigliato-in-acciaio-impressionante-con-molte-applicazioni-possibili","status":"publish","type":"page","link":"https:\/\/www2.lichtgitter.com\/it\/grigliato-in-acciaio-impressionante-con-molte-applicazioni-possibili\/","title":{"rendered":"Grigliato in acciaio: impressionante con molte applicazioni possibili"},"content":{"rendered":"\t\t<div data-elementor-type=\"wp-page\" data-elementor-id=\"20543\" class=\"elementor elementor-20543 elementor-11082\" data-elementor-post-type=\"page\">\n\t\t\t\t<div class=\"elementor-element elementor-element-bc11f00 pad-lr-l e-flex e-con-boxed e-con e-parent\" data-id=\"bc11f00\" data-element_type=\"container\" data-e-type=\"container\" data-settings=\"{&quot;jet_parallax_layout_list&quot;:[]}\">\n\t\t\t\t\t<div class=\"e-con-inner\">\n\t\t\t\t<div data-dce-text-color=\"#FF0028\" class=\"elementor-element elementor-element-2f101ac elementor-invisible elementor-widget elementor-widget-breadcrumbs\" data-id=\"2f101ac\" data-element_type=\"widget\" data-e-type=\"widget\" data-settings=\"{&quot;_animation&quot;:&quot;fadeInUp&quot;}\" data-widget_type=\"breadcrumbs.default\">\n\t\t\t\t<div class=\"elementor-widget-container\">\n\t\t\t\t\t<p id=\"breadcrumbs\"><span><span><a href=\"https:\/\/www2.lichtgitter.com\/it\/pagina-iniziale\/\">Home<\/a><\/span><\/span><\/p>\t\t\t\t<\/div>\n\t\t\t\t<\/div>\n\t\t\t\t\t<\/div>\n\t\t\t\t<\/div>\n\t\t<div class=\"elementor-element elementor-element-43276cb pad-l e-flex e-con-boxed e-con e-parent\" data-id=\"43276cb\" data-element_type=\"container\" data-e-type=\"container\" data-settings=\"{&quot;jet_parallax_layout_list&quot;:[]}\">\n\t\t\t\t\t<div class=\"e-con-inner\">\n\t\t\t\t<div class=\"elementor-element elementor-element-26f7003 elementor-widget__width-inherit elementor-invisible elementor-widget elementor-widget-heading\" data-id=\"26f7003\" data-element_type=\"widget\" data-e-type=\"widget\" data-settings=\"{&quot;_animation&quot;:&quot;fadeInUp&quot;}\" data-widget_type=\"heading.default\">\n\t\t\t\t<div class=\"elementor-widget-container\">\n\t\t\t\t\t<h1 class=\"elementor-heading-title elementor-size-default\">Grigliato in acciaio: impressionante con molte applicazioni possibili<\/h1>\t\t\t\t<\/div>\n\t\t\t\t<\/div>\n\t\t\t\t<div class=\"elementor-element elementor-element-83905f1 elementor-widget__width-inherit elementor-invisible elementor-widget elementor-widget-text-editor\" data-id=\"83905f1\" data-element_type=\"widget\" data-e-type=\"widget\" data-settings=\"{&quot;_animation&quot;:&quot;fadeInUp&quot;}\" data-widget_type=\"text-editor.default\">\n\t\t\t\t<div class=\"elementor-widget-container\">\n\t\t\t\t\t\t\t\t\t<p>Non solo i grigliati in acciaio, ma anche quelli in altri materiali soddisfano i requisiti pi\u00f9 elevati in termini di statica e design. Va inoltre sottolineato che sia i grigliati in acciaio che quelli in altri materiali sono elementi costruttivi privi di manutenzione, economici e sostenibili. <\/p><p>Inoltre, offrono numerosi vantaggi, come una buona permeabile all&#8217;aria e alla luce. L&#8217;uniformit\u00e0 visiva dei grigliati apre possibilit\u00e0 quasi infinite per realizzare facilmente concetti interessanti. I grigliati in acciaio offrono un&#8217;elevata capacit\u00e0 di carico nonostante il loro peso ridotto.  <\/p>\t\t\t\t\t\t\t\t<\/div>\n\t\t\t\t<\/div>\n\t\t\t\t\t<\/div>\n\t\t\t\t<\/div>\n\t\t<div class=\"elementor-element elementor-element-b49e670 pad-l e-flex e-con-boxed e-con e-parent\" data-id=\"b49e670\" data-element_type=\"container\" data-e-type=\"container\" data-settings=\"{&quot;background_background&quot;:&quot;classic&quot;,&quot;jet_parallax_layout_list&quot;:[]}\">\n\t\t\t\t\t<div class=\"e-con-inner\">\n\t\t<div class=\"elementor-element elementor-element-ed32981 e-con-full e-flex elementor-invisible e-con e-child\" data-id=\"ed32981\" data-element_type=\"container\" data-e-type=\"container\" data-settings=\"{&quot;animation&quot;:&quot;fadeInUp&quot;,&quot;jet_parallax_layout_list&quot;:[]}\">\n\t\t\t\t<div class=\"elementor-element elementor-element-2aab708 elementor-widget__width-inherit elementor-widget elementor-widget-heading\" data-id=\"2aab708\" data-element_type=\"widget\" data-e-type=\"widget\" data-widget_type=\"heading.default\">\n\t\t\t\t<div class=\"elementor-widget-container\">\n\t\t\t\t\t<h2 class=\"elementor-heading-title elementor-size-default\">Grigliato in acciaio: cos'\u00e8 esattamente?\n<\/h2>\t\t\t\t<\/div>\n\t\t\t\t<\/div>\n\t\t\t\t<div class=\"elementor-element elementor-element-78cc41c elementor-widget__width-inherit elementor-widget elementor-widget-text-editor\" data-id=\"78cc41c\" data-element_type=\"widget\" data-e-type=\"widget\" data-widget_type=\"text-editor.default\">\n\t\t\t\t<div class=\"elementor-widget-container\">\n\t\t\t\t\t\t\t\t\t<p>Che si tratti di grigliati in acciaio o in alluminio, i grigliati sono corpi autoportanti a forma di piatto con diverse capacit\u00e0 di carico. Questi corpi a forma di piatto hanno anche molte aperture disposte in modo regolare. <\/p><p>I grigliati sono utilizzati, ad esempio, nell&#8217;industria, nella costruzione di strade, in tutti i settori dell&#8217;edilizia e dell&#8217;ingegneria civile e nella tecnologia di stoccaggio. Se dai un&#8217;occhiata anche al settore dell&#8217;edilizia moderna e dell&#8217;architettura immobiliare, ti renderai subito conto che i grigliati in acciaio svolgono importanti funzioni di design e funzionali. Ad esempio, i grigliati vengono utilizzati come griglie del soffitto, ringhiere per balconi, rivestimenti di facciata o come elementi di design.  <\/p>\n<p>Un grigliato in acciaio \u00e8 composto da barre trasversali, barre di supporto e un telaio perimetrale.<\/p>\t\t\t\t\t\t\t\t<\/div>\n\t\t\t\t<\/div>\n\t\t\t\t<\/div>\n\t\t\t\t\t<\/div>\n\t\t\t\t<\/div>\n\t\t<div class=\"elementor-element elementor-element-23941be pad-l e-flex e-con-boxed e-con e-parent\" data-id=\"23941be\" data-element_type=\"container\" data-e-type=\"container\" data-settings=\"{&quot;jet_parallax_layout_list&quot;:[]}\">\n\t\t\t\t\t<div class=\"e-con-inner\">\n\t\t<div class=\"elementor-element elementor-element-87976dc e-con-full e-flex elementor-invisible e-con e-child\" data-id=\"87976dc\" data-element_type=\"container\" data-e-type=\"container\" data-settings=\"{&quot;animation&quot;:&quot;fadeInUp&quot;,&quot;jet_parallax_layout_list&quot;:[]}\">\n\t\t\t\t<div class=\"elementor-element elementor-element-d16f70e elementor-widget__width-inherit elementor-widget elementor-widget-heading\" data-id=\"d16f70e\" data-element_type=\"widget\" data-e-type=\"widget\" data-widget_type=\"heading.default\">\n\t\t\t\t<div class=\"elementor-widget-container\">\n\t\t\t\t\t<h2 class=\"elementor-heading-title elementor-size-default\">Il grigliato in acciaio \u00e8 zincato a caldo\n<\/h2>\t\t\t\t<\/div>\n\t\t\t\t<\/div>\n\t\t\t\t<div class=\"elementor-element elementor-element-9423eb1 elementor-widget elementor-widget-text-editor\" data-id=\"9423eb1\" data-element_type=\"widget\" data-e-type=\"widget\" data-widget_type=\"text-editor.default\">\n\t\t\t\t<div class=\"elementor-widget-container\">\n\t\t\t\t\t\t\t\t\t<p>Per far s\u00ec che il tuo grigliato in acciaio ottenga ottimi risultati in termini di durata e robustezza, \u00e8 ovviamente essenziale che la superficie del grigliato in acciaio sia trattata di conseguenza. In questo caso si ricorre alla zincatura a caldo. La zincatura a caldo ha dimostrato la sua validit\u00e0 come protezione anticorrosione e quindi \u00e8 ancora il metodo pi\u00f9 comune per conferire al grigliato in acciaio la sua robustezza attraverso questo trattamento superficiale.  <\/p><p>Durante la zincatura a caldo, gli elementi pretrattati vengono immersi nello zinco fuso. In questo modo i grigliati ottengono un rivestimento di zinco che non si sfalda n\u00e9 si rompe sotto i normali carichi meccanici, come l&#8217;ispezione o la guida. <\/p>\n<p>Il Gruppo Lichtgitter dispone di tre moderni impianti di zincatura. Ci\u00f2 significa che Lichtgitter \u00e8 in grado di soddisfare i suoi standard di qualit\u00e0 anche per quanto riguarda il trattamento superficiale. <\/p>\n<p>Se si desidera o \u00e8 necessaria una protezione aggiuntiva, un grigliato in acciaio gi\u00e0 zincato pu\u00f2 essere immerso nel bitume o verniciato a polvere. Questa soluzione \u00e8 particolarmente consigliata se i grigliati saranno in futuro carichi di sostanze chimiche. <\/p>\n<p>\u00c8 anche possibile fornire grigliati con un rivestimento in plastica o una verniciatura. Si noti che la zincatura preventiva non \u00e8 consigliata per la verniciatura. <\/p>\t\t\t\t\t\t\t\t<\/div>\n\t\t\t\t<\/div>\n\t\t\t\t<\/div>\n\t\t\t\t\t<\/div>\n\t\t\t\t<\/div>\n\t\t<div class=\"elementor-element elementor-element-e44fd9e pad-l e-flex e-con-boxed e-con e-parent\" data-id=\"e44fd9e\" data-element_type=\"container\" data-e-type=\"container\" data-settings=\"{&quot;background_background&quot;:&quot;classic&quot;,&quot;jet_parallax_layout_list&quot;:[]}\">\n\t\t\t\t\t<div class=\"e-con-inner\">\n\t\t<div class=\"elementor-element elementor-element-2fa44f5 e-con-full e-flex elementor-invisible e-con e-child\" data-id=\"2fa44f5\" data-element_type=\"container\" data-e-type=\"container\" data-settings=\"{&quot;animation&quot;:&quot;fadeInUp&quot;,&quot;jet_parallax_layout_list&quot;:[]}\">\n\t\t\t\t<div class=\"elementor-element elementor-element-de9ee82 elementor-widget__width-inherit elementor-widget elementor-widget-heading\" data-id=\"de9ee82\" data-element_type=\"widget\" data-e-type=\"widget\" data-widget_type=\"heading.default\">\n\t\t\t\t<div class=\"elementor-widget-container\">\n\t\t\t\t\t<h2 class=\"elementor-heading-title elementor-size-default\">Lichtgitter tiene conto del fattore ambientale\n<\/h2>\t\t\t\t<\/div>\n\t\t\t\t<\/div>\n\t\t\t\t<div class=\"elementor-element elementor-element-28d27fb elementor-widget__width-inherit elementor-widget elementor-widget-text-editor\" data-id=\"28d27fb\" data-element_type=\"widget\" data-e-type=\"widget\" data-widget_type=\"text-editor.default\">\n\t\t\t\t<div class=\"elementor-widget-container\">\n\t\t\t\t\t\t\t\t\t<p>Lichtgitter esegue la zincatura a caldo dei suoi grigliati in acciaio in conformit\u00e0 alla norma DIN EN ISO 1461, per cui il cliente pu\u00f2 essere assolutamente certo di ricevere sempre una qualit\u00e0 elevata e costante. Tuttavia, per noi produttori non \u00e8 importante solo l&#8217;alta qualit\u00e0. L&#8217;aspetto ambientale \u00e8 importante per noi tanto quanto la qualit\u00e0.   <\/p><p>Per questo motivo, ci impegniamo a rendere il processo di zincatura il pi\u00f9 ecologico possibile. Le aree esposte ad acidi e sostanze chimiche sono completamente chiuse nei nostri stabilimenti. Questo non solo crea un ambiente di lavoro pulito, ma anche un luogo di lavoro privo di emissioni.  <\/p><p>Inoltre, attribuiamo grande importanza alla riduzione dei rifiuti e al risparmio energetico. I materiali residui prodotti durante il processo di zincatura a caldo dei grigliati in acciaio vengono tutti riciclati. <\/p>\t\t\t\t\t\t\t\t<\/div>\n\t\t\t\t<\/div>\n\t\t\t\t<\/div>\n\t\t\t\t\t<\/div>\n\t\t\t\t<\/div>\n\t\t\t\t<\/div>\n\t\t","protected":false},"excerpt":{"rendered":"<p>Non solo i grigliati in acciaio, ma anche quelli in altri materiali soddisfano i requisiti pi\u00f9 elevati in termini di statica e design. Va inoltre sottolineato che sia i grigliati in acciaio che quelli in altri materiali sono elementi costruttivi privi di manutenzione, economici e sostenibili. Inoltre, offrono numerosi vantaggi, come una buona permeabile all&#8217;aria [&hellip;]<\/p>\n","protected":false},"author":1,"featured_media":0,"parent":0,"menu_order":3,"comment_status":"closed","ping_status":"closed","template":"","meta":{"_acf_changed":false,"footnotes":""},"class_list":["post-20543","page","type-page","status-publish","hentry"],"acf":[],"yoast_head":"<!-- This site is optimized with the Yoast SEO plugin v27.2 - https:\/\/yoast.com\/product\/yoast-seo-wordpress\/ -->\n<title>Grigliato in acciaio: impressionante con molte applicazioni possibili - Lichtgitter Gruppe<\/title>\n<meta name=\"robots\" content=\"noindex, follow, max-snippet:-1, max-image-preview:large, max-video-preview:-1\" \/>\n<meta property=\"og:locale\" content=\"it_IT\" \/>\n<meta property=\"og:type\" content=\"article\" \/>\n<meta property=\"og:title\" content=\"Grigliato in acciaio: impressionante con molte applicazioni possibili - Lichtgitter Gruppe\" \/>\n<meta property=\"og:description\" content=\"Non solo i grigliati in acciaio, ma anche quelli in altri materiali soddisfano i requisiti pi\u00f9 elevati in termini di statica e design. Va inoltre sottolineato che sia i grigliati in acciaio che quelli in altri materiali sono elementi costruttivi privi di manutenzione, economici e sostenibili. Inoltre, offrono numerosi vantaggi, come una buona permeabile all&#8217;aria [&hellip;]\" \/>\n<meta property=\"og:url\" content=\"https:\/\/www2.lichtgitter.com\/it\/grigliato-in-acciaio-impressionante-con-molte-applicazioni-possibili\/\" \/>\n<meta property=\"og:site_name\" content=\"Lichtgitter Gruppe\" \/>\n<meta property=\"article:modified_time\" content=\"2026-02-17T14:25:34+00:00\" \/>\n<meta name=\"twitter:card\" content=\"summary_large_image\" \/>\n<meta name=\"twitter:label1\" content=\"Tempo di lettura stimato\" \/>\n\t<meta name=\"twitter:data1\" content=\"3 minuto\" \/>\n<script type=\"application\/ld+json\" class=\"yoast-schema-graph\">{\"@context\":\"https:\/\/schema.org\",\"@graph\":[{\"@type\":\"WebPage\",\"@id\":\"https:\/\/www2.lichtgitter.com\/it\/grigliato-in-acciaio-impressionante-con-molte-applicazioni-possibili\/\",\"url\":\"https:\/\/www2.lichtgitter.com\/it\/grigliato-in-acciaio-impressionante-con-molte-applicazioni-possibili\/\",\"name\":\"Grigliato in acciaio: impressionante con molte applicazioni possibili - Lichtgitter Gruppe\",\"isPartOf\":{\"@id\":\"https:\/\/www2.lichtgitter.com\/it\/#website\"},\"datePublished\":\"2025-12-08T13:16:27+00:00\",\"dateModified\":\"2026-02-17T14:25:34+00:00\",\"breadcrumb\":{\"@id\":\"https:\/\/www2.lichtgitter.com\/it\/grigliato-in-acciaio-impressionante-con-molte-applicazioni-possibili\/#breadcrumb\"},\"inLanguage\":\"it-IT\",\"potentialAction\":[{\"@type\":\"ReadAction\",\"target\":[\"https:\/\/www2.lichtgitter.com\/it\/grigliato-in-acciaio-impressionante-con-molte-applicazioni-possibili\/\"]}]},{\"@type\":\"BreadcrumbList\",\"@id\":\"https:\/\/www2.lichtgitter.com\/it\/grigliato-in-acciaio-impressionante-con-molte-applicazioni-possibili\/#breadcrumb\",\"itemListElement\":[{\"@type\":\"ListItem\",\"position\":1,\"name\":\"Home\",\"item\":\"https:\/\/www2.lichtgitter.com\/it\/pagina-iniziale\/\"},{\"@type\":\"ListItem\",\"position\":2,\"name\":\"Grigliato in acciaio: impressionante con molte applicazioni possibili\"}]},{\"@type\":\"WebSite\",\"@id\":\"https:\/\/www2.lichtgitter.com\/it\/#website\",\"url\":\"https:\/\/www2.lichtgitter.com\/it\/\",\"name\":\"Lichtgitter Gruppe\",\"description\":\"Alles rund um Gitterroste bei lichtgitter.com\",\"publisher\":{\"@id\":\"https:\/\/www2.lichtgitter.com\/it\/#organization\"},\"potentialAction\":[{\"@type\":\"SearchAction\",\"target\":{\"@type\":\"EntryPoint\",\"urlTemplate\":\"https:\/\/www2.lichtgitter.com\/it\/?s={search_term_string}\"},\"query-input\":{\"@type\":\"PropertyValueSpecification\",\"valueRequired\":true,\"valueName\":\"search_term_string\"}}],\"inLanguage\":\"it-IT\"},{\"@type\":\"Organization\",\"@id\":\"https:\/\/www2.lichtgitter.com\/it\/#organization\",\"name\":\"Lichtgitter Gruppe\",\"url\":\"https:\/\/www2.lichtgitter.com\/it\/\",\"logo\":{\"@type\":\"ImageObject\",\"inLanguage\":\"it-IT\",\"@id\":\"https:\/\/www2.lichtgitter.com\/it\/#\/schema\/logo\/image\/\",\"url\":\"https:\/\/www2.lichtgitter.com\/wp-content\/uploads\/2024\/02\/logo-rgb.png\",\"contentUrl\":\"https:\/\/www2.lichtgitter.com\/wp-content\/uploads\/2024\/02\/logo-rgb.png\",\"width\":1920,\"height\":297,\"caption\":\"Lichtgitter Gruppe\"},\"image\":{\"@id\":\"https:\/\/www2.lichtgitter.com\/it\/#\/schema\/logo\/image\/\"}}]}<\/script>\n<!-- \/ Yoast SEO plugin. -->","yoast_head_json":{"title":"Grigliato in acciaio: impressionante con molte applicazioni possibili - Lichtgitter Gruppe","robots":{"index":"noindex","follow":"follow","max-snippet":"max-snippet:-1","max-image-preview":"max-image-preview:large","max-video-preview":"max-video-preview:-1"},"og_locale":"it_IT","og_type":"article","og_title":"Grigliato in acciaio: impressionante con molte applicazioni possibili - Lichtgitter Gruppe","og_description":"Non solo i grigliati in acciaio, ma anche quelli in altri materiali soddisfano i requisiti pi\u00f9 elevati in termini di statica e design. Va inoltre sottolineato che sia i grigliati in acciaio che quelli in altri materiali sono elementi costruttivi privi di manutenzione, economici e sostenibili. Inoltre, offrono numerosi vantaggi, come una buona permeabile all&#8217;aria [&hellip;]","og_url":"https:\/\/www2.lichtgitter.com\/it\/grigliato-in-acciaio-impressionante-con-molte-applicazioni-possibili\/","og_site_name":"Lichtgitter Gruppe","article_modified_time":"2026-02-17T14:25:34+00:00","twitter_card":"summary_large_image","twitter_misc":{"Tempo di lettura stimato":"3 minuto"},"schema":{"@context":"https:\/\/schema.org","@graph":[{"@type":"WebPage","@id":"https:\/\/www2.lichtgitter.com\/it\/grigliato-in-acciaio-impressionante-con-molte-applicazioni-possibili\/","url":"https:\/\/www2.lichtgitter.com\/it\/grigliato-in-acciaio-impressionante-con-molte-applicazioni-possibili\/","name":"Grigliato in acciaio: impressionante con molte applicazioni possibili - Lichtgitter Gruppe","isPartOf":{"@id":"https:\/\/www2.lichtgitter.com\/it\/#website"},"datePublished":"2025-12-08T13:16:27+00:00","dateModified":"2026-02-17T14:25:34+00:00","breadcrumb":{"@id":"https:\/\/www2.lichtgitter.com\/it\/grigliato-in-acciaio-impressionante-con-molte-applicazioni-possibili\/#breadcrumb"},"inLanguage":"it-IT","potentialAction":[{"@type":"ReadAction","target":["https:\/\/www2.lichtgitter.com\/it\/grigliato-in-acciaio-impressionante-con-molte-applicazioni-possibili\/"]}]},{"@type":"BreadcrumbList","@id":"https:\/\/www2.lichtgitter.com\/it\/grigliato-in-acciaio-impressionante-con-molte-applicazioni-possibili\/#breadcrumb","itemListElement":[{"@type":"ListItem","position":1,"name":"Home","item":"https:\/\/www2.lichtgitter.com\/it\/pagina-iniziale\/"},{"@type":"ListItem","position":2,"name":"Grigliato in acciaio: impressionante con molte applicazioni possibili"}]},{"@type":"WebSite","@id":"https:\/\/www2.lichtgitter.com\/it\/#website","url":"https:\/\/www2.lichtgitter.com\/it\/","name":"Lichtgitter Gruppe","description":"Alles rund um Gitterroste bei lichtgitter.com","publisher":{"@id":"https:\/\/www2.lichtgitter.com\/it\/#organization"},"potentialAction":[{"@type":"SearchAction","target":{"@type":"EntryPoint","urlTemplate":"https:\/\/www2.lichtgitter.com\/it\/?s={search_term_string}"},"query-input":{"@type":"PropertyValueSpecification","valueRequired":true,"valueName":"search_term_string"}}],"inLanguage":"it-IT"},{"@type":"Organization","@id":"https:\/\/www2.lichtgitter.com\/it\/#organization","name":"Lichtgitter Gruppe","url":"https:\/\/www2.lichtgitter.com\/it\/","logo":{"@type":"ImageObject","inLanguage":"it-IT","@id":"https:\/\/www2.lichtgitter.com\/it\/#\/schema\/logo\/image\/","url":"https:\/\/www2.lichtgitter.com\/wp-content\/uploads\/2024\/02\/logo-rgb.png","contentUrl":"https:\/\/www2.lichtgitter.com\/wp-content\/uploads\/2024\/02\/logo-rgb.png","width":1920,"height":297,"caption":"Lichtgitter Gruppe"},"image":{"@id":"https:\/\/www2.lichtgitter.com\/it\/#\/schema\/logo\/image\/"}}]}},"_links":{"self":[{"href":"https:\/\/www2.lichtgitter.com\/it\/wp-json\/wp\/v2\/pages\/20543","targetHints":{"allow":["GET"]}}],"collection":[{"href":"https:\/\/www2.lichtgitter.com\/it\/wp-json\/wp\/v2\/pages"}],"about":[{"href":"https:\/\/www2.lichtgitter.com\/it\/wp-json\/wp\/v2\/types\/page"}],"author":[{"embeddable":true,"href":"https:\/\/www2.lichtgitter.com\/it\/wp-json\/wp\/v2\/users\/1"}],"replies":[{"embeddable":true,"href":"https:\/\/www2.lichtgitter.com\/it\/wp-json\/wp\/v2\/comments?post=20543"}],"version-history":[{"count":3,"href":"https:\/\/www2.lichtgitter.com\/it\/wp-json\/wp\/v2\/pages\/20543\/revisions"}],"predecessor-version":[{"id":31613,"href":"https:\/\/www2.lichtgitter.com\/it\/wp-json\/wp\/v2\/pages\/20543\/revisions\/31613"}],"wp:attachment":[{"href":"https:\/\/www2.lichtgitter.com\/it\/wp-json\/wp\/v2\/media?parent=20543"}],"curies":[{"name":"wp","href":"https:\/\/api.w.org\/{rel}","templated":true}]}}