{"id":20394,"date":"2025-12-02T11:00:39","date_gmt":"2025-12-02T10:00:39","guid":{"rendered":"https:\/\/www.staging.lichtgitter.com\/afdruk\/"},"modified":"2026-02-04T12:54:40","modified_gmt":"2026-02-04T11:54:40","slug":"afdruk","status":"publish","type":"page","link":"https:\/\/www2.lichtgitter.com\/nl\/afdruk\/","title":{"rendered":"Afdruk"},"content":{"rendered":"\t\t<div data-elementor-type=\"wp-page\" data-elementor-id=\"20394\" class=\"elementor elementor-20394 elementor-10661\" data-elementor-post-type=\"page\">\n\t\t\t\t<div class=\"elementor-element elementor-element-a15e077 pad-lr-l e-flex e-con-boxed e-con e-parent\" data-id=\"a15e077\" data-element_type=\"container\" data-e-type=\"container\" data-settings=\"{&quot;jet_parallax_layout_list&quot;:[]}\">\n\t\t\t\t\t<div class=\"e-con-inner\">\n\t\t\t\t<div data-dce-text-color=\"#FF0028\" class=\"elementor-element elementor-element-8c8f992 elementor-invisible elementor-widget elementor-widget-breadcrumbs\" data-id=\"8c8f992\" data-element_type=\"widget\" data-e-type=\"widget\" data-settings=\"{&quot;_animation&quot;:&quot;fadeInUp&quot;}\" data-widget_type=\"breadcrumbs.default\">\n\t\t\t\t<div class=\"elementor-widget-container\">\n\t\t\t\t\t<p id=\"breadcrumbs\"><span><span><a href=\"https:\/\/www2.lichtgitter.com\/nl\/startpagina\/\">Home<\/a><\/span><\/span><\/p>\t\t\t\t<\/div>\n\t\t\t\t<\/div>\n\t\t\t\t\t<\/div>\n\t\t\t\t<\/div>\n\t\t<div class=\"elementor-element elementor-element-72e7771 pad-l e-flex e-con-boxed e-con e-parent\" data-id=\"72e7771\" data-element_type=\"container\" data-e-type=\"container\" data-settings=\"{&quot;jet_parallax_layout_list&quot;:[],&quot;background_background&quot;:&quot;classic&quot;}\">\n\t\t\t\t\t<div class=\"e-con-inner\">\n\t\t\t\t<div class=\"elementor-element elementor-element-ede0c9d elementor-widget__width-inherit elementor-widget elementor-widget-heading\" data-id=\"ede0c9d\" data-element_type=\"widget\" data-e-type=\"widget\" data-widget_type=\"heading.default\">\n\t\t\t\t<div class=\"elementor-widget-container\">\n\t\t\t\t\t<h1 class=\"elementor-heading-title elementor-size-default\">Afdruk<\/h1>\t\t\t\t<\/div>\n\t\t\t\t<\/div>\n\t\t\t\t<div class=\"elementor-element elementor-element-1084d91 elementor-widget__width-inherit elementor-widget elementor-widget-text-editor\" data-id=\"1084d91\" data-element_type=\"widget\" data-e-type=\"widget\" data-widget_type=\"text-editor.default\">\n\t\t\t\t<div class=\"elementor-widget-container\">\n\t\t\t\t\t\t\t\t\t<p><b>Beheerder van deze website:<\/b><\/p><p>Lichtgitter GmbH<br>Siemensstra\u00dfe 1<br>DE-48703 Stadtlohn<\/p><p>Gemachtigd om het bedrijf te vertegenwoordigen samen met een directeur of tekenbevoegde:<\/p><p><b>Algemeen directeur<br><\/b>Dr Holger Artelt - Siemensstra\u00dfe 1, 48703 Stadtlohn<br>Heiko Abendroth - Siemensstra\u00dfe 1, 48703 Stadtlohn<br>Ass. jur. Hermann Stengel - Siemensstra\u00dfe 1, 48703 Stadtlohn <\/p><p><b>Bevoegde ondertekenaars<\/b><br>Wilhelm Bernd Gietmann - Siemensstra\u00dfe 1, 48703 Stadtlohn<br>Werner Grotholt - Siemensstra\u00dfe 1, 48703 Stadtlohn<br>Kai Alexander Hullerum - Siemensstra\u00dfe 1, 48703 Stadtlohn<br>Thomas Kipp - Siemensstra\u00dfe 1, 48703 Stadtlohn<br>Marcel Stender - Siemensstra\u00dfe 1, 48703 Stadtlohn<\/p><p>Telefoon:<a href=\"http:\/\/tel:004925639110\"> +49 2563 911-0<\/a><br>Fax: +49 2563 911-187<br>E-mail: <a href=\"mailto:info@lichtgitter.com\">info@lichtgitter.com<\/a><\/p><p>Inschrijving in het register: Rechtbank Coesfeld, HRB 4266<\/p><p>Belasting ID: DE123767855<\/p><hr><p><b> <\/b><b>Lichtgitter GVK GmbH &amp; Co. KG<\/b><\/p><p>Siemensstra\u00dfe 6<br>DE-48703 Stadtlohn<\/p><p><b>Persoonlijk aansprakelijke partner:<br><\/b>Lichtgitter GVK Verwaltungs GmbH (Rechtbank Coesfeld \/ HRB 11009)<\/p><p><b>Algemeen directeur<\/b><br>Ass. jur. Hermann Stengel - Siemensstra\u00dfe 1, 48703 Stadtlohn<br>Markus Daldrup - Siemensstra\u00dfe 1, 48703 Stadtlohn <\/p><p>Telefoon: <a href=\"http:\/\/tel:004925639110\">+49 2563 911-0<\/a><br>Fax: +49 2563 911-222<br>E-mail: <a href=\"mailto:gfk@lichtgitter.com\">gfk@lichtgitter.com<\/a><\/p><p>Vermelding in register: Rechtbank Coesfeld, HRA 6045<\/p><p>Belasting ID: DE814923258<\/p><hr><p><b>Lichtgitter Blechprofilroste GmbH &amp; Co KG<br><\/b>Neckarwiesen 20<br>DE-72172 Sulz am Neckar<\/p><p><b>Persoonlijk aansprakelijke partner:<br><\/b>Lichtgitter Blechprofilroste Verwaltungs GmbH (kantongerecht Coesfeld \/ HRB 15108)<\/p><p><b>Algemeen directeur<\/b><br>Ass. jur. Hermann Stengel - Siemensstra\u00dfe 1, 48703 Stadtlohn<br>Dipl. Ing. Bernd D. Euschen - Neckarwiesen 20, 72172 Sulz am Neckar<b>.<\/b> Euschen - Neckarwiesen 20, 72172 Sulz am Neckar   <\/p><p>Telefoon: <a href=\"http:\/\/tel:0049745495820\" target=\"_blank\" rel=\"noopener\">+49 7454 9582-0<\/a><br>Fax: +49 7454 9582-49<br>E-mail: <a href=\"mailto:sulz@lichtgitter.com\">sulz@lichtgitter.com<\/a><\/p><p>Registervermelding: kantongerecht Stuttgart, HRA 729910<\/p><p>Belasting ID: DE815504736<\/p><hr><p><b>Lichtgitter Treppen GmbH &amp; Co KG<br><\/b>Industrie- und Gewerbegebiet 89<br>DE-16278 Pinnow<\/p><p><b>Persoonlijk aansprakelijke partner:<br><\/b>Lichtgitter Beteiligungs GmbH (arrondissementsrechtbank Coesfeld, HRB 14118)<\/p><p><b>Algemeen directeur<\/b><br>Ass. jur. Hermann Stengel - Siemensstra\u00dfe 1, 48703 Stadtlohn<br>Jan Ewigmann - Sch\u00f6nower Str. 6, 16306 Blumberg Casekow <\/p><p>Telefoon: <a href=\"http:\/\/tel:00493333530170\">+49 33335-3017-0<\/a><br>E-mail: <a href=\"mailto:%20pinnow@lichtgitter.com\">pinnow@lichtgitter.com<\/a><\/p><p>Registervermelding: Neuruppin Rechtbank, HRA 2649<\/p><p>Belasting ID: DE285954012<\/p><hr><p>De exploitant, Lichtgitter GmbH, is verantwoordelijk voor de inhoud van deze website.<\/p><p><b>Beeldrechten<\/b>:<\/p><p>\u00a9 Lichtgitter GmbH<\/p><p>\u00a9 Dirk Heine \/ heinewarnecke.com<\/p><p>\u00a9 welf-online.de<\/p><p>\u00a9 Roland Halbe \/ Instagram: @rolandhalbe<\/p><p>\u00a9 iStock<\/p><p><strong>Technische realisatie<\/strong><br>Heskamp Medien GmbH<br>Marie-Curie-Stra\u00dfe 20<br>48712 Gescher<br><a href=\"https:\/\/heskamp-medien.de\" target=\"_blank\" rel=\"noopener\">heskamp-medien.de<\/a><\/p><p><b>DISCLAIMER (DISCLAIMER)<br>Aansprakelijkheid voor inhoud<br><\/b>Als serviceprovider zijn we verantwoordelijk voor onze eigen inhoud op deze pagina&#8217;s in overeenstemming met de algemene wetten volgens \u00a7 7 (1) DDG. Volgens \u00a7\u00a7 8 tot 10 DDG zijn we als dienstverlener echter niet verplicht om doorgegeven of opgeslagen informatie van derden te controleren of omstandigheden te onderzoeken die duiden op illegale activiteiten. Verplichtingen tot verwijdering of blokkering van het gebruik van informatie volgens de algemene wetgeving blijven hierdoor onaangetast. Aansprakelijkheid in dit opzicht is echter pas mogelijk vanaf het moment van kennis van een specifieke inbreuk. Zodra we kennis nemen van dergelijke inbreuken, zullen we deze inhoud onmiddellijk verwijderen.     <\/p><p><b>Aansprakelijkheid voor links<br><\/b>Onze offerte bevat links naar externe websites van derden op de inhoud waarvan wij geen invloed hebben. Daarom kunnen wij geen aansprakelijkheid aanvaarden voor deze inhoud van derden. Voor de inhoud van de gelinkte pagina&#8217;s is altijd de desbetreffende aanbieder of exploitant van de pagina&#8217;s verantwoordelijk. De gekoppelde pagina&#8217;s werden op het moment van koppelen gecontroleerd op mogelijke wetsovertredingen. Illegale inhoud was op het moment van linken niet herkenbaar. Een permanente controle van de inhoud van de gelinkte pagina&#8217;s is echter niet redelijk zonder concrete aanwijzingen voor een overtreding. Als wij kennis krijgen van wetsovertredingen, zullen wij dergelijke links onmiddellijk verwijderen.      <\/p><p><b>Copyright<\/b><br>De door de sitebeheerders op deze pagina&#8217;s gecre\u00eberde inhoud en werken vallen onder het Duitse auteursrecht. Reproductie, bewerking, verspreiding en elke vorm van gebruik buiten de grenzen van het auteursrecht vereisen de schriftelijke toestemming van de betreffende auteur of maker. Downloads en kopie\u00ebn van deze site zijn alleen toegestaan voor priv\u00e9-, niet-commercieel gebruik. Voor zover de inhoud op deze site niet door de exploitant is gemaakt, worden de auteursrechten van derden gerespecteerd. Inhoud van derden wordt als zodanig aangeduid. Mocht u desondanks een inbreuk op het auteursrecht constateren, dan verzoeken wij u ons hiervan op de hoogte te stellen. Als wij kennis nemen van inbreuken, zullen wij dergelijke inhoud onmiddellijk verwijderen.      <\/p>\t\t\t\t\t\t\t\t<\/div>\n\t\t\t\t<\/div>\n\t\t\t\t\t<\/div>\n\t\t\t\t<\/div>\n\t\t\t\t<\/div>\n\t\t","protected":false},"excerpt":{"rendered":"<p>Beheerder van deze website: Lichtgitter GmbHSiemensstra\u00dfe 1DE-48703 Stadtlohn Gemachtigd om het bedrijf te vertegenwoordigen samen met een directeur of tekenbevoegde: Algemeen directeurDr Holger Artelt - Siemensstra\u00dfe 1, 48703 StadtlohnHeiko Abendroth - Siemensstra\u00dfe 1, 48703 StadtlohnAss. jur. Hermann Stengel - Siemensstra\u00dfe 1, 48703 Stadtlohn Bevoegde ondertekenaarsWilhelm Bernd Gietmann - Siemensstra\u00dfe 1, 48703 StadtlohnWerner Grotholt - Siemensstra\u00dfe [&hellip;]<\/p>\n","protected":false},"author":1,"featured_media":0,"parent":0,"menu_order":0,"comment_status":"closed","ping_status":"closed","template":"","meta":{"_acf_changed":false,"footnotes":""},"class_list":["post-20394","page","type-page","status-publish","hentry"],"acf":[],"yoast_head":"<!-- This site is optimized with the Yoast SEO plugin v27.2 - https:\/\/yoast.com\/product\/yoast-seo-wordpress\/ -->\n<title>Lichtgitter Groep - Colofon<\/title>\n<meta name=\"description\" content=\"Fabrikant en leverancier van roosters, geperforeerde roosters, GVK-Producten en wenteltrappen - kwaliteitsproducten sinds 1929 - Lichtgitter das Original\" \/>\n<meta name=\"robots\" content=\"noindex, follow, max-snippet:-1, max-image-preview:large, max-video-preview:-1\" \/>\n<meta property=\"og:locale\" content=\"nl_NL\" \/>\n<meta property=\"og:type\" content=\"article\" \/>\n<meta property=\"og:title\" content=\"Lichtgitter Groep - Colofon\" \/>\n<meta property=\"og:description\" content=\"Fabrikant en leverancier van roosters, geperforeerde roosters, GVK-Producten en wenteltrappen - kwaliteitsproducten sinds 1929 - Lichtgitter das Original\" \/>\n<meta property=\"og:url\" content=\"https:\/\/www2.lichtgitter.com\/nl\/afdruk\/\" \/>\n<meta property=\"og:site_name\" content=\"Lichtgitter Gruppe\" \/>\n<meta property=\"article:modified_time\" content=\"2026-02-04T11:54:40+00:00\" \/>\n<meta name=\"twitter:card\" content=\"summary_large_image\" \/>\n<meta name=\"twitter:label1\" content=\"Geschatte leestijd\" \/>\n\t<meta name=\"twitter:data1\" content=\"3 minuut\" \/>\n<script type=\"application\/ld+json\" class=\"yoast-schema-graph\">{\"@context\":\"https:\/\/schema.org\",\"@graph\":[{\"@type\":\"WebPage\",\"@id\":\"https:\/\/www2.lichtgitter.com\/nl\/afdruk\/\",\"url\":\"https:\/\/www2.lichtgitter.com\/nl\/afdruk\/\",\"name\":\"Lichtgitter Groep - Colofon\",\"isPartOf\":{\"@id\":\"https:\/\/www2.lichtgitter.com\/nl\/#website\"},\"datePublished\":\"2025-12-02T10:00:39+00:00\",\"dateModified\":\"2026-02-04T11:54:40+00:00\",\"description\":\"Fabrikant en leverancier van roosters, geperforeerde roosters, GVK-Producten en wenteltrappen - kwaliteitsproducten sinds 1929 - Lichtgitter das Original\",\"breadcrumb\":{\"@id\":\"https:\/\/www2.lichtgitter.com\/nl\/afdruk\/#breadcrumb\"},\"inLanguage\":\"nl-NL\",\"potentialAction\":[{\"@type\":\"ReadAction\",\"target\":[\"https:\/\/www2.lichtgitter.com\/nl\/afdruk\/\"]}]},{\"@type\":\"BreadcrumbList\",\"@id\":\"https:\/\/www2.lichtgitter.com\/nl\/afdruk\/#breadcrumb\",\"itemListElement\":[{\"@type\":\"ListItem\",\"position\":1,\"name\":\"Home\",\"item\":\"https:\/\/www2.lichtgitter.com\/nl\/startpagina\/\"},{\"@type\":\"ListItem\",\"position\":2,\"name\":\"Afdruk\"}]},{\"@type\":\"WebSite\",\"@id\":\"https:\/\/www2.lichtgitter.com\/nl\/#website\",\"url\":\"https:\/\/www2.lichtgitter.com\/nl\/\",\"name\":\"Lichtgitter Gruppe\",\"description\":\"Alles rund um Gitterroste bei lichtgitter.com\",\"publisher\":{\"@id\":\"https:\/\/www2.lichtgitter.com\/nl\/#organization\"},\"potentialAction\":[{\"@type\":\"SearchAction\",\"target\":{\"@type\":\"EntryPoint\",\"urlTemplate\":\"https:\/\/www2.lichtgitter.com\/nl\/?s={search_term_string}\"},\"query-input\":{\"@type\":\"PropertyValueSpecification\",\"valueRequired\":true,\"valueName\":\"search_term_string\"}}],\"inLanguage\":\"nl-NL\"},{\"@type\":\"Organization\",\"@id\":\"https:\/\/www2.lichtgitter.com\/nl\/#organization\",\"name\":\"Lichtgitter Groep\",\"url\":\"https:\/\/www2.lichtgitter.com\/nl\/\",\"logo\":{\"@type\":\"ImageObject\",\"inLanguage\":\"nl-NL\",\"@id\":\"https:\/\/www2.lichtgitter.com\/nl\/#\/schema\/logo\/image\/\",\"url\":\"https:\/\/www2.lichtgitter.com\/wp-content\/uploads\/2024\/02\/logo-rgb.png\",\"contentUrl\":\"https:\/\/www2.lichtgitter.com\/wp-content\/uploads\/2024\/02\/logo-rgb.png\",\"width\":1920,\"height\":297,\"caption\":\"Lichtgitter Groep\"},\"image\":{\"@id\":\"https:\/\/www2.lichtgitter.com\/nl\/#\/schema\/logo\/image\/\"}}]}<\/script>\n<!-- \/ Yoast SEO plugin. -->","yoast_head_json":{"title":"Lichtgitter Groep - Colofon","description":"Fabrikant en leverancier van roosters, geperforeerde roosters, GVK-Producten en wenteltrappen - kwaliteitsproducten sinds 1929 - Lichtgitter das Original","robots":{"index":"noindex","follow":"follow","max-snippet":"max-snippet:-1","max-image-preview":"max-image-preview:large","max-video-preview":"max-video-preview:-1"},"og_locale":"nl_NL","og_type":"article","og_title":"Lichtgitter Groep - Colofon","og_description":"Fabrikant en leverancier van roosters, geperforeerde roosters, GVK-Producten en wenteltrappen - kwaliteitsproducten sinds 1929 - Lichtgitter das Original","og_url":"https:\/\/www2.lichtgitter.com\/nl\/afdruk\/","og_site_name":"Lichtgitter Gruppe","article_modified_time":"2026-02-04T11:54:40+00:00","twitter_card":"summary_large_image","twitter_misc":{"Geschatte leestijd":"3 minuut"},"schema":{"@context":"https:\/\/schema.org","@graph":[{"@type":"WebPage","@id":"https:\/\/www2.lichtgitter.com\/nl\/afdruk\/","url":"https:\/\/www2.lichtgitter.com\/nl\/afdruk\/","name":"Lichtgitter Groep - Colofon","isPartOf":{"@id":"https:\/\/www2.lichtgitter.com\/nl\/#website"},"datePublished":"2025-12-02T10:00:39+00:00","dateModified":"2026-02-04T11:54:40+00:00","description":"Fabrikant en leverancier van roosters, geperforeerde roosters, GVK-Producten en wenteltrappen - kwaliteitsproducten sinds 1929 - Lichtgitter das Original","breadcrumb":{"@id":"https:\/\/www2.lichtgitter.com\/nl\/afdruk\/#breadcrumb"},"inLanguage":"nl-NL","potentialAction":[{"@type":"ReadAction","target":["https:\/\/www2.lichtgitter.com\/nl\/afdruk\/"]}]},{"@type":"BreadcrumbList","@id":"https:\/\/www2.lichtgitter.com\/nl\/afdruk\/#breadcrumb","itemListElement":[{"@type":"ListItem","position":1,"name":"Home","item":"https:\/\/www2.lichtgitter.com\/nl\/startpagina\/"},{"@type":"ListItem","position":2,"name":"Afdruk"}]},{"@type":"WebSite","@id":"https:\/\/www2.lichtgitter.com\/nl\/#website","url":"https:\/\/www2.lichtgitter.com\/nl\/","name":"Lichtgitter Gruppe","description":"Alles rund um Gitterroste bei lichtgitter.com","publisher":{"@id":"https:\/\/www2.lichtgitter.com\/nl\/#organization"},"potentialAction":[{"@type":"SearchAction","target":{"@type":"EntryPoint","urlTemplate":"https:\/\/www2.lichtgitter.com\/nl\/?s={search_term_string}"},"query-input":{"@type":"PropertyValueSpecification","valueRequired":true,"valueName":"search_term_string"}}],"inLanguage":"nl-NL"},{"@type":"Organization","@id":"https:\/\/www2.lichtgitter.com\/nl\/#organization","name":"Lichtgitter Groep","url":"https:\/\/www2.lichtgitter.com\/nl\/","logo":{"@type":"ImageObject","inLanguage":"nl-NL","@id":"https:\/\/www2.lichtgitter.com\/nl\/#\/schema\/logo\/image\/","url":"https:\/\/www2.lichtgitter.com\/wp-content\/uploads\/2024\/02\/logo-rgb.png","contentUrl":"https:\/\/www2.lichtgitter.com\/wp-content\/uploads\/2024\/02\/logo-rgb.png","width":1920,"height":297,"caption":"Lichtgitter Groep"},"image":{"@id":"https:\/\/www2.lichtgitter.com\/nl\/#\/schema\/logo\/image\/"}}]}},"_links":{"self":[{"href":"https:\/\/www2.lichtgitter.com\/nl\/wp-json\/wp\/v2\/pages\/20394","targetHints":{"allow":["GET"]}}],"collection":[{"href":"https:\/\/www2.lichtgitter.com\/nl\/wp-json\/wp\/v2\/pages"}],"about":[{"href":"https:\/\/www2.lichtgitter.com\/nl\/wp-json\/wp\/v2\/types\/page"}],"author":[{"embeddable":true,"href":"https:\/\/www2.lichtgitter.com\/nl\/wp-json\/wp\/v2\/users\/1"}],"replies":[{"embeddable":true,"href":"https:\/\/www2.lichtgitter.com\/nl\/wp-json\/wp\/v2\/comments?post=20394"}],"version-history":[{"count":2,"href":"https:\/\/www2.lichtgitter.com\/nl\/wp-json\/wp\/v2\/pages\/20394\/revisions"}],"predecessor-version":[{"id":30877,"href":"https:\/\/www2.lichtgitter.com\/nl\/wp-json\/wp\/v2\/pages\/20394\/revisions\/30877"}],"wp:attachment":[{"href":"https:\/\/www2.lichtgitter.com\/nl\/wp-json\/wp\/v2\/media?parent=20394"}],"curies":[{"name":"wp","href":"https:\/\/api.w.org\/{rel}","templated":true}]}}